{"id":769657,"date":"2025-08-28T14:02:45","date_gmt":"2025-08-28T11:02:45","guid":{"rendered":"https:\/\/roveyayinevi.com.tr\/index.php\/urun\/yorumcu\/"},"modified":"2026-04-15T03:35:47","modified_gmt":"2026-04-15T00:35:47","slug":"yorumcu","status":"publish","type":"product","link":"https:\/\/roveyayinevi.com.tr\/index.php\/urun\/yorumcu\/","title":{"rendered":"Yorumcu"},"content":{"rendered":"<p>T\u00fcrkiye\u2019nin en kariyerli, en \u00e7ok konu\u015fulan futbol yorumcusu, o. Galatasaray\u2019\u0131n UEFA Kupas\u0131 ve S\u00fcper Kupa \u015fampiyonlu\u011fu; Milli Tak\u0131m\u2019\u0131n D\u00fcnya Kupas\u0131 \u00fc\u00e7\u00fcnc\u00fcl\u00fc\u011f\u00fc ve Avrupa \u015eampiyonas\u0131\u2019nda yar\u0131 finale y\u00fckselmesi gibi T\u00fcrk futbol tarihinin en b\u00fcy\u00fck zaferlerinde mikrofonda o vard\u0131. Y\u0131llar boyunca yorumculuk yapt\u0131\u011f\u0131 Avrupa \u015eampiyonas\u0131 ve D\u00fcnya \u015eampiyonas\u0131 ile \u00f6zde\u015fle\u015fen, bug\u00fcn de kul\u00fcpler baz\u0131nda en b\u00fcy\u00fck futbol organizasyonu olan \u015eampiyonlar Ligi\u2019ni yorumlayan \u00d6mer \u00dcr\u00fcnd\u00fcl; sadece yorumculu\u011fu de\u011fil kendine has kavramlar\u0131 ve analizleri ile g\u00f6r\u00fclmeyeni g\u00f6steren bir futbol yazar\u0131. T\u00fcrk futbolunun de\u011fi\u015fimini, d\u00f6n\u00fc\u015f\u00fcm\u00fcn\u00fc herkesten \u00f6nce okuyan ve yazan; d\u00fcnya \u00fczerinde \u00e7\u0131plak g\u00f6zle en fazla ma\u00e7 izlemi\u015f birka\u00e7 insandan biri olan bu futbol seyyah\u0131n\u0131n hayat \u00f6yk\u00fcs\u00fc, okurlar\u0131na ve hayranlar\u0131na da b\u00fcy\u00fck ilham verecek.  <\/p>\n","protected":false},"excerpt":{"rendered":"<p>T\u00fcrkiye\u2019nin en kariyerli, en \u00e7ok konu\u015fulan futbol yorumcusu, o. Galatasaray\u2019\u0131n UEFA Kupas\u0131 ve S\u00fcper Kupa \u015fampiyonlu\u011fu; Milli Tak\u0131m\u2019\u0131n D\u00fcnya Kupas\u0131 \u00fc\u00e7\u00fcnc\u00fcl\u00fc\u011f\u00fc ve Avrupa \u015eampiyonas\u0131\u2019nda yar\u0131 finale<span class=\"excerpt-hellip\"> [\u2026]<\/span><\/p>\n","protected":false},"featured_media":0,"template":"","meta":{"_monsterinsights_skip_tracking":false,"_monsterinsights_sitenote_active":false,"_monsterinsights_sitenote_note":"","_monsterinsights_sitenote_category":0},"product_brand":[],"product_cat":[14009,12291],"product_tag":[],"class_list":{"0":"post-769657","1":"product","2":"type-product","3":"status-publish","5":"product_cat-biyografi-otobiyografi-edebiyat","6":"product_cat-edebiyat","7":"pa_cilt-ciltsiz","8":"pa_tur-kitap","9":"pa_yayinevi-net-cocuk-yayinlari","10":"pa_yazar-fatih-vural","12":"first","13":"instock","14":"sale","15":"shipping-taxable","16":"purchasable","17":"product-type-simple"},"_links":{"self":[{"href":"https:\/\/roveyayinevi.com.tr\/index.php\/wp-json\/wp\/v2\/product\/769657","targetHints":{"allow":["GET"]}}],"collection":[{"href":"https:\/\/roveyayinevi.com.tr\/index.php\/wp-json\/wp\/v2\/product"}],"about":[{"href":"https:\/\/roveyayinevi.com.tr\/index.php\/wp-json\/wp\/v2\/types\/product"}],"wp:attachment":[{"href":"https:\/\/roveyayinevi.com.tr\/index.php\/wp-json\/wp\/v2\/media?parent=769657"}],"wp:term":[{"taxonomy":"product_brand","embeddable":true,"href":"https:\/\/roveyayinevi.com.tr\/index.php\/wp-json\/wp\/v2\/product_brand?post=769657"},{"taxonomy":"product_cat","embeddable":true,"href":"https:\/\/roveyayinevi.com.tr\/index.php\/wp-json\/wp\/v2\/product_cat?post=769657"},{"taxonomy":"product_tag","embeddable":true,"href":"https:\/\/roveyayinevi.com.tr\/index.php\/wp-json\/wp\/v2\/product_tag?post=769657"}],"curies":[{"name":"wp","href":"https:\/\/api.w.org\/{rel}","templated":true}]}}