{"id":769653,"date":"2025-08-28T14:02:37","date_gmt":"2025-08-28T11:02:37","guid":{"rendered":"https:\/\/roveyayinevi.com.tr\/index.php\/urun\/bir-kitap-okudum-hayatim-degisti\/"},"modified":"2026-01-22T03:49:03","modified_gmt":"2026-01-22T00:49:03","slug":"bir-kitap-okudum-hayatim-degisti","status":"publish","type":"product","link":"https:\/\/roveyayinevi.com.tr\/index.php\/urun\/bir-kitap-okudum-hayatim-degisti\/","title":{"rendered":"Bir Kitap Okudum Hayat\u0131m De\u011fi\u015fti"},"content":{"rendered":"<p>\u201cBiz \u00f6mr\u00fcm\u00fcz\u00fc ekranlar\u0131n kar\u015f\u0131s\u0131nda ge\u00e7irdik ancak sorular hep kitaplardan \u00e7\u0131kt\u0131.\u201d Bu Kitaplar\u0131n Sahibi Olan \u00dcnl\u00fc \u0130simlerin Hik\u00e2yelerini Bu Kitapta Bulacaks\u0131n\u0131z! B\u0130R K\u0130TAP OKUDUM HAYATIM DE\u011e\u0130\u015eT\u0130 \u00d6nce okumay\u0131 bir tutku haline getirdiler, sonra da d\u00fcnya tarihine y\u00f6n verdiler: Elon Musk, \u0130mam Gazzali, Z\u00fclf\u00fc Livaneli, Yavuz B\u00fclent Bakiler, Fatih Sultan Mehmed, Robert B. Downs, Ali Emiri Efendi, Fuat Sezgin, Harry Elkins Widener, Jules Payot, Richard Heber, Carrie Blumberg, Cemil Meri\u00e7, Halil \u0130nalc\u0131k, Vincent Van Gogh, B\u00fcy\u00fck \u0130skender, Erol G\u00fcng\u00f6r, Muallim Naci, Bill Gates, Horst Blanc, Said Halim Pa\u015fa, O\u011fuz Atay, Ali Saib Sencer, \u0130lber Ortayl\u0131\u2026 Gibi \u00fcnl\u00fc \u015fahsiyetlerin kitaplar\u0131, k\u00fct\u00fcphaneleri ve okuma d\u00fcnyalar\u0131na k\u0131sa bir yolculuk. \u201cPek \u00e7ok de\u011fersiz kitap okudum ama onlar\u0131n bile yarar\u0131 oldu bana\u2026 \u0130nsan, ya\u015fam\u0131n g\u00fcne\u015fli y\u00f6nlerini oldu\u011fu kadar \u00e7irkin y\u00f6nlerini de bilmelidir. \u0130nsan, olabildi\u011fince \u00e7ok bilgi edinmelidir. \u0130nsan\u0131n deneyimleri ne denli \u00e7e\u015fitli olursa g\u00f6r\u00fc\u015f alan\u0131 da o denli b\u00fcy\u00fck, yap\u0131s\u0131 o denli sa\u011flam olur.\u201d Maksim Gorki \u201cHemen b\u00fct\u00fcn muvaffakiyetsizliklerimizin ve b\u00fct\u00fcn felaketlerimizin sebebi bir tanedir: \u0130rademizin zay\u0131fl\u0131\u011f\u0131, cehde bilhassa devaml\u0131 bir cehde kar\u015f\u0131 \u015fiddetli bir nefret duymak.\u201d Jules Payot \u00d6nce \u00f6n\u00fcm\u00fcze koyulan kitap metinlerini okuyor, anlamaya \u00e7al\u0131\u015f\u0131yor, sonra da sorular\u0131 bu metinlere g\u00f6re cevaplayarak s\u0131navlarda ba\u015far\u0131l\u0131 ya da ba\u015far\u0131s\u0131z oluyoruz. Ya da \u00e7ok tekrar ve pratik gerektiren bir matematik i\u015flemini \u00e7\u00f6zerek kazand\u0131\u011f\u0131m\u0131z puanlara puan katarak lise ya da \u00fcniversite tercihleri yap\u0131yoruz. Ne gariptir ki t\u00fcm bu ger\u00e7ekler ortadayken hayat\u0131m\u0131z\u0131n zihinsel a\u00e7\u0131dan en verimli d\u00f6nemlerini b\u00fcy\u00fck paralar d\u00f6kerek ald\u0131\u011f\u0131m\u0131z bir cep telefonu ya da bilgisayar ekranlar\u0131n\u0131n kar\u015f\u0131s\u0131nda ge\u00e7iriyor, zihin tarlalar\u0131m\u0131z\u0131 binlerce gereksiz bilgiyle dolduruyoruz. Sanal bir a\u011f i\u00e7inde hayat\u0131m\u0131z\u0131n t\u00fcm ihtiya\u00e7lar\u0131 kar\u015f\u0131layarak mutlu olmaya \u00e7al\u0131\u015f\u0131yoruz. Bu da yetmezmi\u015f gibi binlerce lira \u00f6deyerek ald\u0131\u011f\u0131m\u0131z bu cihazlar\u0131 a\u015f\u0131r\u0131 kullan\u0131mdan dolay\u0131 iki y\u0131lda bir yenilemek zorunda kal\u0131yoruz. Bu arada akademik kariyerimizi belirleyecek, bize kaliteli bir lise ya da \u00fcniversite kazand\u0131racak kitaplar\u0131 ise \u015fahsi k\u00fct\u00fcphanelerimizin raflar\u0131nda \u00e2deta \u00e7\u00fcr\u00fcmeye terk ediyoruz. Oysa ya\u015fam\u0131m\u0131z boyunca girece\u011fimiz t\u00fcm s\u0131navlar (Okul s\u0131navlar\u0131, LGS, TYT, AYT, KPSS, KPDS, vb.) dijital ekranlardan de\u011fil sayfalar\u0131 hareketsiz kitaplardan \u00e7\u0131k\u0131yor. <\/p>\n","protected":false},"excerpt":{"rendered":"<p>\u201cBiz \u00f6mr\u00fcm\u00fcz\u00fc ekranlar\u0131n kar\u015f\u0131s\u0131nda ge\u00e7irdik ancak sorular hep kitaplardan \u00e7\u0131kt\u0131.\u201d Bu Kitaplar\u0131n Sahibi Olan \u00dcnl\u00fc \u0130simlerin Hik\u00e2yelerini Bu Kitapta Bulacaks\u0131n\u0131z! B\u0130R K\u0130TAP OKUDUM HAYATIM DE\u011e\u0130\u015eT\u0130 \u00d6nce<span class=\"excerpt-hellip\"> [\u2026]<\/span><\/p>\n","protected":false},"featured_media":0,"template":"","meta":{"_monsterinsights_skip_tracking":false,"_monsterinsights_sitenote_active":false,"_monsterinsights_sitenote_note":"","_monsterinsights_sitenote_category":0},"product_brand":[],"product_cat":[12777,12291],"product_tag":[],"class_list":{"0":"post-769653","1":"product","2":"type-product","3":"status-publish","5":"product_cat-deneme","6":"product_cat-edebiyat","7":"pa_cilt-ciltsiz","8":"pa_tur-kitap","9":"pa_yayinevi-gulnar-yayinlari","10":"pa_yazar-lutfi-bulut","12":"first","13":"instock","14":"sale","15":"shipping-taxable","16":"purchasable","17":"product-type-simple"},"_links":{"self":[{"href":"https:\/\/roveyayinevi.com.tr\/index.php\/wp-json\/wp\/v2\/product\/769653","targetHints":{"allow":["GET"]}}],"collection":[{"href":"https:\/\/roveyayinevi.com.tr\/index.php\/wp-json\/wp\/v2\/product"}],"about":[{"href":"https:\/\/roveyayinevi.com.tr\/index.php\/wp-json\/wp\/v2\/types\/product"}],"wp:attachment":[{"href":"https:\/\/roveyayinevi.com.tr\/index.php\/wp-json\/wp\/v2\/media?parent=769653"}],"wp:term":[{"taxonomy":"product_brand","embeddable":true,"href":"https:\/\/roveyayinevi.com.tr\/index.php\/wp-json\/wp\/v2\/product_brand?post=769653"},{"taxonomy":"product_cat","embeddable":true,"href":"https:\/\/roveyayinevi.com.tr\/index.php\/wp-json\/wp\/v2\/product_cat?post=769653"},{"taxonomy":"product_tag","embeddable":true,"href":"https:\/\/roveyayinevi.com.tr\/index.php\/wp-json\/wp\/v2\/product_tag?post=769653"}],"curies":[{"name":"wp","href":"https:\/\/api.w.org\/{rel}","templated":true}]}}