{"id":769652,"date":"2025-08-28T14:02:35","date_gmt":"2025-08-28T11:02:35","guid":{"rendered":"https:\/\/roveyayinevi.com.tr\/index.php\/urun\/gonlumden-tasanlar\/"},"modified":"2026-04-15T03:35:47","modified_gmt":"2026-04-15T00:35:47","slug":"gonlumden-tasanlar","status":"publish","type":"product","link":"https:\/\/roveyayinevi.com.tr\/index.php\/urun\/gonlumden-tasanlar\/","title":{"rendered":"G\u00f6nl\u00fcmden Ta\u015fanlar"},"content":{"rendered":"<p>\u201c\u0130stanbul bir d\u00fcnyad\u0131r, 360 penceresi vard\u0131r. Herkes kendine ait pencereden bakar.\u201d \u201c\u015eiir. \u00c7ak\u0131l y\u0131\u011f\u0131nlar\u0131 i\u00e7inden incileri bulup, g\u00fcm\u00fc\u015ften iplere dizebilmektir.\u201d \u201cKafda\u011f\u0131 ile konu\u015faca\u011f\u0131m diye aya\u011f\u0131 yerden kesilenler, yer ile yeksan olurlar.\u201d Nurettin Karasu <\/p>\n","protected":false},"excerpt":{"rendered":"<p>\u201c\u0130stanbul bir d\u00fcnyad\u0131r, 360 penceresi vard\u0131r. Herkes kendine ait pencereden bakar.\u201d \u201c\u015eiir. \u00c7ak\u0131l y\u0131\u011f\u0131nlar\u0131 i\u00e7inden incileri bulup, g\u00fcm\u00fc\u015ften iplere dizebilmektir.\u201d \u201cKafda\u011f\u0131 ile konu\u015faca\u011f\u0131m diye aya\u011f\u0131 yerden<span class=\"excerpt-hellip\"> [\u2026]<\/span><\/p>\n","protected":false},"featured_media":0,"template":"","meta":{"_monsterinsights_skip_tracking":false,"_monsterinsights_sitenote_active":false,"_monsterinsights_sitenote_note":"","_monsterinsights_sitenote_category":0},"product_brand":[],"product_cat":[12291,12509],"product_tag":[],"class_list":{"0":"post-769652","1":"product","2":"type-product","3":"status-publish","5":"product_cat-edebiyat","6":"product_cat-siir","7":"pa_cilt-ciltsiz","8":"pa_tur-kitap","9":"pa_yayinevi-zet-yayinlari","10":"pa_yazar-nurettin-karasu","12":"first","13":"instock","14":"sale","15":"shipping-taxable","16":"purchasable","17":"product-type-simple"},"_links":{"self":[{"href":"https:\/\/roveyayinevi.com.tr\/index.php\/wp-json\/wp\/v2\/product\/769652","targetHints":{"allow":["GET"]}}],"collection":[{"href":"https:\/\/roveyayinevi.com.tr\/index.php\/wp-json\/wp\/v2\/product"}],"about":[{"href":"https:\/\/roveyayinevi.com.tr\/index.php\/wp-json\/wp\/v2\/types\/product"}],"wp:attachment":[{"href":"https:\/\/roveyayinevi.com.tr\/index.php\/wp-json\/wp\/v2\/media?parent=769652"}],"wp:term":[{"taxonomy":"product_brand","embeddable":true,"href":"https:\/\/roveyayinevi.com.tr\/index.php\/wp-json\/wp\/v2\/product_brand?post=769652"},{"taxonomy":"product_cat","embeddable":true,"href":"https:\/\/roveyayinevi.com.tr\/index.php\/wp-json\/wp\/v2\/product_cat?post=769652"},{"taxonomy":"product_tag","embeddable":true,"href":"https:\/\/roveyayinevi.com.tr\/index.php\/wp-json\/wp\/v2\/product_tag?post=769652"}],"curies":[{"name":"wp","href":"https:\/\/api.w.org\/{rel}","templated":true}]}}