{"id":769651,"date":"2025-08-28T14:02:33","date_gmt":"2025-08-28T11:02:33","guid":{"rendered":"https:\/\/roveyayinevi.com.tr\/index.php\/urun\/iz-4\/"},"modified":"2026-04-15T03:35:47","modified_gmt":"2026-04-15T00:35:47","slug":"iz-4","status":"publish","type":"product","link":"https:\/\/roveyayinevi.com.tr\/index.php\/urun\/iz-4\/","title":{"rendered":"\u0130z"},"content":{"rendered":"<p>(&#8230;) \u0130lham perim daha gelmedi baz\u0131 geceler camdan bana g\u00f6z k\u0131rp\u0131p tekrar u\u00e7arak gitti\u011fine \u015fahit oluyorum. Hay\u0131rd\u0131r aram\u0131zda bir k\u00fcsl\u00fck m\u00fc var? Yoksa seni de mi bar\u0131nd\u0131ramad\u0131m hayat\u0131mda? Sen de mi eridin benim hain ve bo\u015f bak\u0131\u015flar\u0131mdan. Dile d\u00f6ksene t\u00fckenmi\u015fliklerini konu\u015f hadi. G\u00f6zya\u015f\u0131 d\u00f6kmek gerek illa ki konu\u015fabilmek i\u00e7in, insan ayr\u0131l\u0131\u015flar\u0131yla \u015fehri terk edi\u015fleriyle de anlatamaz m\u0131? <\/p>\n","protected":false},"excerpt":{"rendered":"<p>(&#8230;) \u0130lham perim daha gelmedi baz\u0131 geceler camdan bana g\u00f6z k\u0131rp\u0131p tekrar u\u00e7arak gitti\u011fine \u015fahit oluyorum. Hay\u0131rd\u0131r aram\u0131zda bir k\u00fcsl\u00fck m\u00fc var? Yoksa seni de mi<span class=\"excerpt-hellip\"> [\u2026]<\/span><\/p>\n","protected":false},"featured_media":0,"template":"","meta":{"_monsterinsights_skip_tracking":false,"_monsterinsights_sitenote_active":false,"_monsterinsights_sitenote_note":"","_monsterinsights_sitenote_category":0},"product_brand":[],"product_cat":[12291,12509],"product_tag":[],"class_list":{"0":"post-769651","1":"product","2":"type-product","3":"status-publish","5":"product_cat-edebiyat","6":"product_cat-siir","7":"pa_cilt-ciltsiz","8":"pa_tur-kitap","9":"pa_yayinevi-zet-yayinlari","10":"pa_yazar-aycan-savrum","12":"first","13":"instock","14":"sale","15":"shipping-taxable","16":"purchasable","17":"product-type-simple"},"_links":{"self":[{"href":"https:\/\/roveyayinevi.com.tr\/index.php\/wp-json\/wp\/v2\/product\/769651","targetHints":{"allow":["GET"]}}],"collection":[{"href":"https:\/\/roveyayinevi.com.tr\/index.php\/wp-json\/wp\/v2\/product"}],"about":[{"href":"https:\/\/roveyayinevi.com.tr\/index.php\/wp-json\/wp\/v2\/types\/product"}],"wp:attachment":[{"href":"https:\/\/roveyayinevi.com.tr\/index.php\/wp-json\/wp\/v2\/media?parent=769651"}],"wp:term":[{"taxonomy":"product_brand","embeddable":true,"href":"https:\/\/roveyayinevi.com.tr\/index.php\/wp-json\/wp\/v2\/product_brand?post=769651"},{"taxonomy":"product_cat","embeddable":true,"href":"https:\/\/roveyayinevi.com.tr\/index.php\/wp-json\/wp\/v2\/product_cat?post=769651"},{"taxonomy":"product_tag","embeddable":true,"href":"https:\/\/roveyayinevi.com.tr\/index.php\/wp-json\/wp\/v2\/product_tag?post=769651"}],"curies":[{"name":"wp","href":"https:\/\/api.w.org\/{rel}","templated":true}]}}