{"id":769650,"date":"2025-08-28T14:02:31","date_gmt":"2025-08-28T11:02:31","guid":{"rendered":"https:\/\/roveyayinevi.com.tr\/index.php\/urun\/ceviz-kabugu\/"},"modified":"2026-04-15T03:35:47","modified_gmt":"2026-04-15T00:35:47","slug":"ceviz-kabugu","status":"publish","type":"product","link":"https:\/\/roveyayinevi.com.tr\/index.php\/urun\/ceviz-kabugu\/","title":{"rendered":"Ceviz Kabu\u011fu"},"content":{"rendered":"<p>Annemin, biz alt\u0131 karde\u015fe k\u0131\u015f\u0131n soba ba\u015f\u0131nda okudu\u011fu Dede Korkut Masallar\u0131 veya Bostan ve G\u00fclistan\u2019dan hik\u00e2yeler ve evlerimizden hi\u00e7 eksik olmayan b\u00fcy\u00fcklerimizin b\u00fcy\u00fck bir co\u015fkuyla anlatt\u0131klar\u0131 destanlar, masallar biz \u00e7ocuklar\u0131n hayal d\u00fcnyas\u0131n\u0131 geli\u015ftirir, ki\u015fisel geli\u015fimine m\u00fcthi\u015f bir etkisi olurdu. \u0130stedim ki benim \u00e7ocuklar\u0131m da hik\u00e2yelerle, masallarla b\u00fcy\u00fcs\u00fcn, o hik\u00e2yedeki kahramanlarla kendilerini \u00f6zde\u015fle\u015ftirsinler ve \u00f6\u011f\u00fct alarak, dersler \u00e7\u0131kararak geni\u015f bir hayal g\u00fcc\u00fcyle b\u00fcy\u00fcs\u00fcnler. G\u00fcn\u00fcm\u00fczde maalesef kaybolmaya y\u00fcz tutmu\u015f dinleme k\u00fclt\u00fcr\u00fc \u00e7ok k\u0131ymetlidir ve bunu ancak biz anneler \u00e7ocuklar\u0131m\u0131z hen\u00fcz k\u00fc\u00e7\u00fckken bir nebze de olsa koruyabiliriz, fakat b\u00fcy\u00fcd\u00fcklerinde dinleme zorla\u015faca\u011f\u0131ndan farkl\u0131 sebeplerden \u00f6t\u00fcr\u00fc, bunun yerine en az\u0131ndan okuma k\u00fclt\u00fcr\u00fcn\u00fc yerle\u015ftirebiliriz. Bu kitab\u0131 ba\u015fta kendi \u00e7ocuklar\u0131ma bir vasiyet niteli\u011finde kaleme ald\u0131\u011f\u0131m do\u011frudur. Fakat y\u0131llar ge\u00e7tik\u00e7e bu vasiyetimi b\u00fct\u00fcn \u00e7ocuklarla, gen\u00e7lerle ve hik\u00e2ye okumay\u0131 seven t\u00fcm yeti\u015fkinlerle payla\u015fmak istedim ki, iyili\u011fin garip kald\u0131\u011f\u0131 g\u00fcn\u00fcm\u00fczde iyileri kahraman yapman\u0131n, ba\u015frole oturtman\u0131n da yine bizim elimizde oldu\u011funu d\u00fcnyaya g\u00f6sterelim. Umar\u0131m, empati yoksunlu\u011funun, sevgisizli\u011fin ve duyars\u0131zl\u0131\u011f\u0131n artt\u0131\u011f\u0131 d\u00fcnyam\u0131zda iyilerden olmaya g\u00f6n\u00fcll\u00fc y\u00fcreklere bu hikayeler bir nebze de olsa ilham olur. Hatice K\u00fc\u00e7\u00fck <\/p>\n","protected":false},"excerpt":{"rendered":"<p>Annemin, biz alt\u0131 karde\u015fe k\u0131\u015f\u0131n soba ba\u015f\u0131nda okudu\u011fu Dede Korkut Masallar\u0131 veya Bostan ve G\u00fclistan\u2019dan hik\u00e2yeler ve evlerimizden hi\u00e7 eksik olmayan b\u00fcy\u00fcklerimizin b\u00fcy\u00fck bir co\u015fkuyla anlatt\u0131klar\u0131<span class=\"excerpt-hellip\"> [\u2026]<\/span><\/p>\n","protected":false},"featured_media":0,"template":"","meta":{"_monsterinsights_skip_tracking":false,"_monsterinsights_sitenote_active":false,"_monsterinsights_sitenote_note":"","_monsterinsights_sitenote_category":0},"product_brand":[],"product_cat":[12291,18202],"product_tag":[],"class_list":{"0":"post-769650","1":"product","2":"type-product","3":"status-publish","5":"product_cat-edebiyat","6":"product_cat-hikaye","7":"pa_cilt-ciltsiz","8":"pa_tur-kitap","9":"pa_yayinevi-zet-yayinlari","10":"pa_yazar-hatice-kucuk","12":"first","13":"instock","14":"sale","15":"shipping-taxable","16":"purchasable","17":"product-type-simple"},"_links":{"self":[{"href":"https:\/\/roveyayinevi.com.tr\/index.php\/wp-json\/wp\/v2\/product\/769650","targetHints":{"allow":["GET"]}}],"collection":[{"href":"https:\/\/roveyayinevi.com.tr\/index.php\/wp-json\/wp\/v2\/product"}],"about":[{"href":"https:\/\/roveyayinevi.com.tr\/index.php\/wp-json\/wp\/v2\/types\/product"}],"wp:attachment":[{"href":"https:\/\/roveyayinevi.com.tr\/index.php\/wp-json\/wp\/v2\/media?parent=769650"}],"wp:term":[{"taxonomy":"product_brand","embeddable":true,"href":"https:\/\/roveyayinevi.com.tr\/index.php\/wp-json\/wp\/v2\/product_brand?post=769650"},{"taxonomy":"product_cat","embeddable":true,"href":"https:\/\/roveyayinevi.com.tr\/index.php\/wp-json\/wp\/v2\/product_cat?post=769650"},{"taxonomy":"product_tag","embeddable":true,"href":"https:\/\/roveyayinevi.com.tr\/index.php\/wp-json\/wp\/v2\/product_tag?post=769650"}],"curies":[{"name":"wp","href":"https:\/\/api.w.org\/{rel}","templated":true}]}}