{"id":769647,"date":"2025-08-28T14:02:25","date_gmt":"2025-08-28T11:02:25","guid":{"rendered":"https:\/\/roveyayinevi.com.tr\/index.php\/urun\/sen-kucuk-musun\/"},"modified":"2026-04-15T03:35:47","modified_gmt":"2026-04-15T00:35:47","slug":"sen-kucuk-musun","status":"publish","type":"product","link":"https:\/\/roveyayinevi.com.tr\/index.php\/urun\/sen-kucuk-musun\/","title":{"rendered":"Sen K\u00fc\u00e7\u00fck M\u00fcs\u00fcn?"},"content":{"rendered":"<p>SEN k\u00fc\u00e7\u00fck m\u00fcs\u00fcn? Ama bir hamster daha k\u00fc\u00e7\u00fck. Ama bir s\u00fct di\u015fi daha k\u00fc\u00e7\u00fck. Ama bir kurabiye k\u0131r\u0131nt\u0131s\u0131 daha k\u00fc\u00e7\u00fck. Peki SEN k\u00fc\u00e7\u00fck m\u00fcs\u00fcn?   Mo Willems hayat\u0131n en temel sorular\u0131ndan birinin pe\u015finde, gen\u00e7 okurlar\u0131 evrendeki en k\u00fc\u00e7\u00fck \u015feyleri mercek alt\u0131na ald\u0131\u011f\u0131 bir maceraya \u00e7\u0131kar\u0131yor.   Mo Willems, G\u00fcvercin Otob\u00fcs\u00fc Kullanmas\u0131n!, G\u00fcvercin Ge\u00e7 Yatmas\u0131n!, G\u00fcvercin Bu Etkinlik Kitab\u0131n\u0131 Bitirmesin! gibi kitaplar yazd\u0131 ve pek \u00e7ok \u00f6d\u00fcl kazand\u0131. Bu kitab\u0131n boyu Mo Willems\u2019ten yakla\u015f\u0131k sekiz kat daha k\u0131sa. SEN k\u00fc\u00e7\u00fck m\u00fcs\u00fcn? Ama bir hamster daha k\u00fc\u00e7\u00fck. Ama bir s\u00fct di\u015fi daha k\u00fc\u00e7\u00fck. Ama bir kurabiye k\u0131r\u0131nt\u0131s\u0131 daha k\u00fc\u00e7\u00fck. Peki SEN k\u00fc\u00e7\u00fck m\u00fcs\u00fcn?   Mo Willems hayat\u0131n en temel sorular\u0131ndan birinin pe\u015finde, gen\u00e7 okurlar\u0131 evrendeki en k\u00fc\u00e7\u00fck \u015feyleri mercek alt\u0131na ald\u0131\u011f\u0131 bir maceraya \u00e7\u0131kar\u0131yor.   Mo Willems, G\u00fcvercin Otob\u00fcs\u00fc Kullanmas\u0131n!, G\u00fcvercin Ge\u00e7 Yatmas\u0131n!, G\u00fcvercin Bu Etkinlik Kitab\u0131n\u0131 Bitirmesin! gibi kitaplar yazd\u0131 ve pek \u00e7ok \u00f6d\u00fcl kazand\u0131. Bu kitab\u0131n boyu Mo Willems\u2019ten yakla\u015f\u0131k sekiz kat daha k\u0131sa. <\/p>\n","protected":false},"excerpt":{"rendered":"<p>SEN k\u00fc\u00e7\u00fck m\u00fcs\u00fcn? Ama bir hamster daha k\u00fc\u00e7\u00fck. Ama bir s\u00fct di\u015fi daha k\u00fc\u00e7\u00fck. Ama bir kurabiye k\u0131r\u0131nt\u0131s\u0131 daha k\u00fc\u00e7\u00fck. Peki SEN k\u00fc\u00e7\u00fck m\u00fcs\u00fcn? Mo Willems<span class=\"excerpt-hellip\"> [\u2026]<\/span><\/p>\n","protected":false},"featured_media":0,"template":"","meta":{"_monsterinsights_skip_tracking":false,"_monsterinsights_sitenote_active":false,"_monsterinsights_sitenote_note":"","_monsterinsights_sitenote_category":0},"product_brand":[],"product_cat":[12274,12518],"product_tag":[],"class_list":{"0":"post-769647","1":"product","2":"type-product","3":"status-publish","5":"product_cat-cocuk-ve-genclik-kitaplari","6":"product_cat-okul-oncesi-kitaplar","7":"pa_cilt-ciltsiz","8":"pa_tur-kitap","9":"pa_yayinevi-ucan-fil-yayinlari","10":"pa_yazar-mo-willems","12":"first","13":"instock","14":"sale","15":"shipping-taxable","16":"purchasable","17":"product-type-simple"},"_links":{"self":[{"href":"https:\/\/roveyayinevi.com.tr\/index.php\/wp-json\/wp\/v2\/product\/769647","targetHints":{"allow":["GET"]}}],"collection":[{"href":"https:\/\/roveyayinevi.com.tr\/index.php\/wp-json\/wp\/v2\/product"}],"about":[{"href":"https:\/\/roveyayinevi.com.tr\/index.php\/wp-json\/wp\/v2\/types\/product"}],"wp:attachment":[{"href":"https:\/\/roveyayinevi.com.tr\/index.php\/wp-json\/wp\/v2\/media?parent=769647"}],"wp:term":[{"taxonomy":"product_brand","embeddable":true,"href":"https:\/\/roveyayinevi.com.tr\/index.php\/wp-json\/wp\/v2\/product_brand?post=769647"},{"taxonomy":"product_cat","embeddable":true,"href":"https:\/\/roveyayinevi.com.tr\/index.php\/wp-json\/wp\/v2\/product_cat?post=769647"},{"taxonomy":"product_tag","embeddable":true,"href":"https:\/\/roveyayinevi.com.tr\/index.php\/wp-json\/wp\/v2\/product_tag?post=769647"}],"curies":[{"name":"wp","href":"https:\/\/api.w.org\/{rel}","templated":true}]}}