{"id":769646,"date":"2025-08-28T14:02:24","date_gmt":"2025-08-28T11:02:24","guid":{"rendered":"https:\/\/roveyayinevi.com.tr\/index.php\/urun\/hayatin-anlami-psikolojik-iyi-olus-ve-dindarlik\/"},"modified":"2026-04-15T03:35:47","modified_gmt":"2026-04-15T00:35:47","slug":"hayatin-anlami-psikolojik-iyi-olus-ve-dindarlik","status":"publish","type":"product","link":"https:\/\/roveyayinevi.com.tr\/index.php\/urun\/hayatin-anlami-psikolojik-iyi-olus-ve-dindarlik\/","title":{"rendered":"Hayat\u0131n Anlam\u0131, Psikolojik \u0130yi Olu\u015f Ve Dindarl\u0131k"},"content":{"rendered":"<p>\u0130\u00e7indekiler :     \u00b7         B\u0130R\u0130NC\u0130 B\u00d6L\u00dcM KURAMSAL \u00c7ER\u00c7EVE   \u00b7         \u0130K\u0130NC\u0130 B\u00d6L\u00dcM Y\u00d6NTEM   \u00b7         \u00dc\u00c7\u00dcNC\u00dc B\u00d6L\u00dcM BULGULAR VE YORUM  <\/p>\n","protected":false},"excerpt":{"rendered":"<p>\u0130\u00e7indekiler : \u00b7 B\u0130R\u0130NC\u0130 B\u00d6L\u00dcM KURAMSAL \u00c7ER\u00c7EVE \u00b7 \u0130K\u0130NC\u0130 B\u00d6L\u00dcM Y\u00d6NTEM \u00b7 \u00dc\u00c7\u00dcNC\u00dc B\u00d6L\u00dcM BULGULAR VE YORUM<\/p>\n","protected":false},"featured_media":0,"template":"","meta":{"_monsterinsights_skip_tracking":false,"_monsterinsights_sitenote_active":false,"_monsterinsights_sitenote_note":"","_monsterinsights_sitenote_category":0},"product_brand":[],"product_cat":[13005,40995],"product_tag":[],"class_list":{"0":"post-769646","1":"product","2":"type-product","3":"status-publish","5":"product_cat-bilim-muhendislik","6":"product_cat-sosyal-bilimler","7":"pa_cilt-ciltsiz","8":"pa_tur-kitap","9":"pa_yayinevi-gazi-kitabevi","10":"pa_yazar-mehmet-nesim-anustekin","12":"first","13":"instock","14":"sale","15":"shipping-taxable","16":"purchasable","17":"product-type-simple"},"_links":{"self":[{"href":"https:\/\/roveyayinevi.com.tr\/index.php\/wp-json\/wp\/v2\/product\/769646","targetHints":{"allow":["GET"]}}],"collection":[{"href":"https:\/\/roveyayinevi.com.tr\/index.php\/wp-json\/wp\/v2\/product"}],"about":[{"href":"https:\/\/roveyayinevi.com.tr\/index.php\/wp-json\/wp\/v2\/types\/product"}],"wp:attachment":[{"href":"https:\/\/roveyayinevi.com.tr\/index.php\/wp-json\/wp\/v2\/media?parent=769646"}],"wp:term":[{"taxonomy":"product_brand","embeddable":true,"href":"https:\/\/roveyayinevi.com.tr\/index.php\/wp-json\/wp\/v2\/product_brand?post=769646"},{"taxonomy":"product_cat","embeddable":true,"href":"https:\/\/roveyayinevi.com.tr\/index.php\/wp-json\/wp\/v2\/product_cat?post=769646"},{"taxonomy":"product_tag","embeddable":true,"href":"https:\/\/roveyayinevi.com.tr\/index.php\/wp-json\/wp\/v2\/product_tag?post=769646"}],"curies":[{"name":"wp","href":"https:\/\/api.w.org\/{rel}","templated":true}]}}