{"id":769644,"date":"2025-08-28T14:02:20","date_gmt":"2025-08-28T11:02:20","guid":{"rendered":"https:\/\/roveyayinevi.com.tr\/index.php\/urun\/sozun-izinde\/"},"modified":"2026-04-15T03:35:47","modified_gmt":"2026-04-15T00:35:47","slug":"sozun-izinde","status":"publish","type":"product","link":"https:\/\/roveyayinevi.com.tr\/index.php\/urun\/sozun-izinde\/","title":{"rendered":"S\u00f6z\u00fcn \u0130zinde"},"content":{"rendered":"<p>S\u00f6z, b\u00fct\u00fcn dinlerde ve k\u00fclt\u00fcrlerde kutsald\u0131r. Hatta her \u015feyden \u00f6nce s\u00f6z vard\u0131r ve her \u015fey s\u00f6zle ba\u015flam\u0131\u015f, s\u00f6zle \u015fekillenmi\u015ftir. \u0130nsanl\u0131k, s\u00f6z\u00fc d\u00fczenlemeyi ve s\u00f6ylediklerini yazmay\u0131 ke\u015ffetti\u011finden beri bamba\u015fka bir hayata kap\u0131 aralam\u0131\u015ft\u0131r. B\u00fct\u00fcn uygarl\u0131klar\u0131, k\u00fclt\u00fcrleri ve milletleri var eden ve g\u00fcn\u00fcm\u00fcze ta\u015f\u0131yan, s\u00f6z\u00fcn olu\u015fturma, biriktirme ve aktarma g\u00fcc\u00fcd\u00fcr.      T\u00fcrkl\u00fc\u011f\u00fc var eden de bug\u00fcnlere getiren de T\u00fcrk\u00e7edir. Atalar\u0131m\u0131z\u0131n ta\u015fa kaz\u0131d\u0131\u011f\u0131 ilk beng\u00fc s\u00f6zlerden bug\u00fcnlere binlerce y\u0131ll\u0131k s\u00f6zl\u00fc ve yaz\u0131l\u0131 eserlerimiz bizi ayn\u0131 de\u011ferler etraf\u0131nda birle\u015ftirmi\u015f ve her yerde her zaman bir arada tutmu\u015ftur. S\u00f6z\u00fcn dilden dile g\u00f6n\u00fclden g\u00f6n\u00fcle ak\u0131p giden, h\u00e2lden h\u00e2le d\u00f6nen g\u00f6r\u00fcn\u00fcmleri, yery\u00fcz\u00fcndeki varl\u0131\u011f\u0131m\u0131z\u0131n ve binlerce y\u0131ll\u0131k hayat\u0131m\u0131z\u0131n do\u011fal ak\u0131\u015f\u0131n\u0131 yans\u0131t\u0131yor. S\u00f6zler bu ak\u0131\u015f\u0131n, birli\u011fin, b\u00fct\u00fcnl\u00fc\u011f\u00fcn, \u00e7e\u015fitlili\u011fin, zenginli\u011fin belgeleri, canl\u0131 tan\u0131klar\u0131d\u0131r. Tarihimizin her d\u00f6nemini ve bug\u00fcnk\u00fc hayat\u0131m\u0131z\u0131n her y\u00f6n\u00fcn\u00fc s\u00f6zlerin d\u00fcnyas\u0131nda T\u00fcrk\u00e7enin zenginli\u011finde bulur ve anlamland\u0131r\u0131r\u0131z.     T\u00fcrk dilinin s\u00f6z d\u00fcnyas\u0131ndan se\u00e7ilmi\u015f bir k\u0131s\u0131m s\u00f6zler ve s\u00f6z alanlar\u0131 \u00fczerinden, T\u00fcrk k\u00fclt\u00fcr\u00fcn\u00fcn zenginli\u011fine ve \u00e7e\u015fitlili\u011fine ula\u015fmak, s\u00f6z\u00fcn izinde y\u00fcr\u00fcmekle m\u00fcmk\u00fcn.<\/p>\n","protected":false},"excerpt":{"rendered":"<p>S\u00f6z, b\u00fct\u00fcn dinlerde ve k\u00fclt\u00fcrlerde kutsald\u0131r. Hatta her \u015feyden \u00f6nce s\u00f6z vard\u0131r ve her \u015fey s\u00f6zle ba\u015flam\u0131\u015f, s\u00f6zle \u015fekillenmi\u015ftir. \u0130nsanl\u0131k, s\u00f6z\u00fc d\u00fczenlemeyi ve s\u00f6ylediklerini yazmay\u0131 ke\u015ffetti\u011finden<span class=\"excerpt-hellip\"> [\u2026]<\/span><\/p>\n","protected":false},"featured_media":0,"template":"","meta":{"_monsterinsights_skip_tracking":false,"_monsterinsights_sitenote_active":false,"_monsterinsights_sitenote_note":"","_monsterinsights_sitenote_category":0},"product_brand":[],"product_cat":[20225,12291],"product_tag":[],"class_list":{"0":"post-769644","1":"product","2":"type-product","3":"status-publish","5":"product_cat-dil-bilim","6":"product_cat-edebiyat","7":"pa_cilt-ciltsiz","8":"pa_tur-kitap","9":"pa_yayinevi-bilge-kultur-sanat","10":"pa_yazar-nevzat-ozkan","12":"first","13":"instock","14":"sale","15":"shipping-taxable","16":"purchasable","17":"product-type-simple"},"_links":{"self":[{"href":"https:\/\/roveyayinevi.com.tr\/index.php\/wp-json\/wp\/v2\/product\/769644","targetHints":{"allow":["GET"]}}],"collection":[{"href":"https:\/\/roveyayinevi.com.tr\/index.php\/wp-json\/wp\/v2\/product"}],"about":[{"href":"https:\/\/roveyayinevi.com.tr\/index.php\/wp-json\/wp\/v2\/types\/product"}],"wp:attachment":[{"href":"https:\/\/roveyayinevi.com.tr\/index.php\/wp-json\/wp\/v2\/media?parent=769644"}],"wp:term":[{"taxonomy":"product_brand","embeddable":true,"href":"https:\/\/roveyayinevi.com.tr\/index.php\/wp-json\/wp\/v2\/product_brand?post=769644"},{"taxonomy":"product_cat","embeddable":true,"href":"https:\/\/roveyayinevi.com.tr\/index.php\/wp-json\/wp\/v2\/product_cat?post=769644"},{"taxonomy":"product_tag","embeddable":true,"href":"https:\/\/roveyayinevi.com.tr\/index.php\/wp-json\/wp\/v2\/product_tag?post=769644"}],"curies":[{"name":"wp","href":"https:\/\/api.w.org\/{rel}","templated":true}]}}