{"id":769640,"date":"2025-08-28T14:02:11","date_gmt":"2025-08-28T11:02:11","guid":{"rendered":"https:\/\/roveyayinevi.com.tr\/index.php\/urun\/vatan-konulu-siirler-antolojisi-100-sair-100-siir\/"},"modified":"2026-04-15T03:35:47","modified_gmt":"2026-04-15T00:35:47","slug":"vatan-konulu-siirler-antolojisi-100-sair-100-siir","status":"publish","type":"product","link":"https:\/\/roveyayinevi.com.tr\/index.php\/urun\/vatan-konulu-siirler-antolojisi-100-sair-100-siir\/","title":{"rendered":"Vatan Konulu \u015eiirler Antolojisi 100 \u015eair \/ 100 \u015eiir"},"content":{"rendered":"<p>Vatan Konulu \u015eiirler Antolojisi 100 \u015eair \/ 100 \u015eiir<\/p>\n","protected":false},"excerpt":{"rendered":"<p>Vatan Konulu \u015eiirler Antolojisi 100 \u015eair \/ 100 \u015eiir<\/p>\n","protected":false},"featured_media":0,"template":"","meta":{"_monsterinsights_skip_tracking":false,"_monsterinsights_sitenote_active":false,"_monsterinsights_sitenote_note":"","_monsterinsights_sitenote_category":0},"product_brand":[],"product_cat":[12291,12509],"product_tag":[],"class_list":{"0":"post-769640","1":"product","2":"type-product","3":"status-publish","5":"product_cat-edebiyat","6":"product_cat-siir","7":"pa_cilt-ciltsiz","8":"pa_tur-kitap","9":"pa_yayinevi-kamutay-yayinlari","10":"pa_yazar-mehmet-nuri-parmaksiz","12":"first","13":"instock","14":"sale","15":"shipping-taxable","16":"purchasable","17":"product-type-simple"},"_links":{"self":[{"href":"https:\/\/roveyayinevi.com.tr\/index.php\/wp-json\/wp\/v2\/product\/769640","targetHints":{"allow":["GET"]}}],"collection":[{"href":"https:\/\/roveyayinevi.com.tr\/index.php\/wp-json\/wp\/v2\/product"}],"about":[{"href":"https:\/\/roveyayinevi.com.tr\/index.php\/wp-json\/wp\/v2\/types\/product"}],"wp:attachment":[{"href":"https:\/\/roveyayinevi.com.tr\/index.php\/wp-json\/wp\/v2\/media?parent=769640"}],"wp:term":[{"taxonomy":"product_brand","embeddable":true,"href":"https:\/\/roveyayinevi.com.tr\/index.php\/wp-json\/wp\/v2\/product_brand?post=769640"},{"taxonomy":"product_cat","embeddable":true,"href":"https:\/\/roveyayinevi.com.tr\/index.php\/wp-json\/wp\/v2\/product_cat?post=769640"},{"taxonomy":"product_tag","embeddable":true,"href":"https:\/\/roveyayinevi.com.tr\/index.php\/wp-json\/wp\/v2\/product_tag?post=769640"}],"curies":[{"name":"wp","href":"https:\/\/api.w.org\/{rel}","templated":true}]}}