{"id":769639,"date":"2025-08-28T14:02:10","date_gmt":"2025-08-28T11:02:10","guid":{"rendered":"https:\/\/roveyayinevi.com.tr\/index.php\/urun\/hangi-cagda-yasamak-istersiniz\/"},"modified":"2026-04-15T03:35:47","modified_gmt":"2026-04-15T00:35:47","slug":"hangi-cagda-yasamak-istersiniz","status":"publish","type":"product","link":"https:\/\/roveyayinevi.com.tr\/index.php\/urun\/hangi-cagda-yasamak-istersiniz\/","title":{"rendered":"Hangi \u00c7a\u011fda Ya\u015famak \u0130stersiniz?"},"content":{"rendered":"<p>\u0130nsan, kendi kendisini sorguluyor, sorular soruyor, her soruya cevap vermesi isteniyor. Baz\u0131 sorulara hemen cevap veremiyor ve bu cevab\u0131n pe\u015fine d\u00fc\u015f\u00fcyor. Cevaps\u0131z soru \u00fczerinde d\u00fc\u015f\u00fcnmeye, ara\u015ft\u0131rmaya, yap\u0131s\u0131n\u0131, ruhunu ve onu d\u00fczenleyen duygu ve d\u00fc\u015f\u00fcnceleri anlamaya \u00e7al\u0131\u015f\u0131yor. \u0130nsanlar\u0131n b\u00fct\u00fcn gayretlerinin yine insanlar i\u00e7in oldu\u011funu anl\u0131yor. Onu \u00fcmitsiz, \u00e7aresiz ve kimsesiz b\u0131rakmamak i\u00e7in bir gayretin i\u00e7ine giriyor. B\u00fct\u00fcn kap\u0131lar\u0131n \u00f6n\u00fcnde ve arkas\u0131nda insan vard\u0131r. \u00d6\u011frenme merak\u0131 ile nice kap\u0131lar yoklan\u0131r, bu \u00f6\u011frenme merak\u0131 elbette artarak devam eder. \u00c7al\u0131\u015fmadan, bo\u015f oturarak insan\u0131n \u00f6nce kendisini huzura ve rahata ula\u015ft\u0131rmas\u0131 m\u00fcmk\u00fcn de\u011fildir. B\u00fct\u00fcn muammalar\u0131n, b\u00fct\u00fcn ayd\u0131nl\u0131klar ve karanl\u0131klar\u0131n kap\u0131s\u0131nda insan vard\u0131r. Ak\u0131l ve bilim, bu kap\u0131lar\u0131 a\u00e7maya, bilme ve \u00f6\u011frenme merak\u0131n\u0131 gidermeye \u00e7al\u0131\u015f\u0131r. Nas\u0131l oluyor da bu insan hem karanl\u0131klar\u0131n hem de ayd\u0131nl\u0131klar\u0131n kap\u0131s\u0131n\u0131 aral\u0131yor? Kim onu oralara davet eder, \u00e7evresi mi, kendisi mi? Hayat \u015fartlar\u0131 m\u0131, yoksa uluslararas\u0131 yar\u0131\u015fta geri kalmamak azim ve idraki mi insan\u0131, b\u00f6yle durmaks\u0131z\u0131n ko\u015fmaya zorluyor? Bunu siz de d\u00fc\u015f\u00fcnmeye de\u011fer bulabilirsiniz. B\u00fct\u00fcn insanlar\u0131 birbirinin kopyas\u0131 sayan veya \u00f6yle yeti\u015ftirmek isteyen bir anlay\u0131\u015f, bu hat\u0131rlatmalara \u00fcz\u00fclerek bakar. E\u011fer her insan\u0131n ba\u015fl\u0131 ba\u015f\u0131na bir d\u00fcnya, hatta bir evren oldu\u011funu bilmeden insan bahsine girmek, ancak bir umutsuzlukla veya ba\u015far\u0131s\u0131zl\u0131kla sonu\u00e7lan\u0131r. Ama ya\u015f\u0131yoruz; bize \u00fcmidin, hava kadar su kadar gerekli oldu\u011funu biliyoruz. B\u00fct\u00fcn gayretler, b\u00fct\u00fcn \u00fcmitler ba\u015far\u0131y\u0131 yakalamak i\u00e7indir. <\/p>\n","protected":false},"excerpt":{"rendered":"<p>\u0130nsan, kendi kendisini sorguluyor, sorular soruyor, her soruya cevap vermesi isteniyor. Baz\u0131 sorulara hemen cevap veremiyor ve bu cevab\u0131n pe\u015fine d\u00fc\u015f\u00fcyor. Cevaps\u0131z soru \u00fczerinde d\u00fc\u015f\u00fcnmeye, ara\u015ft\u0131rmaya,<span class=\"excerpt-hellip\"> [\u2026]<\/span><\/p>\n","protected":false},"featured_media":0,"template":"","meta":{"_monsterinsights_skip_tracking":false,"_monsterinsights_sitenote_active":false,"_monsterinsights_sitenote_note":"","_monsterinsights_sitenote_category":0},"product_brand":[],"product_cat":[52477],"product_tag":[],"class_list":{"0":"post-769639","1":"product","2":"type-product","3":"status-publish","5":"product_cat-arastirma","6":"pa_cilt-ciltsiz","7":"pa_tur-kitap","8":"pa_yayinevi-kamutay-yayinlari","9":"pa_yazar-ismail-ozmel","11":"first","12":"instock","13":"sale","14":"shipping-taxable","15":"purchasable","16":"product-type-simple"},"_links":{"self":[{"href":"https:\/\/roveyayinevi.com.tr\/index.php\/wp-json\/wp\/v2\/product\/769639","targetHints":{"allow":["GET"]}}],"collection":[{"href":"https:\/\/roveyayinevi.com.tr\/index.php\/wp-json\/wp\/v2\/product"}],"about":[{"href":"https:\/\/roveyayinevi.com.tr\/index.php\/wp-json\/wp\/v2\/types\/product"}],"wp:attachment":[{"href":"https:\/\/roveyayinevi.com.tr\/index.php\/wp-json\/wp\/v2\/media?parent=769639"}],"wp:term":[{"taxonomy":"product_brand","embeddable":true,"href":"https:\/\/roveyayinevi.com.tr\/index.php\/wp-json\/wp\/v2\/product_brand?post=769639"},{"taxonomy":"product_cat","embeddable":true,"href":"https:\/\/roveyayinevi.com.tr\/index.php\/wp-json\/wp\/v2\/product_cat?post=769639"},{"taxonomy":"product_tag","embeddable":true,"href":"https:\/\/roveyayinevi.com.tr\/index.php\/wp-json\/wp\/v2\/product_tag?post=769639"}],"curies":[{"name":"wp","href":"https:\/\/api.w.org\/{rel}","templated":true}]}}