{"id":769636,"date":"2025-08-28T14:02:04","date_gmt":"2025-08-28T11:02:04","guid":{"rendered":"https:\/\/roveyayinevi.com.tr\/index.php\/urun\/toksik-aile-uyelerinden-nasil-kurtuluruz\/"},"modified":"2026-04-15T03:35:47","modified_gmt":"2026-04-15T00:35:47","slug":"toksik-aile-uyelerinden-nasil-kurtuluruz","status":"publish","type":"product","link":"https:\/\/roveyayinevi.com.tr\/index.php\/urun\/toksik-aile-uyelerinden-nasil-kurtuluruz\/","title":{"rendered":"Toksik Aile \u00dcyelerinden Nas\u0131l Kurtuluruz?"},"content":{"rendered":"<p>Toksik bir aile \u00fcyeniz mi var? Bu ki\u015fiyle ba\u011flar\u0131n\u0131z\u0131 kopard\u0131n\u0131z veya koparmay\u0131 m\u0131 planl\u0131yorsunuz? Bir ebeveynle, karde\u015fle veya ba\u015fka bir akrabayla ba\u011flar\u0131 koparmak ac\u0131 verici bir s\u00fcre\u00e7 olabilir ve su\u00e7luluk ile belirsizlik duygular\u0131n\u0131 ortaya \u00e7\u0131karabilir. Ancak bu sa\u011fl\u0131ks\u0131z ili\u015fkiyi sonland\u0131rma karar\u0131n\u0131 vermek, ayn\u0131 zamanda mutlulu\u011funuzu \u00f6nemli \u00f6l\u00e7\u00fcde art\u0131rabilir ve ya\u015fam\u0131n\u0131z\u0131 iyile\u015ftirebilir. Bu \u015fefkatli rehber, gurur, onaylanma duygusu ve kendinize olan inanc\u0131n\u0131zla se\u00e7iminize kucak a\u00e7man\u0131za yard\u0131mc\u0131 olacakt\u0131r. Toksik Aile \u00dcyelerinden Kurtulan Yeti\u015fkinler, toksik aile \u00fcyesiyle ileti\u015fimi kestikten sonra s\u0131n\u0131rlar koymak, yarg\u0131lamayla ba\u015fa \u00e7\u0131kmak ve kendinden \u015f\u00fcphe duyman\u0131n \u00fcstesinden gelmek i\u00e7in g\u00fc\u00e7l\u00fc ara\u00e7lar sunar. Bu kitapta utan\u00e7 ve etiketlerinizi d\u00fczeltmenize, olumsuz duygulardan kurtulman\u0131za ve kendi ihtiya\u00e7lar\u0131n\u0131z\u0131 en sona \u00f6telemeyi b\u0131rakman\u0131za yard\u0131mc\u0131 olacak stratejiler bulacaks\u0131n\u0131z. En \u00f6nemlisi de kendinize yetmenizi sa\u011flayacak, \u00f6zg\u00fcveninizi art\u0131racak ve kendinizi g\u00f6zetmeyi \u00f6ncelik haline getirecek beceriler geli\u015ftireceksiniz. Kendinizi toksik aile \u00fcyesinden kurtarabilirsiniz. Bu kitap sizin rehberiniz olacak. \u201cToksik aile \u00fcyelerinden ayr\u0131lman\u0131n ne anlama geldi\u011fine dair benzersiz bir bak\u0131\u015f a\u00e7\u0131s\u0131&#8230; Bu kitapta, hissetmenize veya konu\u015fman\u0131za asla izin verilmeyen \u015feyleri hissetmeniz ve konu\u015fman\u0131z i\u00e7in size f\u0131rsat tan\u0131n\u0131yor.\u201d \u2014Jack Canfield Sherrie Campbell Sherrie Campbell, Dr. Psikolog, sa\u011fl\u0131kl\u0131 insanlar\u0131n, hayatlar\u0131ndaki toksik insanlarla ba\u011flar\u0131n\u0131 koparmalar\u0131na yard\u0131mc\u0131 olma konusunda uzmanla\u015fm\u0131\u015f lisansl\u0131 psikologdur. Aileden uzakla\u015fma konusunda ulusal \u00e7apta tan\u0131nan bir uzman, ilham konu\u015fmac\u0131s\u0131, BBM Global Network ve Tune-In Radio\u2019da Dr. Sherrie Show\u2019un eski sunucusu, sosyal medya fenomeni ve d\u00fczenli olarak ekrana \u00e7\u0131kan bir medya uzman\u0131d\u0131r.<\/p>\n","protected":false},"excerpt":{"rendered":"<p>Toksik bir aile \u00fcyeniz mi var? Bu ki\u015fiyle ba\u011flar\u0131n\u0131z\u0131 kopard\u0131n\u0131z veya koparmay\u0131 m\u0131 planl\u0131yorsunuz? Bir ebeveynle, karde\u015fle veya ba\u015fka bir akrabayla ba\u011flar\u0131 koparmak ac\u0131 verici bir<span class=\"excerpt-hellip\"> [\u2026]<\/span><\/p>\n","protected":false},"featured_media":0,"template":"","meta":{"_monsterinsights_skip_tracking":false,"_monsterinsights_sitenote_active":false,"_monsterinsights_sitenote_note":"","_monsterinsights_sitenote_category":0},"product_brand":[],"product_cat":[20502,12357],"product_tag":[],"class_list":{"0":"post-769636","1":"product","2":"type-product","3":"status-publish","5":"product_cat-basvuru-kitaplari-psikoloji","6":"product_cat-psikoloji","7":"pa_cilt-ciltsiz","8":"pa_tur-kitap","9":"pa_yayinevi-ucuncu-goz","10":"pa_yazar-sherrie-campbell","12":"first","13":"instock","14":"sale","15":"shipping-taxable","16":"purchasable","17":"product-type-simple"},"_links":{"self":[{"href":"https:\/\/roveyayinevi.com.tr\/index.php\/wp-json\/wp\/v2\/product\/769636","targetHints":{"allow":["GET"]}}],"collection":[{"href":"https:\/\/roveyayinevi.com.tr\/index.php\/wp-json\/wp\/v2\/product"}],"about":[{"href":"https:\/\/roveyayinevi.com.tr\/index.php\/wp-json\/wp\/v2\/types\/product"}],"wp:attachment":[{"href":"https:\/\/roveyayinevi.com.tr\/index.php\/wp-json\/wp\/v2\/media?parent=769636"}],"wp:term":[{"taxonomy":"product_brand","embeddable":true,"href":"https:\/\/roveyayinevi.com.tr\/index.php\/wp-json\/wp\/v2\/product_brand?post=769636"},{"taxonomy":"product_cat","embeddable":true,"href":"https:\/\/roveyayinevi.com.tr\/index.php\/wp-json\/wp\/v2\/product_cat?post=769636"},{"taxonomy":"product_tag","embeddable":true,"href":"https:\/\/roveyayinevi.com.tr\/index.php\/wp-json\/wp\/v2\/product_tag?post=769636"}],"curies":[{"name":"wp","href":"https:\/\/api.w.org\/{rel}","templated":true}]}}