{"id":769630,"date":"2025-08-28T14:01:52","date_gmt":"2025-08-28T11:01:52","guid":{"rendered":"https:\/\/roveyayinevi.com.tr\/index.php\/urun\/cadilar-surtukler-feministler\/"},"modified":"2026-04-15T03:35:47","modified_gmt":"2026-04-15T00:35:47","slug":"cadilar-surtukler-feministler","status":"publish","type":"product","link":"https:\/\/roveyayinevi.com.tr\/index.php\/urun\/cadilar-surtukler-feministler\/","title":{"rendered":"Cad\u0131lar, S\u00fcrt\u00fckler, Feministler"},"content":{"rendered":"<p>Kristen J. Sollee, Cad\u0131lar, S\u00fcrt\u00fckler, Feministler: Seks Pozitifin Ruhunu \u00c7a\u011f\u0131rmak adl\u0131 kitab\u0131nda, uzak bir ge\u00e7mi\u015fte ya\u015fan\u0131p bitti\u011fini ve g\u00fcn\u00fcm\u00fcze herhangi bir etkisinin kalmad\u0131\u011f\u0131n\u0131 d\u00fc\u015f\u00fcnd\u00fc\u011f\u00fcm\u00fcz cad\u0131 av\u0131n\u0131n korkutucu derecede g\u00fcncel oldu\u011funu g\u00f6steriyor. Cad\u0131l\u0131\u011f\u0131n izlerini ge\u00e7mi\u015ften bug\u00fcne s\u00fcren ve cad\u0131 imgesinin olu\u015fumunu edebiyattan sinemaya, modadan pornografiye dek uzanan geni\u015f bir yelpazede ara\u015ft\u0131ran Sollee, ge\u00e7mi\u015fte cad\u0131 olarak su\u00e7lanan kad\u0131nlar\u0131n \u015fimdi yine cinsiyetleri merkeze al\u0131narak \u201cs\u00fcrt\u00fck\u201d olarak yaftaland\u0131\u011f\u0131n\u0131 iddia ediyor. Fakat son derece \u015fen ve keyifli bir dille yaz\u0131lm\u0131\u015f bu kitab\u0131n ruhu karamsarl\u0131ktan \u00e7ok uzak: \u0130ktidar\u0131n belirledi\u011fi s\u0131n\u0131rlar i\u00e7erisinde kalmay\u0131 reddeden kad\u0131nlar i\u00e7in daima yaftalama, if\u015falama ya da su\u00e7lamaya kar\u015f\u0131l\u0131k gelen bir s\u00f6zc\u00fck bulunabilece\u011fini vurgulayan yazar, bu s\u00f6zc\u00fcklerin ayn\u0131 zamanda bir direni\u015f veya \u00f6zg\u00fcrle\u015fme imk\u00e2n\u0131na da kap\u0131 aralayabilece\u011fine i\u015faret etmeyi ihmal etmiyor. B\u00f6ylece eril terminolojide yarg\u0131lama ve ay\u0131plama s\u00f6zc\u00fc\u011f\u00fc olarak i\u015fleyen \u2018cad\u0131\u2019 ve \u2018s\u00fcrt\u00fck\u2019 gibi s\u00f6zc\u00fcklerin, feminist cenahta tahakk\u00fcme kar\u015f\u0131 direnenlerin ta\u015f\u0131d\u0131\u011f\u0131 bir onur ni\u015fan\u0131na nas\u0131l d\u00f6n\u00fc\u015ft\u00fc\u011f\u00fcn\u00fc sade ve \u00e7arp\u0131c\u0131 dille ortaya koyuyor. <\/p>\n","protected":false},"excerpt":{"rendered":"<p>Kristen J. Sollee, Cad\u0131lar, S\u00fcrt\u00fckler, Feministler: Seks Pozitifin Ruhunu \u00c7a\u011f\u0131rmak adl\u0131 kitab\u0131nda, uzak bir ge\u00e7mi\u015fte ya\u015fan\u0131p bitti\u011fini ve g\u00fcn\u00fcm\u00fcze herhangi bir etkisinin kalmad\u0131\u011f\u0131n\u0131 d\u00fc\u015f\u00fcnd\u00fc\u011f\u00fcm\u00fcz cad\u0131 av\u0131n\u0131n<span class=\"excerpt-hellip\"> [\u2026]<\/span><\/p>\n","protected":false},"featured_media":0,"template":"","meta":{"_monsterinsights_skip_tracking":false,"_monsterinsights_sitenote_active":false,"_monsterinsights_sitenote_note":"","_monsterinsights_sitenote_category":0},"product_brand":[],"product_cat":[12389,12388],"product_tag":[],"class_list":{"0":"post-769630","1":"product","2":"type-product","3":"status-publish","5":"product_cat-diger-felsefe","6":"product_cat-felsefe","7":"pa_cilt-ciltsiz","8":"pa_tur-kitap","9":"pa_yayinevi-livera-yayinevi","10":"pa_yazar-kristen-j-sollee","12":"first","13":"instock","14":"sale","15":"shipping-taxable","16":"purchasable","17":"product-type-simple"},"_links":{"self":[{"href":"https:\/\/roveyayinevi.com.tr\/index.php\/wp-json\/wp\/v2\/product\/769630","targetHints":{"allow":["GET"]}}],"collection":[{"href":"https:\/\/roveyayinevi.com.tr\/index.php\/wp-json\/wp\/v2\/product"}],"about":[{"href":"https:\/\/roveyayinevi.com.tr\/index.php\/wp-json\/wp\/v2\/types\/product"}],"wp:attachment":[{"href":"https:\/\/roveyayinevi.com.tr\/index.php\/wp-json\/wp\/v2\/media?parent=769630"}],"wp:term":[{"taxonomy":"product_brand","embeddable":true,"href":"https:\/\/roveyayinevi.com.tr\/index.php\/wp-json\/wp\/v2\/product_brand?post=769630"},{"taxonomy":"product_cat","embeddable":true,"href":"https:\/\/roveyayinevi.com.tr\/index.php\/wp-json\/wp\/v2\/product_cat?post=769630"},{"taxonomy":"product_tag","embeddable":true,"href":"https:\/\/roveyayinevi.com.tr\/index.php\/wp-json\/wp\/v2\/product_tag?post=769630"}],"curies":[{"name":"wp","href":"https:\/\/api.w.org\/{rel}","templated":true}]}}