{"id":769629,"date":"2025-08-28T14:01:01","date_gmt":"2025-08-28T11:01:01","guid":{"rendered":"https:\/\/roveyayinevi.com.tr\/index.php\/urun\/dil-ogreten-hikayeler-2-turkce-ispanyolca\/"},"modified":"2026-04-15T03:35:47","modified_gmt":"2026-04-15T00:35:47","slug":"dil-ogreten-hikayeler-2-turkce-ispanyolca","status":"publish","type":"product","link":"https:\/\/roveyayinevi.com.tr\/index.php\/urun\/dil-ogreten-hikayeler-2-turkce-ispanyolca\/","title":{"rendered":"Dil \u00d6\u011freten Hikayeler 2 \u2013 T\u00fcrk\u00e7e-\u0130spanyolca"},"content":{"rendered":"<p>T\u00fcrk\u00e7e ve \u0130spanyolca 27 hik\u00e2ye tek kitapta Sanat\u0131n, tarihin, Avrupa\u2019n\u0131n en g\u00fczel \u015fehirlerinin i\u00e7inden ge\u00e7en, hayal g\u00fcc\u00fcyle harmanlanan hik\u00e2yeler\u2026 Bu kitap, dil \u00f6\u011frenenlere yard\u0131mc\u0131 olmas\u0131 amac\u0131yla haz\u0131rlanm\u0131\u015ft\u0131r ve 27 \u00f6yk\u00fcden olu\u015fmaktad\u0131r. \u00d6\u011frendi\u011finiz dili ne kadar anlad\u0131\u011f\u0131n\u0131z\u0131 deneyimleyebilmeniz i\u00e7in her hik\u00e2yenin T\u00fcrk\u00e7esine de yer verilmi\u015ftir. \u0130ngilizce, \u0130spanyolca, Almanca ve \u0130talyanca olarak d\u00f6rt dilde yay\u0131mlanan ve b\u00fcy\u00fck bir ilgi g\u00f6ren Dil \u00d6\u011freten Hik\u00e2yeler, bu kez yepyeni \u00f6yk\u00fclerle okur kar\u015f\u0131s\u0131nda. Foto\u011fraf sanat\u00e7\u0131s\u0131, sanat tarih\u00e7isi ve gezgin Melissa Mey, bir \u00f6ncekinden tamamen ba\u011f\u0131ms\u0131z olan bu yeni seride okura yine farkl\u0131 dillerde rehberlik ederken keyifli bir okuma da vaat ediyor. <\/p>\n","protected":false},"excerpt":{"rendered":"<p>T\u00fcrk\u00e7e ve \u0130spanyolca 27 hik\u00e2ye tek kitapta Sanat\u0131n, tarihin, Avrupa\u2019n\u0131n en g\u00fczel \u015fehirlerinin i\u00e7inden ge\u00e7en, hayal g\u00fcc\u00fcyle harmanlanan hik\u00e2yeler\u2026 Bu kitap, dil \u00f6\u011frenenlere yard\u0131mc\u0131 olmas\u0131 amac\u0131yla<span class=\"excerpt-hellip\"> [\u2026]<\/span><\/p>\n","protected":false},"featured_media":0,"template":"","meta":{"_monsterinsights_skip_tracking":false,"_monsterinsights_sitenote_active":false,"_monsterinsights_sitenote_note":"","_monsterinsights_sitenote_category":0},"product_brand":[],"product_cat":[12566,13611],"product_tag":[],"class_list":{"0":"post-769629","1":"product","2":"type-product","3":"status-publish","5":"product_cat-egitim","6":"product_cat-sozlukler-ve-konusma-kilavuzlari","7":"pa_cilt-ciltsiz","8":"pa_tur-kitap","9":"pa_yayinevi-inkilap-kitabevi","10":"pa_yazar-melissa-mey","12":"first","13":"instock","14":"sale","15":"shipping-taxable","16":"purchasable","17":"product-type-simple"},"_links":{"self":[{"href":"https:\/\/roveyayinevi.com.tr\/index.php\/wp-json\/wp\/v2\/product\/769629","targetHints":{"allow":["GET"]}}],"collection":[{"href":"https:\/\/roveyayinevi.com.tr\/index.php\/wp-json\/wp\/v2\/product"}],"about":[{"href":"https:\/\/roveyayinevi.com.tr\/index.php\/wp-json\/wp\/v2\/types\/product"}],"wp:attachment":[{"href":"https:\/\/roveyayinevi.com.tr\/index.php\/wp-json\/wp\/v2\/media?parent=769629"}],"wp:term":[{"taxonomy":"product_brand","embeddable":true,"href":"https:\/\/roveyayinevi.com.tr\/index.php\/wp-json\/wp\/v2\/product_brand?post=769629"},{"taxonomy":"product_cat","embeddable":true,"href":"https:\/\/roveyayinevi.com.tr\/index.php\/wp-json\/wp\/v2\/product_cat?post=769629"},{"taxonomy":"product_tag","embeddable":true,"href":"https:\/\/roveyayinevi.com.tr\/index.php\/wp-json\/wp\/v2\/product_tag?post=769629"}],"curies":[{"name":"wp","href":"https:\/\/api.w.org\/{rel}","templated":true}]}}