{"id":769627,"date":"2025-08-28T14:00:59","date_gmt":"2025-08-28T11:00:59","guid":{"rendered":"https:\/\/roveyayinevi.com.tr\/index.php\/urun\/hic-yoktan-bir-evren\/"},"modified":"2026-04-15T03:35:47","modified_gmt":"2026-04-15T00:35:47","slug":"hic-yoktan-bir-evren","status":"publish","type":"product","link":"https:\/\/roveyayinevi.com.tr\/index.php\/urun\/hic-yoktan-bir-evren\/","title":{"rendered":"Hi\u00e7 Yoktan Bir Evren"},"content":{"rendered":"<p>Evren nereden geldi? Ondan \u00f6nce ne vard\u0131? Gelecek ne getirecek? Son olarak neden hi\u00e7bir \u015fey yerine bir \u015fey var?   G\u00fcn\u00fcm\u00fczde bilim ile pop\u00fcler k\u00fclt\u00fcr aras\u0131ndaki u\u00e7urumu kapatmaya \u00e7al\u0131\u015fan birka\u00e7 \u00f6nemli bilim insan\u0131ndan biri olan Krauss, yaln\u0131zca hi\u00e7bir \u015feyden bir \u015fey \u00e7\u0131kabilece\u011fini de\u011fil, hi\u00e7bir \u015feyden her zaman bir \u015fey \u00e7\u0131kaca\u011f\u0131n\u0131 g\u00f6steren \u015fa\u015f\u0131rt\u0131c\u0131 derecede deneysel g\u00f6zlemleri ve ak\u0131l almaz yeni teorileri anlat\u0131yor.   Hi\u00e7 Yoktan Bir Evren\u2019de Krauss, mizahi \u00fcslubu ve net ve anla\u015f\u0131l\u0131r anlat\u0131m\u0131yla okuru her \u015feyin ba\u015flad\u0131\u011f\u0131 zamana g\u00f6t\u00fcr\u00fcyor ve evrenimizin nas\u0131l evrimle\u015fti\u011fine dair en son bilimsel bulgular\u0131n e\u015fli\u011finde evrenin nas\u0131l sonlanaca\u011f\u0131na dair \u00e7\u0131kar\u0131mlarda bulunuyor. <\/p>\n","protected":false},"excerpt":{"rendered":"<p>Evren nereden geldi? Ondan \u00f6nce ne vard\u0131? Gelecek ne getirecek? Son olarak neden hi\u00e7bir \u015fey yerine bir \u015fey var? G\u00fcn\u00fcm\u00fczde bilim ile pop\u00fcler k\u00fclt\u00fcr aras\u0131ndaki u\u00e7urumu<span class=\"excerpt-hellip\"> [\u2026]<\/span><\/p>\n","protected":false},"featured_media":0,"template":"","meta":{"_monsterinsights_skip_tracking":false,"_monsterinsights_sitenote_active":false,"_monsterinsights_sitenote_note":"","_monsterinsights_sitenote_category":0},"product_brand":[],"product_cat":[13005],"product_tag":[],"class_list":{"0":"post-769627","1":"product","2":"type-product","3":"status-publish","5":"product_cat-bilim-muhendislik","6":"pa_cilt-ciltsiz","7":"pa_tur-kitap","8":"pa_yayinevi-totem-yayinlari","9":"pa_yazar-lawrence-m-krauss","11":"first","12":"instock","13":"sale","14":"shipping-taxable","15":"purchasable","16":"product-type-simple"},"_links":{"self":[{"href":"https:\/\/roveyayinevi.com.tr\/index.php\/wp-json\/wp\/v2\/product\/769627","targetHints":{"allow":["GET"]}}],"collection":[{"href":"https:\/\/roveyayinevi.com.tr\/index.php\/wp-json\/wp\/v2\/product"}],"about":[{"href":"https:\/\/roveyayinevi.com.tr\/index.php\/wp-json\/wp\/v2\/types\/product"}],"wp:attachment":[{"href":"https:\/\/roveyayinevi.com.tr\/index.php\/wp-json\/wp\/v2\/media?parent=769627"}],"wp:term":[{"taxonomy":"product_brand","embeddable":true,"href":"https:\/\/roveyayinevi.com.tr\/index.php\/wp-json\/wp\/v2\/product_brand?post=769627"},{"taxonomy":"product_cat","embeddable":true,"href":"https:\/\/roveyayinevi.com.tr\/index.php\/wp-json\/wp\/v2\/product_cat?post=769627"},{"taxonomy":"product_tag","embeddable":true,"href":"https:\/\/roveyayinevi.com.tr\/index.php\/wp-json\/wp\/v2\/product_tag?post=769627"}],"curies":[{"name":"wp","href":"https:\/\/api.w.org\/{rel}","templated":true}]}}