{"id":769626,"date":"2025-08-28T14:00:57","date_gmt":"2025-08-28T11:00:57","guid":{"rendered":"https:\/\/roveyayinevi.com.tr\/index.php\/urun\/istanbul-6\/"},"modified":"2026-04-15T03:35:47","modified_gmt":"2026-04-15T00:35:47","slug":"istanbul-6","status":"publish","type":"product","link":"https:\/\/roveyayinevi.com.tr\/index.php\/urun\/istanbul-6\/","title":{"rendered":"\u0130stanbul"},"content":{"rendered":"<p>D\u00fcnya tarihinin en b\u00fcy\u00fcleyici \u015fehirlerinden biri olan \u0130stanbul, sadece co\u011frafi konumuyla de\u011fil, ge\u00e7irdi\u011fi d\u00f6n\u00fc\u015f\u00fcmlerle de insanl\u0131\u011f\u0131n medeniyet haf\u0131zas\u0131nda e\u015fsiz bir yer edinmi\u015ftir. Feridun M. Emecen, bu eserde \u0130stanbul\u2019un tarihini bir d\u00f6n\u00fc\u015f\u00fcm anlat\u0131s\u0131 olarak ele al\u0131yor. \u015eehir, Pagan d\u00f6neminden Hristiyan Roma\u2019ya, Osmanl\u0131\u2019n\u0131n g\u00f6z kama\u015ft\u0131r\u0131c\u0131 payitaht\u0131ndan modernle\u015fme s\u00fcrecine uzanan bir zaman \u00e7izelgesinde, tarihin keskin d\u00f6neme\u00e7lerinde yeniden \u015fekilleniyor. \u0130stanbul\u2019un jeopolitik \u00f6neminden k\u00fclt\u00fcrel zenginliklerine, imparatorluklar\u0131n hayallerini s\u00fcsleyen stratejik kimli\u011finden d\u00f6n\u00fcm noktas\u0131 olan b\u00fcy\u00fck olaylar\u0131na kadar bir\u00e7ok y\u00f6n\u00fc, titiz bir akademik yakla\u015f\u0131mla ele al\u0131n\u0131yor. Emecen\u2019in zengin kaynaklarla desteklenmi\u015f, farkl\u0131 d\u00f6nemlere dair derinlemesine analizi, hem akademisyenler hem de tarih merakl\u0131lar\u0131 i\u00e7in vazge\u00e7ilmez bir ba\u015fvuru kayna\u011f\u0131 sunuyor. \u0130ster \u0130stanbul\u2019u ge\u00e7mi\u015fin ihti\u015faml\u0131 payitaht\u0131 olarak g\u00f6rmek isteyin, ister modern d\u00fcnyan\u0131n e\u015fi\u011finde bir \u015fehir olarak; bu kitap, d\u00f6n\u00fc\u015f\u00fcmlerin izlerini s\u00fcrerek sizi b\u00fcy\u00fcleyici bir tarih yolculu\u011funa davet ediyor. \u0130stanbul\u2019un biricik hik\u00e2yesini daima ve yeniden ke\u015ffetmek i\u00e7in\u2026 <\/p>\n","protected":false},"excerpt":{"rendered":"<p>D\u00fcnya tarihinin en b\u00fcy\u00fcleyici \u015fehirlerinden biri olan \u0130stanbul, sadece co\u011frafi konumuyla de\u011fil, ge\u00e7irdi\u011fi d\u00f6n\u00fc\u015f\u00fcmlerle de insanl\u0131\u011f\u0131n medeniyet haf\u0131zas\u0131nda e\u015fsiz bir yer edinmi\u015ftir. Feridun M. Emecen, bu<span class=\"excerpt-hellip\"> [\u2026]<\/span><\/p>\n","protected":false},"featured_media":0,"template":"","meta":{"_monsterinsights_skip_tracking":false,"_monsterinsights_sitenote_active":false,"_monsterinsights_sitenote_note":"","_monsterinsights_sitenote_category":0},"product_brand":[],"product_cat":[12370,12304],"product_tag":[],"class_list":{"0":"post-769626","1":"product","2":"type-product","3":"status-publish","5":"product_cat-arastirma-inceleme","6":"product_cat-tarih","7":"pa_cilt-ciltsiz","8":"pa_tur-kitap","9":"pa_yayinevi-kapi-yayinlari","10":"pa_yazar-feridun-m-emecen","12":"first","13":"instock","14":"sale","15":"shipping-taxable","16":"purchasable","17":"product-type-simple"},"_links":{"self":[{"href":"https:\/\/roveyayinevi.com.tr\/index.php\/wp-json\/wp\/v2\/product\/769626","targetHints":{"allow":["GET"]}}],"collection":[{"href":"https:\/\/roveyayinevi.com.tr\/index.php\/wp-json\/wp\/v2\/product"}],"about":[{"href":"https:\/\/roveyayinevi.com.tr\/index.php\/wp-json\/wp\/v2\/types\/product"}],"wp:attachment":[{"href":"https:\/\/roveyayinevi.com.tr\/index.php\/wp-json\/wp\/v2\/media?parent=769626"}],"wp:term":[{"taxonomy":"product_brand","embeddable":true,"href":"https:\/\/roveyayinevi.com.tr\/index.php\/wp-json\/wp\/v2\/product_brand?post=769626"},{"taxonomy":"product_cat","embeddable":true,"href":"https:\/\/roveyayinevi.com.tr\/index.php\/wp-json\/wp\/v2\/product_cat?post=769626"},{"taxonomy":"product_tag","embeddable":true,"href":"https:\/\/roveyayinevi.com.tr\/index.php\/wp-json\/wp\/v2\/product_tag?post=769626"}],"curies":[{"name":"wp","href":"https:\/\/api.w.org\/{rel}","templated":true}]}}