{"id":769624,"date":"2025-08-28T14:00:53","date_gmt":"2025-08-28T11:00:53","guid":{"rendered":"https:\/\/roveyayinevi.com.tr\/index.php\/urun\/kutsal-ucgenin-gizli-sirri\/"},"modified":"2026-04-15T03:35:47","modified_gmt":"2026-04-15T00:35:47","slug":"kutsal-ucgenin-gizli-sirri","status":"publish","type":"product","link":"https:\/\/roveyayinevi.com.tr\/index.php\/urun\/kutsal-ucgenin-gizli-sirri\/","title":{"rendered":"Kutsal \u00dc\u00e7genin Gizli S\u0131rr\u0131"},"content":{"rendered":"<p>Bu kitapta yan\u0131t\u0131 aran\u0131lan sorular:1-Hz.\u0130sa&#8217;n\u0131n mezar\u0131 Ege b\u00f6lgesinde mi?2-Hz.\u0130sa&#8217;n\u0131n annesi Meryem Ana\u2019n\u0131n mezar\u0131 Sel\u00e7uk\u2019ta B\u00fclb\u00fcl Da\u011f\u0131nda m\u0131?3-Hz.\u0130sa&#8217;n\u0131n kar\u0131s\u0131n\u0131n mezar\u0131 Ege b\u00f6lgesinde mi?4-Hz.\u0130sa&#8217;n\u0131n kar\u0131s\u0131 Ege b\u00f6lgesinde mi do\u011fum yapt\u0131?5-Yuhanna \u0130ncilinin yazar\u0131 St. Jean\u2019\u0131n mezar\u0131 Sel\u00e7uk\u2019ta m\u0131?6-\u015eirince neden k\u0131yametten etkilenmeyecek?7-Papa neden gizlice T\u00fcrkiye&#8217;ye gelerek baz\u0131 ki\u015filerle gizli bir \u015fekilde g\u00f6r\u00fc\u015ft\u00fc?8-Efes&#8217;teki Meryem Ana evinin ilgin\u00e7 bulunu\u015fu nas\u0131l oldu?9-\u015eirince&#8217;deki uzaydan g\u00f6r\u00fcnen \u0131\u015f\u0131k nedir?10-\u015eirince\u2019nin s\u0131rr\u0131 nedir?11-Hz.\u0130sa ve annesinin mezarlar\u0131 oldu\u011fu iddia edilen yerler nerededir?12-Bu mezarlar\u0131n bulunma olas\u0131l\u0131k oranlar\u0131 ne kadard\u0131r?13-Bu mezarlar Ege b\u00f6lgesinde bulunursa T\u00fcrk turizmini nas\u0131l etkiler?14-\u00c7emberlita\u015f\u2019\u0131n s\u0131rr\u0131 nedir?15-Kuran&#8217;da B\u00fclb\u00fcl Da\u011f\u0131n\u0131n tan\u0131m\u0131 yap\u0131lm\u0131\u015f m\u0131?16-Mayalar\u0131n s\u0131rr\u0131 nedir? -Bu ve bunun gibi, di\u011fer ilgin\u00e7 sorular\u0131n yan\u0131tlar\u0131-<\/p>\n","protected":false},"excerpt":{"rendered":"<p>Bu kitapta yan\u0131t\u0131 aran\u0131lan sorular:1-Hz.\u0130sa&#8217;n\u0131n mezar\u0131 Ege b\u00f6lgesinde mi?2-Hz.\u0130sa&#8217;n\u0131n annesi Meryem Ana\u2019n\u0131n mezar\u0131 Sel\u00e7uk\u2019ta B\u00fclb\u00fcl Da\u011f\u0131nda m\u0131?3-Hz.\u0130sa&#8217;n\u0131n kar\u0131s\u0131n\u0131n mezar\u0131 Ege b\u00f6lgesinde mi?4-Hz.\u0130sa&#8217;n\u0131n kar\u0131s\u0131 Ege b\u00f6lgesinde mi<span class=\"excerpt-hellip\"> [\u2026]<\/span><\/p>\n","protected":false},"featured_media":0,"template":"","meta":{"_monsterinsights_skip_tracking":false,"_monsterinsights_sitenote_active":false,"_monsterinsights_sitenote_note":"","_monsterinsights_sitenote_category":0},"product_brand":[],"product_cat":[12370,12304],"product_tag":[],"class_list":{"0":"post-769624","1":"product","2":"type-product","3":"status-publish","5":"product_cat-arastirma-inceleme","6":"product_cat-tarih","7":"pa_cilt-ciltsiz","8":"pa_tur-kitap","9":"pa_yayinevi-servet-yayinevi","10":"pa_yazar-semih-egemen","12":"first","13":"instock","14":"sale","15":"shipping-taxable","16":"purchasable","17":"product-type-simple"},"_links":{"self":[{"href":"https:\/\/roveyayinevi.com.tr\/index.php\/wp-json\/wp\/v2\/product\/769624","targetHints":{"allow":["GET"]}}],"collection":[{"href":"https:\/\/roveyayinevi.com.tr\/index.php\/wp-json\/wp\/v2\/product"}],"about":[{"href":"https:\/\/roveyayinevi.com.tr\/index.php\/wp-json\/wp\/v2\/types\/product"}],"wp:attachment":[{"href":"https:\/\/roveyayinevi.com.tr\/index.php\/wp-json\/wp\/v2\/media?parent=769624"}],"wp:term":[{"taxonomy":"product_brand","embeddable":true,"href":"https:\/\/roveyayinevi.com.tr\/index.php\/wp-json\/wp\/v2\/product_brand?post=769624"},{"taxonomy":"product_cat","embeddable":true,"href":"https:\/\/roveyayinevi.com.tr\/index.php\/wp-json\/wp\/v2\/product_cat?post=769624"},{"taxonomy":"product_tag","embeddable":true,"href":"https:\/\/roveyayinevi.com.tr\/index.php\/wp-json\/wp\/v2\/product_tag?post=769624"}],"curies":[{"name":"wp","href":"https:\/\/api.w.org\/{rel}","templated":true}]}}