{"id":769619,"date":"2025-08-28T14:00:42","date_gmt":"2025-08-28T11:00:42","guid":{"rendered":"https:\/\/roveyayinevi.com.tr\/index.php\/urun\/demiryolu-cocuklari-kisaltilmis-metin\/"},"modified":"2026-04-15T03:35:46","modified_gmt":"2026-04-15T00:35:46","slug":"demiryolu-cocuklari-kisaltilmis-metin","status":"publish","type":"product","link":"https:\/\/roveyayinevi.com.tr\/index.php\/urun\/demiryolu-cocuklari-kisaltilmis-metin\/","title":{"rendered":"Demiryolu \u00c7ocuklar\u0131 (K\u0131salt\u0131lm\u0131\u015f Metin)"},"content":{"rendered":"<p>Bobbie, Peter ve Phyllis karde\u015flerin hayat\u0131 bir gecede de\u011fi\u015fir. Babalar\u0131 aniden ortadan kaybolur, anneleriyle birlikte Londra\u2019daki evlerinden ayr\u0131larak k\u0131rsalda k\u00fc\u00e7\u00fck bir eve ta\u015f\u0131n\u0131rlar. \u00dc\u00e7 karde\u015f i\u00e7in bu yeni hayat maceralar, dostluklar ve s\u0131rlarla doludur. Yeni insanlarla ba\u011f kurarken, demiryolunun gizemlerini \u00e7\u00f6zmeye \u00e7al\u0131\u015f\u0131r ve babalar\u0131n\u0131 geri getirebilmek i\u00e7in ellerinden geleni yaparlar.Demiyolu \u00c7ocuklar\u0131, dayan\u0131\u015fma ve iyili\u011fin g\u00fcc\u00fcn\u00fc anlatan, demiryolunun h\u00fcz\u00fcnl\u00fc bir ba\u015flang\u0131c\u0131 nas\u0131l umut dolu bir maceraya d\u00f6n\u00fc\u015ft\u00fcrebilece\u011fini g\u00f6steren bir hik\u00e2ye.<\/p>\n","protected":false},"excerpt":{"rendered":"<p>Bobbie, Peter ve Phyllis karde\u015flerin hayat\u0131 bir gecede de\u011fi\u015fir. Babalar\u0131 aniden ortadan kaybolur, anneleriyle birlikte Londra\u2019daki evlerinden ayr\u0131larak k\u0131rsalda k\u00fc\u00e7\u00fck bir eve ta\u015f\u0131n\u0131rlar. \u00dc\u00e7 karde\u015f i\u00e7in<span class=\"excerpt-hellip\"> [\u2026]<\/span><\/p>\n","protected":false},"featured_media":0,"template":"","meta":{"_monsterinsights_skip_tracking":false,"_monsterinsights_sitenote_active":false,"_monsterinsights_sitenote_note":"","_monsterinsights_sitenote_category":0},"product_brand":[],"product_cat":[12274,12467],"product_tag":[],"class_list":{"0":"post-769619","1":"product","2":"type-product","3":"status-publish","5":"product_cat-cocuk-ve-genclik-kitaplari","6":"product_cat-dunya-klasikleri","7":"pa_cilt-ciltsiz","8":"pa_tur-kitap","9":"pa_yayinevi-mundi","10":"pa_yazar-edith-nesbit","12":"first","13":"instock","14":"sale","15":"shipping-taxable","16":"purchasable","17":"product-type-simple"},"_links":{"self":[{"href":"https:\/\/roveyayinevi.com.tr\/index.php\/wp-json\/wp\/v2\/product\/769619","targetHints":{"allow":["GET"]}}],"collection":[{"href":"https:\/\/roveyayinevi.com.tr\/index.php\/wp-json\/wp\/v2\/product"}],"about":[{"href":"https:\/\/roveyayinevi.com.tr\/index.php\/wp-json\/wp\/v2\/types\/product"}],"wp:attachment":[{"href":"https:\/\/roveyayinevi.com.tr\/index.php\/wp-json\/wp\/v2\/media?parent=769619"}],"wp:term":[{"taxonomy":"product_brand","embeddable":true,"href":"https:\/\/roveyayinevi.com.tr\/index.php\/wp-json\/wp\/v2\/product_brand?post=769619"},{"taxonomy":"product_cat","embeddable":true,"href":"https:\/\/roveyayinevi.com.tr\/index.php\/wp-json\/wp\/v2\/product_cat?post=769619"},{"taxonomy":"product_tag","embeddable":true,"href":"https:\/\/roveyayinevi.com.tr\/index.php\/wp-json\/wp\/v2\/product_tag?post=769619"}],"curies":[{"name":"wp","href":"https:\/\/api.w.org\/{rel}","templated":true}]}}