{"id":769618,"date":"2025-08-28T14:00:40","date_gmt":"2025-08-28T11:00:40","guid":{"rendered":"https:\/\/roveyayinevi.com.tr\/index.php\/urun\/gorunmez-adam-kisaltilmis-metin\/"},"modified":"2026-04-15T03:35:46","modified_gmt":"2026-04-15T00:35:46","slug":"gorunmez-adam-kisaltilmis-metin","status":"publish","type":"product","link":"https:\/\/roveyayinevi.com.tr\/index.php\/urun\/gorunmez-adam-kisaltilmis-metin\/","title":{"rendered":"G\u00f6r\u00fcnmez Adam (K\u0131salt\u0131lm\u0131\u015f Metin)"},"content":{"rendered":"<p>\u0130nsan bedenini g\u00f6r\u00fcnmez k\u0131lman\u0131n s\u0131rr\u0131n\u0131 \u00e7\u00f6zen deha Griffin, ke\u015ffini g\u00fc\u00e7 ve \u00f6zg\u00fcrl\u00fck i\u00e7in kullanabilece\u011fine inan\u0131r. Ancak g\u00f6r\u00fcnmezlik, kaosu ve yaln\u0131zl\u0131\u011f\u0131 da beraberinde getirir.H.G. Wells\u2019in \u00e7\u0131\u011f\u0131r a\u00e7an bilimkurgu klasi\u011fi ahlak, insan do\u011fas\u0131 ve bilimin s\u0131n\u0131rlar\u0131n\u0131 sorgulayan bir roman.<\/p>\n","protected":false},"excerpt":{"rendered":"<p>\u0130nsan bedenini g\u00f6r\u00fcnmez k\u0131lman\u0131n s\u0131rr\u0131n\u0131 \u00e7\u00f6zen deha Griffin, ke\u015ffini g\u00fc\u00e7 ve \u00f6zg\u00fcrl\u00fck i\u00e7in kullanabilece\u011fine inan\u0131r. Ancak g\u00f6r\u00fcnmezlik, kaosu ve yaln\u0131zl\u0131\u011f\u0131 da beraberinde getirir.H.G. Wells\u2019in \u00e7\u0131\u011f\u0131r a\u00e7an<span class=\"excerpt-hellip\"> [\u2026]<\/span><\/p>\n","protected":false},"featured_media":0,"template":"","meta":{"_monsterinsights_skip_tracking":false,"_monsterinsights_sitenote_active":false,"_monsterinsights_sitenote_note":"","_monsterinsights_sitenote_category":0},"product_brand":[],"product_cat":[12274,12467],"product_tag":[],"class_list":{"0":"post-769618","1":"product","2":"type-product","3":"status-publish","5":"product_cat-cocuk-ve-genclik-kitaplari","6":"product_cat-dunya-klasikleri","7":"pa_cilt-ciltsiz","8":"pa_tur-kitap","9":"pa_yayinevi-mundi","10":"pa_yazar-h-g-wells","12":"first","13":"instock","14":"sale","15":"shipping-taxable","16":"purchasable","17":"product-type-simple"},"_links":{"self":[{"href":"https:\/\/roveyayinevi.com.tr\/index.php\/wp-json\/wp\/v2\/product\/769618","targetHints":{"allow":["GET"]}}],"collection":[{"href":"https:\/\/roveyayinevi.com.tr\/index.php\/wp-json\/wp\/v2\/product"}],"about":[{"href":"https:\/\/roveyayinevi.com.tr\/index.php\/wp-json\/wp\/v2\/types\/product"}],"wp:attachment":[{"href":"https:\/\/roveyayinevi.com.tr\/index.php\/wp-json\/wp\/v2\/media?parent=769618"}],"wp:term":[{"taxonomy":"product_brand","embeddable":true,"href":"https:\/\/roveyayinevi.com.tr\/index.php\/wp-json\/wp\/v2\/product_brand?post=769618"},{"taxonomy":"product_cat","embeddable":true,"href":"https:\/\/roveyayinevi.com.tr\/index.php\/wp-json\/wp\/v2\/product_cat?post=769618"},{"taxonomy":"product_tag","embeddable":true,"href":"https:\/\/roveyayinevi.com.tr\/index.php\/wp-json\/wp\/v2\/product_tag?post=769618"}],"curies":[{"name":"wp","href":"https:\/\/api.w.org\/{rel}","templated":true}]}}