{"id":769607,"date":"2025-08-28T14:00:16","date_gmt":"2025-08-28T11:00:16","guid":{"rendered":"https:\/\/roveyayinevi.com.tr\/index.php\/urun\/bu-benim-yavru-kedim-degil-ciltli\/"},"modified":"2026-04-08T03:31:47","modified_gmt":"2026-04-08T00:31:47","slug":"bu-benim-yavru-kedim-degil-ciltli","status":"publish","type":"product","link":"https:\/\/roveyayinevi.com.tr\/index.php\/urun\/bu-benim-yavru-kedim-degil-ciltli\/","title":{"rendered":"Bu Benim Yavru Kedim De\u011fil\u2026 (Ciltli)"},"content":{"rendered":"<p>Bu tatl\u0131 m\u0131 tatl\u0131 kitaplar minik eller i\u00e7in haz\u0131rland\u0131. Reng\u00e2renk \u00e7izimleri ve farkl\u0131 dokulara sahip k\u0131s\u0131mlar\u0131 ile duyusal geli\u015fime katk\u0131da bulunup dil fark\u0131ndal\u0131\u011f\u0131 sa\u011flayacak. Bebekler ve k\u00fc\u00e7\u00fck \u00e7ocuklar sayfalar\u0131 \u00e7evirip farkl\u0131 dokulara temas etmeye bay\u0131lacak! <\/p>\n","protected":false},"excerpt":{"rendered":"<p>Bu tatl\u0131 m\u0131 tatl\u0131 kitaplar minik eller i\u00e7in haz\u0131rland\u0131. Reng\u00e2renk \u00e7izimleri ve farkl\u0131 dokulara sahip k\u0131s\u0131mlar\u0131 ile duyusal geli\u015fime katk\u0131da bulunup dil fark\u0131ndal\u0131\u011f\u0131 sa\u011flayacak. Bebekler ve<span class=\"excerpt-hellip\"> [\u2026]<\/span><\/p>\n","protected":false},"featured_media":0,"template":"","meta":{"_monsterinsights_skip_tracking":false,"_monsterinsights_sitenote_active":false,"_monsterinsights_sitenote_note":"","_monsterinsights_sitenote_category":0},"product_brand":[],"product_cat":[12274,12284],"product_tag":[],"class_list":{"0":"post-769607","1":"product","2":"type-product","3":"status-publish","5":"product_cat-cocuk-ve-genclik-kitaplari","6":"product_cat-hikayeler","7":"pa_cilt-ciltli","8":"pa_tur-kitap","9":"pa_yayinevi-buyulu-fener-yayinlari","10":"pa_yazar-fiona-watt","12":"first","13":"instock","14":"sale","15":"shipping-taxable","16":"purchasable","17":"product-type-simple"},"_links":{"self":[{"href":"https:\/\/roveyayinevi.com.tr\/index.php\/wp-json\/wp\/v2\/product\/769607","targetHints":{"allow":["GET"]}}],"collection":[{"href":"https:\/\/roveyayinevi.com.tr\/index.php\/wp-json\/wp\/v2\/product"}],"about":[{"href":"https:\/\/roveyayinevi.com.tr\/index.php\/wp-json\/wp\/v2\/types\/product"}],"wp:attachment":[{"href":"https:\/\/roveyayinevi.com.tr\/index.php\/wp-json\/wp\/v2\/media?parent=769607"}],"wp:term":[{"taxonomy":"product_brand","embeddable":true,"href":"https:\/\/roveyayinevi.com.tr\/index.php\/wp-json\/wp\/v2\/product_brand?post=769607"},{"taxonomy":"product_cat","embeddable":true,"href":"https:\/\/roveyayinevi.com.tr\/index.php\/wp-json\/wp\/v2\/product_cat?post=769607"},{"taxonomy":"product_tag","embeddable":true,"href":"https:\/\/roveyayinevi.com.tr\/index.php\/wp-json\/wp\/v2\/product_tag?post=769607"}],"curies":[{"name":"wp","href":"https:\/\/api.w.org\/{rel}","templated":true}]}}