{"id":769604,"date":"2025-08-28T14:00:11","date_gmt":"2025-08-28T11:00:11","guid":{"rendered":"https:\/\/roveyayinevi.com.tr\/index.php\/urun\/beceri-kazanma-ve-gelistirme\/"},"modified":"2026-04-15T03:35:46","modified_gmt":"2026-04-15T00:35:46","slug":"beceri-kazanma-ve-gelistirme","status":"publish","type":"product","link":"https:\/\/roveyayinevi.com.tr\/index.php\/urun\/beceri-kazanma-ve-gelistirme\/","title":{"rendered":"Beceri Kazanma ve Geli\u015ftirme"},"content":{"rendered":"<p>Teknolojik de\u011fi\u015fimin h\u0131z\u0131 art\u0131k\u00e7a, yeni becerilere olan talep de art\u0131yor. Yapay zek\u00e2 gibi ileri teknolojiler, geleneksel i\u015f tan\u0131mlar\u0131n\u0131 d\u00f6n\u00fc\u015ft\u00fcrerek yeni g\u00f6revlerin ve mesleklerin ortaya \u00e7\u0131kmas\u0131na neden oluyor. Bu de\u011fi\u015fim kar\u015f\u0131s\u0131nda ak\u0131ll\u0131 ve vizyoner kurulu\u015flar, yeni bir i\u015fg\u00fcc\u00fcn\u00fcn ortaya \u00e7\u0131kmas\u0131n\u0131 beklemek yerine, \u00e7al\u0131\u015fanlar\u0131n\u0131 d\u00f6n\u00fc\u015ft\u00fcrmek ad\u0131na stratejik yat\u0131r\u0131mlar yap\u0131yor. Yeni yetenekleri i\u015fe almakla kalm\u0131yor, ayn\u0131 zamanda onlar\u0131 s\u00fcrekli geli\u015ftirmek i\u00e7in beceri temelli bir yakla\u015f\u0131m\u0131 benimsiyorlar. \u00c7al\u0131\u015fanlar\u0131n\u0131, dijital \u00f6\u011frenme teknolojilerini kullanarak dinamik \u015fekilde beceri kazanmas\u0131n\u0131 sa\u011fl\u0131yorlar. Peki, siz bu d\u00f6n\u00fc\u015f\u00fcm s\u00fcrecinde hangi yakla\u015f\u0131m\u0131 benimseyeceksiniz? Hem bug\u00fcn\u00fcn hem de gelece\u011fin i\u015fg\u00fcc\u00fcn\u00fc olu\u015fturmak i\u00e7in hangi stratejileri hayata ge\u00e7ireceksiniz? Harvard Business Review\u2019in alan\u0131nda uzman isimlerin makalelerinden derledi\u011fi Beceri Kazanma ve Geli\u015ftirme kitab\u0131, i\u015fg\u00fcc\u00fcn\u00fcz\u00fc yeniden in\u015fa etme ve e\u011fitme konusunda g\u00fcn\u00fcm\u00fcz\u00fcn en g\u00fcncel ve etkili fikirlerini sunuyor. Bu kitapta do\u011fru beceri kazand\u0131rma programlar\u0131n\u0131 ba\u015flatman\u0131n yollar\u0131n\u0131, bu programlar\u0131n etkisini nas\u0131l \u00f6l\u00e7ebilece\u011finizi ve \u015firketinizi yeni beceri ekonomisinde rekabet\u00e7i k\u0131lmak i\u00e7in nas\u0131l haz\u0131rlayaca\u011f\u0131n\u0131z\u0131 bulacaks\u0131n\u0131z. <\/p>\n","protected":false},"excerpt":{"rendered":"<p>Teknolojik de\u011fi\u015fimin h\u0131z\u0131 art\u0131k\u00e7a, yeni becerilere olan talep de art\u0131yor. Yapay zek\u00e2 gibi ileri teknolojiler, geleneksel i\u015f tan\u0131mlar\u0131n\u0131 d\u00f6n\u00fc\u015ft\u00fcrerek yeni g\u00f6revlerin ve mesleklerin ortaya \u00e7\u0131kmas\u0131na neden<span class=\"excerpt-hellip\"> [\u2026]<\/span><\/p>\n","protected":false},"featured_media":0,"template":"","meta":{"_monsterinsights_skip_tracking":false,"_monsterinsights_sitenote_active":false,"_monsterinsights_sitenote_note":"","_monsterinsights_sitenote_category":0},"product_brand":[],"product_cat":[13043,17647],"product_tag":[],"class_list":{"0":"post-769604","1":"product","2":"type-product","3":"status-publish","5":"product_cat-ekonomi","6":"product_cat-is-dunyasi","7":"pa_cilt-ciltsiz","8":"pa_tur-kitap","9":"pa_yayinevi-optimist-yayinevi","10":"pa_yazar-kolektif","12":"first","13":"instock","14":"sale","15":"shipping-taxable","16":"purchasable","17":"product-type-simple"},"_links":{"self":[{"href":"https:\/\/roveyayinevi.com.tr\/index.php\/wp-json\/wp\/v2\/product\/769604","targetHints":{"allow":["GET"]}}],"collection":[{"href":"https:\/\/roveyayinevi.com.tr\/index.php\/wp-json\/wp\/v2\/product"}],"about":[{"href":"https:\/\/roveyayinevi.com.tr\/index.php\/wp-json\/wp\/v2\/types\/product"}],"wp:attachment":[{"href":"https:\/\/roveyayinevi.com.tr\/index.php\/wp-json\/wp\/v2\/media?parent=769604"}],"wp:term":[{"taxonomy":"product_brand","embeddable":true,"href":"https:\/\/roveyayinevi.com.tr\/index.php\/wp-json\/wp\/v2\/product_brand?post=769604"},{"taxonomy":"product_cat","embeddable":true,"href":"https:\/\/roveyayinevi.com.tr\/index.php\/wp-json\/wp\/v2\/product_cat?post=769604"},{"taxonomy":"product_tag","embeddable":true,"href":"https:\/\/roveyayinevi.com.tr\/index.php\/wp-json\/wp\/v2\/product_tag?post=769604"}],"curies":[{"name":"wp","href":"https:\/\/api.w.org\/{rel}","templated":true}]}}