{"id":769603,"date":"2025-08-28T14:00:09","date_gmt":"2025-08-28T11:00:09","guid":{"rendered":"https:\/\/roveyayinevi.com.tr\/index.php\/urun\/gagasi-olmayan-yarasayulu\/"},"modified":"2026-04-15T03:35:46","modified_gmt":"2026-04-15T00:35:46","slug":"gagasi-olmayan-yarasayulu","status":"publish","type":"product","link":"https:\/\/roveyayinevi.com.tr\/index.php\/urun\/gagasi-olmayan-yarasayulu\/","title":{"rendered":"Gagas\u0131 Olmayan YarasaYulu"},"content":{"rendered":"<p>Yarasa Yulu, herkes uyurken karanl\u0131\u011f\u0131n keyfini \u00e7\u0131kar\u0131yordu. Ta ki o sesi duyana kadar: \u201cHey sen! Ne kadar da garip bir ku\u015fsun. Kanatlar\u0131n var, u\u00e7uyorsun ama ku\u015fa hi\u00e7 benzemiyorsun.\u201d ***   Hangimiz kendimizi bazen di\u011ferlerinden farkl\u0131 hissetmiyoruz ki? Bu ger\u00e7ekten bir sorun mu? Yoksa farkl\u0131l\u0131klar\u0131m\u0131z, bize reng\u00e2renk bir d\u00fcnyada ya\u015fama imk\u00e2n\u0131 m\u0131 sunuyor?   \u00c7ocuk Geli\u015fim Uzman\u0131 Nihal Turan Yurdabak, \u201cfarkl\u0131 olmak\u201d gibi \u00f6nemli bir kavram\u0131 ele al\u0131rken, yavru bir yarasa ile u\u00e7an bir sincab\u0131n, sevgi dolu hik\u00e2yesiyle, birbirini oldu\u011fu gibi kabul etmenin sonu\u00e7lar\u0131n\u0131 da g\u00f6zler \u00f6n\u00fcne seriyor.<\/p>\n","protected":false},"excerpt":{"rendered":"<p>Yarasa Yulu, herkes uyurken karanl\u0131\u011f\u0131n keyfini \u00e7\u0131kar\u0131yordu. Ta ki o sesi duyana kadar: \u201cHey sen! Ne kadar da garip bir ku\u015fsun. Kanatlar\u0131n var, u\u00e7uyorsun ama ku\u015fa<span class=\"excerpt-hellip\"> [\u2026]<\/span><\/p>\n","protected":false},"featured_media":0,"template":"","meta":{"_monsterinsights_skip_tracking":false,"_monsterinsights_sitenote_active":false,"_monsterinsights_sitenote_note":"","_monsterinsights_sitenote_category":0},"product_brand":[],"product_cat":[12274,12284],"product_tag":[],"class_list":{"0":"post-769603","1":"product","2":"type-product","3":"status-publish","5":"product_cat-cocuk-ve-genclik-kitaplari","6":"product_cat-hikayeler","7":"pa_cilt-ciltsiz","8":"pa_tur-kitap","9":"pa_yayinevi-luna-cocuk-yayinlari","10":"pa_yazar-nihal-turan-yurdabak","12":"first","13":"instock","14":"sale","15":"shipping-taxable","16":"purchasable","17":"product-type-simple"},"_links":{"self":[{"href":"https:\/\/roveyayinevi.com.tr\/index.php\/wp-json\/wp\/v2\/product\/769603","targetHints":{"allow":["GET"]}}],"collection":[{"href":"https:\/\/roveyayinevi.com.tr\/index.php\/wp-json\/wp\/v2\/product"}],"about":[{"href":"https:\/\/roveyayinevi.com.tr\/index.php\/wp-json\/wp\/v2\/types\/product"}],"wp:attachment":[{"href":"https:\/\/roveyayinevi.com.tr\/index.php\/wp-json\/wp\/v2\/media?parent=769603"}],"wp:term":[{"taxonomy":"product_brand","embeddable":true,"href":"https:\/\/roveyayinevi.com.tr\/index.php\/wp-json\/wp\/v2\/product_brand?post=769603"},{"taxonomy":"product_cat","embeddable":true,"href":"https:\/\/roveyayinevi.com.tr\/index.php\/wp-json\/wp\/v2\/product_cat?post=769603"},{"taxonomy":"product_tag","embeddable":true,"href":"https:\/\/roveyayinevi.com.tr\/index.php\/wp-json\/wp\/v2\/product_tag?post=769603"}],"curies":[{"name":"wp","href":"https:\/\/api.w.org\/{rel}","templated":true}]}}