{"id":769602,"date":"2025-08-28T14:00:08","date_gmt":"2025-08-28T11:00:08","guid":{"rendered":"https:\/\/roveyayinevi.com.tr\/index.php\/urun\/52-haftada-mutluluk-huzurlu-bir-is-hayati-icin-pratik-bir-rehber\/"},"modified":"2026-04-15T03:35:46","modified_gmt":"2026-04-15T00:35:46","slug":"52-haftada-mutluluk-huzurlu-bir-is-hayati-icin-pratik-bir-rehber","status":"publish","type":"product","link":"https:\/\/roveyayinevi.com.tr\/index.php\/urun\/52-haftada-mutluluk-huzurlu-bir-is-hayati-icin-pratik-bir-rehber\/","title":{"rendered":"52 Haftada Mutluluk &#8211; Huzurlu Bir \u0130\u015f Hayat\u0131 \u0130\u00e7in Pratik Bir Rehber"},"content":{"rendered":"<p>\u201cDaha iyi bir siz i\u00e7in gereken tek rehber. B\u00fcy\u00fcleyici ve ilham verici bir kitap.\u201d Mo Gawdat \u201cGer\u00e7ek hayat deneyimleri ve derinden gelen fikirlerle dolu. Okurken bir\u00e7ok yerde g\u00fcl\u00fcmseten e\u011flenceli bir kitap! Kesinlikle tavsiye ediyorum.\u201d Stuart White, CEO, HSBC K\u00fcresel Varl\u0131k Y\u00f6netimi \u201cRyan Hopkins o bildik mizah anlay\u0131\u015f\u0131n\u0131 uygulanabilir bir mutluluk yakla\u015f\u0131m\u0131yla birle\u015ftirerek ilgi \u00e7ekici ve bilgilendirici bir kitap ortaya koyuyor.\u201d Clare Fernandes, Genel Sa\u011fl\u0131k Y\u00f6neticisi, BBC \u201cHepimizin ihtiya\u00e7 duydu\u011fu kitap bu; hayat\u0131 zor, dolu dolu ya\u015fam\u0131\u015f ve d\u00fcnyadaki t\u00fcm sevgiyle yeniden do\u011fmu\u015f bir insan\u0131n bak\u0131\u015f a\u00e7\u0131s\u0131ndan aktar\u0131lan ger\u00e7eklerle dolu.\u201d Carmel McConnell MBE, Teknoloji Alan\u0131nda \u0130\u015fletmeci ve Yazar \u201cKolayca anla\u015f\u0131lan m\u00fckemmel k\u00fc\u00e7\u00fck b\u00f6l\u00fcmlerden olu\u015fan bir kitap. \u0130lk g\u00f6z\u00fcn\u00fcze \u00e7arpan k\u0131s\u0131mdan ba\u015flay\u0131n veya hepsini bir kerede okuyun- se\u00e7im sizin. Ryan Hopkins, i\u015f hayat\u0131n\u0131z\u0131 iyile\u015ftirecek mikro m\u00fcdahaleleri ve al\u0131\u015fkanl\u0131k de\u011fi\u015fikliklerini ortaya koyuyor.\u201d Isabel Berwick, Financial Times Mutluluk k\u00fc\u00e7\u00fck bir \u015fey de\u011fildir ancak k\u00fc\u00e7\u00fck \u015feylerin toplam\u0131ndan olu\u015fur. B\u00fcy\u00fck kazan\u0131mlar k\u00fc\u00e7\u00fck birikimler neticesinde elde edilir. K\u00fc\u00e7\u00fck \u015feylerle ancak b\u00fcy\u00fck bir fark yarat\u0131labilir. Bu kitaptaki ipu\u00e7lar\u0131n\u0131n y\u00fczde 1\u2019ini bile uygulayacak olursan\u0131z (2.27 ipucu) \u00e7ok da uzak olmayan bir gelecekte b\u00fcy\u00fck bir fark g\u00f6rece\u011finize s\u00f6z veriyorum. <\/p>\n","protected":false},"excerpt":{"rendered":"<p>\u201cDaha iyi bir siz i\u00e7in gereken tek rehber. B\u00fcy\u00fcleyici ve ilham verici bir kitap.\u201d Mo Gawdat \u201cGer\u00e7ek hayat deneyimleri ve derinden gelen fikirlerle dolu. Okurken bir\u00e7ok<span class=\"excerpt-hellip\"> [\u2026]<\/span><\/p>\n","protected":false},"featured_media":0,"template":"","meta":{"_monsterinsights_skip_tracking":false,"_monsterinsights_sitenote_active":false,"_monsterinsights_sitenote_note":"","_monsterinsights_sitenote_category":0},"product_brand":[],"product_cat":[13043,17647],"product_tag":[],"class_list":{"0":"post-769602","1":"product","2":"type-product","3":"status-publish","5":"product_cat-ekonomi","6":"product_cat-is-dunyasi","7":"pa_cilt-ciltsiz","8":"pa_tur-kitap","9":"pa_yayinevi-optimist-yayinevi","10":"pa_yazar-ryan-hopkins","12":"first","13":"instock","14":"sale","15":"shipping-taxable","16":"purchasable","17":"product-type-simple"},"_links":{"self":[{"href":"https:\/\/roveyayinevi.com.tr\/index.php\/wp-json\/wp\/v2\/product\/769602","targetHints":{"allow":["GET"]}}],"collection":[{"href":"https:\/\/roveyayinevi.com.tr\/index.php\/wp-json\/wp\/v2\/product"}],"about":[{"href":"https:\/\/roveyayinevi.com.tr\/index.php\/wp-json\/wp\/v2\/types\/product"}],"wp:attachment":[{"href":"https:\/\/roveyayinevi.com.tr\/index.php\/wp-json\/wp\/v2\/media?parent=769602"}],"wp:term":[{"taxonomy":"product_brand","embeddable":true,"href":"https:\/\/roveyayinevi.com.tr\/index.php\/wp-json\/wp\/v2\/product_brand?post=769602"},{"taxonomy":"product_cat","embeddable":true,"href":"https:\/\/roveyayinevi.com.tr\/index.php\/wp-json\/wp\/v2\/product_cat?post=769602"},{"taxonomy":"product_tag","embeddable":true,"href":"https:\/\/roveyayinevi.com.tr\/index.php\/wp-json\/wp\/v2\/product_tag?post=769602"}],"curies":[{"name":"wp","href":"https:\/\/api.w.org\/{rel}","templated":true}]}}