{"id":769601,"date":"2025-08-28T14:00:06","date_gmt":"2025-08-28T11:00:06","guid":{"rendered":"https:\/\/roveyayinevi.com.tr\/index.php\/urun\/dostlugun-sifasi\/"},"modified":"2026-04-15T03:35:46","modified_gmt":"2026-04-15T00:35:46","slug":"dostlugun-sifasi","status":"publish","type":"product","link":"https:\/\/roveyayinevi.com.tr\/index.php\/urun\/dostlugun-sifasi\/","title":{"rendered":"Dostlu\u011fun \u015eifas\u0131"},"content":{"rendered":"<p>Kedicik Kirli\u2019nin patisi, insanlar\u0131n \u00e7\u00f6pe att\u0131\u011f\u0131 cam par\u00e7as\u0131 y\u00fcz\u00fcnden yaralanm\u0131\u015ft\u0131. Neyse ki Lades Han\u0131m\u2019\u0131n herkese \u015fifa olan kar\u0131\u015f\u0131mlar\u0131 vard\u0131. Kirli\u2019nin aya\u011f\u0131 iyile\u015fmesine iyile\u015fti de \u00e7\u00f6pler; kesici aletler, cam par\u00e7ac\u0131klar\u0131 ile doluydu. Sokaktaki patili dostlar, her an zarar g\u00f6rebilirdi.   Ne yapmal\u0131yd\u0131? Ne yapmal\u0131yd\u0131? Yavru kediler ve Lades Han\u0131m\u2019\u0131n \u015fifal\u0131 kar\u0131\u015f\u0131mlar\u0131 bir araya gelirse acaba d\u00fcnya daha g\u00fczel bir yer olabilir miydi? Dostlu\u011fun \u015fifas\u0131, t\u00fcm d\u00fcnyaya yetecek miydi?   E\u011fitimci Emine Erk Bekdemir, sokak hayvanlar\u0131n\u0131n ya\u015fad\u0131\u011f\u0131 zorluklar\u0131 ele ald\u0131\u011f\u0131 hik\u00e2yesinde herkesi, hem bu konuda yap\u0131labilecekler i\u00e7in d\u00fc\u015f\u00fcnmeye hem de patili dostlar konusunda daha empatik olmaya davet ediyor.<\/p>\n","protected":false},"excerpt":{"rendered":"<p>Kedicik Kirli\u2019nin patisi, insanlar\u0131n \u00e7\u00f6pe att\u0131\u011f\u0131 cam par\u00e7as\u0131 y\u00fcz\u00fcnden yaralanm\u0131\u015ft\u0131. Neyse ki Lades Han\u0131m\u2019\u0131n herkese \u015fifa olan kar\u0131\u015f\u0131mlar\u0131 vard\u0131. Kirli\u2019nin aya\u011f\u0131 iyile\u015fmesine iyile\u015fti de \u00e7\u00f6pler; kesici<span class=\"excerpt-hellip\"> [\u2026]<\/span><\/p>\n","protected":false},"featured_media":0,"template":"","meta":{"_monsterinsights_skip_tracking":false,"_monsterinsights_sitenote_active":false,"_monsterinsights_sitenote_note":"","_monsterinsights_sitenote_category":0},"product_brand":[],"product_cat":[12274,12284],"product_tag":[],"class_list":{"0":"post-769601","1":"product","2":"type-product","3":"status-publish","5":"product_cat-cocuk-ve-genclik-kitaplari","6":"product_cat-hikayeler","7":"pa_cilt-ciltsiz","8":"pa_tur-kitap","9":"pa_yayinevi-luna-cocuk-yayinlari","10":"pa_yazar-emine-erk-bekdemir","12":"first","13":"instock","14":"sale","15":"shipping-taxable","16":"purchasable","17":"product-type-simple"},"_links":{"self":[{"href":"https:\/\/roveyayinevi.com.tr\/index.php\/wp-json\/wp\/v2\/product\/769601","targetHints":{"allow":["GET"]}}],"collection":[{"href":"https:\/\/roveyayinevi.com.tr\/index.php\/wp-json\/wp\/v2\/product"}],"about":[{"href":"https:\/\/roveyayinevi.com.tr\/index.php\/wp-json\/wp\/v2\/types\/product"}],"wp:attachment":[{"href":"https:\/\/roveyayinevi.com.tr\/index.php\/wp-json\/wp\/v2\/media?parent=769601"}],"wp:term":[{"taxonomy":"product_brand","embeddable":true,"href":"https:\/\/roveyayinevi.com.tr\/index.php\/wp-json\/wp\/v2\/product_brand?post=769601"},{"taxonomy":"product_cat","embeddable":true,"href":"https:\/\/roveyayinevi.com.tr\/index.php\/wp-json\/wp\/v2\/product_cat?post=769601"},{"taxonomy":"product_tag","embeddable":true,"href":"https:\/\/roveyayinevi.com.tr\/index.php\/wp-json\/wp\/v2\/product_tag?post=769601"}],"curies":[{"name":"wp","href":"https:\/\/api.w.org\/{rel}","templated":true}]}}