{"id":769600,"date":"2025-08-28T14:00:05","date_gmt":"2025-08-28T11:00:05","guid":{"rendered":"https:\/\/roveyayinevi.com.tr\/index.php\/urun\/bilgisel\/"},"modified":"2026-04-15T03:35:46","modified_gmt":"2026-04-15T00:35:46","slug":"bilgisel","status":"publish","type":"product","link":"https:\/\/roveyayinevi.com.tr\/index.php\/urun\/bilgisel\/","title":{"rendered":"Bilgisel"},"content":{"rendered":"<p>T\u00fcrkiye\u2019nin siyasi tarihine \u0131\u015f\u0131k tutarak ge\u00e7mi\u015fin derinliklerinde kaybolmu\u015f olaylar\u0131 \u00f6zg\u00fcn bir anlat\u0131mla sizlerle bulu\u015fturuyor. Siyasi entrikalar, dramatik olaylar, sanc\u0131l\u0131 s\u00fcre\u00e7ler, dikkat \u00e7ekici ayr\u0131nt\u0131lar ve d\u00f6nemin kahramanlar\u0131n\u0131n hayat hik\u00e2yeleriyle zenginle\u015ftirilen bu kitap, okuyucusunu tarihin en kritik anlar\u0131na do\u011fru bir yolculu\u011fa \u00e7\u0131kar\u0131yor. Son y\u00fcz y\u0131ll\u0131k d\u00f6nemde ya\u015fanan k\u0131r\u0131lma d\u00f6nemlerini; yal\u0131n, sade, ak\u0131c\u0131 bir \u00f6zetle aktaran bu eser; bu konular hakk\u0131nda nesnel bilgiye sahip olmak isteyenlere de muazzam bir f\u0131rsat sunuyor. Dijital \u00e7a\u011f\u0131n, h\u0131zla t\u00fcketilen bilgiler d\u00fcnyas\u0131nda durup d\u00fc\u015f\u00fcnme, hat\u0131rlama ve olgular aras\u0131nda ba\u011f kurman\u0131za yard\u0131mc\u0131 oluyor. Her biri tarihin ak\u0131\u015f\u0131n\u0131 de\u011fi\u015ftiren s\u00fcre\u00e7ler, okuyucuyu ge\u00e7mi\u015fle bug\u00fcn aras\u0131nda bir k\u00f6pr\u00fc kurarak, derinlemesine d\u00fc\u015f\u00fcnmeye davet ediyor. Mill\u00ee M\u00fccadele\u2019den modern T\u00fcrkiye\u2019ye uzanan bu geni\u015f perspektif, arka planda kalan ger\u00e7ekleri yeniden hat\u0131rlat\u0131rken, tarih bilincini diri tutman\u0131n \u00f6nemini de g\u00f6zler \u00f6n\u00fcne seriyor. \u201cBilgisel\u201d hat\u0131rlaman\u0131n ve \u00f6\u011frenmenin erdemini size hissettirecek bir kitap.<\/p>\n","protected":false},"excerpt":{"rendered":"<p>T\u00fcrkiye\u2019nin siyasi tarihine \u0131\u015f\u0131k tutarak ge\u00e7mi\u015fin derinliklerinde kaybolmu\u015f olaylar\u0131 \u00f6zg\u00fcn bir anlat\u0131mla sizlerle bulu\u015fturuyor. Siyasi entrikalar, dramatik olaylar, sanc\u0131l\u0131 s\u00fcre\u00e7ler, dikkat \u00e7ekici ayr\u0131nt\u0131lar ve d\u00f6nemin kahramanlar\u0131n\u0131n<span class=\"excerpt-hellip\"> [\u2026]<\/span><\/p>\n","protected":false},"featured_media":0,"template":"","meta":{"_monsterinsights_skip_tracking":false,"_monsterinsights_sitenote_active":false,"_monsterinsights_sitenote_note":"","_monsterinsights_sitenote_category":0},"product_brand":[],"product_cat":[12337,14528],"product_tag":[],"class_list":{"0":"post-769600","1":"product","2":"type-product","3":"status-publish","5":"product_cat-politika-siyaset","6":"product_cat-siyaset-tarihi","7":"pa_cilt-ciltsiz","8":"pa_tur-kitap","9":"pa_yayinevi-luna-yayinlari","10":"pa_yazar-ali-yagiz-baltaci","12":"first","13":"instock","14":"sale","15":"shipping-taxable","16":"purchasable","17":"product-type-simple"},"_links":{"self":[{"href":"https:\/\/roveyayinevi.com.tr\/index.php\/wp-json\/wp\/v2\/product\/769600","targetHints":{"allow":["GET"]}}],"collection":[{"href":"https:\/\/roveyayinevi.com.tr\/index.php\/wp-json\/wp\/v2\/product"}],"about":[{"href":"https:\/\/roveyayinevi.com.tr\/index.php\/wp-json\/wp\/v2\/types\/product"}],"wp:attachment":[{"href":"https:\/\/roveyayinevi.com.tr\/index.php\/wp-json\/wp\/v2\/media?parent=769600"}],"wp:term":[{"taxonomy":"product_brand","embeddable":true,"href":"https:\/\/roveyayinevi.com.tr\/index.php\/wp-json\/wp\/v2\/product_brand?post=769600"},{"taxonomy":"product_cat","embeddable":true,"href":"https:\/\/roveyayinevi.com.tr\/index.php\/wp-json\/wp\/v2\/product_cat?post=769600"},{"taxonomy":"product_tag","embeddable":true,"href":"https:\/\/roveyayinevi.com.tr\/index.php\/wp-json\/wp\/v2\/product_tag?post=769600"}],"curies":[{"name":"wp","href":"https:\/\/api.w.org\/{rel}","templated":true}]}}