{"id":769599,"date":"2025-08-28T14:00:03","date_gmt":"2025-08-28T11:00:03","guid":{"rendered":"https:\/\/roveyayinevi.com.tr\/index.php\/urun\/kirpi-ile-papatya\/"},"modified":"2026-04-12T03:26:51","modified_gmt":"2026-04-12T00:26:51","slug":"kirpi-ile-papatya","status":"publish","type":"product","link":"https:\/\/roveyayinevi.com.tr\/index.php\/urun\/kirpi-ile-papatya\/","title":{"rendered":"Kirpi ile Papatya"},"content":{"rendered":"<p>\u0130ki yaral\u0131 bir tam eder mi? Yaral\u0131, yaral\u0131y\u0131 iyi edebilir mi? Kendi yaras\u0131 zaman zaman s\u0131zlamaya ba\u015flad\u0131\u011f\u0131nda, onu g\u00f6rmeden, kar\u015f\u0131ya yetebilir mi ki\u015fi? Ortak yaralar tamam da, ya birbirinden apayr\u0131 yaralar. Onlar anla\u015f\u0131labilir mi? \u0130ki taraf da ayn\u0131 anda kan\u0131yorsa, birinin di\u011ferini iyi etmesi beklenir mi? Neden hep romantik gelir kurtar\u0131c\u0131 olmak ve neden birlikte iyile\u015fmek kutsald\u0131r? \u0130ncindi\u011fimiz ili\u015fkilerden sonra yeni bir ili\u015fkide iyile\u015febiliriz elbet, ama ya daha da yaralan\u0131rsak? Ya fark etmeden, yaram\u0131z\u0131 ka\u015f\u0131y\u0131c\u0131 bir kimseye tutunup, defalarca ayn\u0131 yerlerden s\u0131z\u0131m s\u0131z\u0131m s\u0131zlarsak? Ya mum gibi kar\u015f\u0131y\u0131 iyi edip ayd\u0131nlat\u0131rken kendimizi t\u00fcketirsek? \u0130ki yaral\u0131 bir tam etmiyor. Ve filmlerdeki gibi birbirini iyi de etmiyor\u2026 \u0130nsan ancak kendi kendini kabul etti\u011finde, kendi yolundan gidebildi\u011finde, kendi yaras\u0131na kimseden beklemeden merhem oldu\u011funda, en \u00e7ok kendini d\u00fc\u015f\u00fcnd\u00fc\u011f\u00fcnde iyi oluyor. \u00c7\u00fcnk\u00fc\u0308 ancak iyile\u015fme yolculu\u011fumuza e\u015flik edebilir yan\u0131m\u0131zdaki. \u0130yi bir e\u015flik\u00e7i oldu\u011funda bir\u00e7ok a\u00e7\u0131dan hayat kolayla\u015f\u0131r ve insan \u00e7ok daha \u00e7abuk iyile\u015fir, \u00e7ok daha \u00e7abuk sever kendini, \u00e7ok daha \u00e7abuk kabullenir ama tek ba\u015f\u0131na seni iyile\u015ftiremez bir e\u015flik\u00e7i.   Bu hik\u00e2yede de iki yaral\u0131 var. Ece ve Emre. \u0130kisinin de a\u015fk sand\u0131\u011f\u0131 bir hik\u00e2yeye e\u015flik ederken ili\u015fkilerindeki problemlerinin, asl\u0131nda kendi i\u00e7lerinde ta\u015f\u0131d\u0131klar\u0131 izlerden geldi\u011fine \u015fahit olacaks\u0131n\u0131z. Siz de bu yolculukta belki kendinize dair bir \u015feyler bulacak ve iyi ili\u015fkiler kurmak i\u00e7in \u00f6nce kendinize bakmak \u00fczere bir yolculu\u011fa \u00e7\u0131kacaks\u0131n\u0131z.   Keyifli okumalar\u2026<\/p>\n","protected":false},"excerpt":{"rendered":"<p>\u0130ki yaral\u0131 bir tam eder mi? Yaral\u0131, yaral\u0131y\u0131 iyi edebilir mi? Kendi yaras\u0131 zaman zaman s\u0131zlamaya ba\u015flad\u0131\u011f\u0131nda, onu g\u00f6rmeden, kar\u015f\u0131ya yetebilir mi ki\u015fi? Ortak yaralar tamam<span class=\"excerpt-hellip\"> [\u2026]<\/span><\/p>\n","protected":false},"featured_media":0,"template":"","meta":{"_monsterinsights_skip_tracking":false,"_monsterinsights_sitenote_active":false,"_monsterinsights_sitenote_note":"","_monsterinsights_sitenote_category":0},"product_brand":[],"product_cat":[12364,12376],"product_tag":[],"class_list":{"0":"post-769599","1":"product","2":"type-product","3":"status-publish","5":"product_cat-genel-konular","6":"product_cat-kisisel-gelisim","7":"pa_cilt-ciltsiz","8":"pa_tur-kitap","9":"pa_yayinevi-luna-yayinlari","10":"pa_yazar-nihan-arda","12":"first","13":"instock","14":"sale","15":"shipping-taxable","16":"purchasable","17":"product-type-simple"},"_links":{"self":[{"href":"https:\/\/roveyayinevi.com.tr\/index.php\/wp-json\/wp\/v2\/product\/769599","targetHints":{"allow":["GET"]}}],"collection":[{"href":"https:\/\/roveyayinevi.com.tr\/index.php\/wp-json\/wp\/v2\/product"}],"about":[{"href":"https:\/\/roveyayinevi.com.tr\/index.php\/wp-json\/wp\/v2\/types\/product"}],"wp:attachment":[{"href":"https:\/\/roveyayinevi.com.tr\/index.php\/wp-json\/wp\/v2\/media?parent=769599"}],"wp:term":[{"taxonomy":"product_brand","embeddable":true,"href":"https:\/\/roveyayinevi.com.tr\/index.php\/wp-json\/wp\/v2\/product_brand?post=769599"},{"taxonomy":"product_cat","embeddable":true,"href":"https:\/\/roveyayinevi.com.tr\/index.php\/wp-json\/wp\/v2\/product_cat?post=769599"},{"taxonomy":"product_tag","embeddable":true,"href":"https:\/\/roveyayinevi.com.tr\/index.php\/wp-json\/wp\/v2\/product_tag?post=769599"}],"curies":[{"name":"wp","href":"https:\/\/api.w.org\/{rel}","templated":true}]}}