{"id":769597,"date":"2025-08-28T14:00:01","date_gmt":"2025-08-28T11:00:01","guid":{"rendered":"https:\/\/roveyayinevi.com.tr\/index.php\/urun\/marxin-cehennemi-kapitalin-siyaset-teorisi\/"},"modified":"2026-04-15T03:35:46","modified_gmt":"2026-04-15T00:35:46","slug":"marxin-cehennemi-kapitalin-siyaset-teorisi","status":"publish","type":"product","link":"https:\/\/roveyayinevi.com.tr\/index.php\/urun\/marxin-cehennemi-kapitalin-siyaset-teorisi\/","title":{"rendered":"Marx\u2019\u0131n Cehennemi \u2013Kapital\u2019in Siyaset Teorisi\u2013"},"content":{"rendered":"<p>Karl Marx, \u00e7a\u011fda\u015f Bat\u0131 d\u00fc\u015f\u00fcncesinin en tart\u0131\u015fmal\u0131 ve kutupla\u015ft\u0131r\u0131c\u0131 isimlerinden biri olageldi. So\u011fuk Sava\u015f\u2019\u0131n yakla\u015f\u0131k yar\u0131m y\u00fczy\u0131la yay\u0131lan tarihinde \u00e7o\u011fu zaman \u00f6rg\u00fctl\u00fc siyasi propagandalar\u0131n ele\u011finden ge\u00e7erek kitlelere ula\u015fan fikirleri nedeniyle kimilerince peygamber, kimilerince \u201cdeccal\u201d olarak g\u00f6r\u00fcld\u00fc. Fakat son y\u0131llarda Marx\u2019\u0131n kendi \u00e7a\u011f\u0131yla ili\u015fkisini ve g\u00fcn\u00fcm\u00fcze sunabileceklerini yeniden de\u011ferlendirmek, fikirlerini g\u00f6lgesinde kald\u0131\u011f\u0131 \u00f6nyarg\u0131lardan kurtarmak isteyen ara\u015ft\u0131rmac\u0131lar, onun \u00e7al\u0131\u015fmalar\u0131na yeniden ve fark\u0131 bir g\u00f6zle odaklanmaya ba\u015flad\u0131lar. William C. Roberts bu kitab\u0131nda i\u015fte b\u00f6yle bir giri\u015fimde bulunuyor ve Marx\u2019\u0131n ba\u015fyap\u0131t\u0131na beklenmedik bir ba\u015fka eser \u00fczerinden \u2013Dante\u2019nin Cehennem\u2019i arac\u0131l\u0131\u011f\u0131yla\u2013 yeni ve \u00e7arp\u0131c\u0131 bir \u0131\u015f\u0131k tutuyor. Kapital\u2019in sadece bir siyasal iktisat ele\u015ftirisi olmad\u0131\u011f\u0131n\u0131, ayn\u0131 zamanda i\u015f\u00e7i hareketinin hayalleri ve m\u00fccadelesiyle do\u011frudan ba\u011flant\u0131l\u0131 bir siyaset teorisi metni ve manifestosu ve i\u015f\u00e7i s\u0131n\u0131f\u0131n\u0131n modern cehennemine ini\u015fin bir \u00f6yk\u00fcs\u00fc oldu\u011funu da g\u00f6steriyor. Marx\u2019\u0131n kendi \u00e7a\u011f\u0131n\u0131n sosyalist hareketleri ve rakipleriyle kurdu\u011fu diyalogu derinlemesine incelerken, i\u015f\u00e7i eme\u011finin nas\u0131l gasp edildi\u011fini, piyasan\u0131n ve y\u00f6neticilerin g\u00f6r\u00fcnmez boyunduru\u011funu ve siyasi \u00f6rg\u00fctlenmenin ger\u00e7ek olanaklar\u0131n\u0131 tart\u0131\u015farak, onun d\u00fc\u015f\u00fcncelerini cumhuriyet\u00e7i \u00f6zg\u00fcrl\u00fck gelene\u011fiyle bulu\u015fturuyor ve soruyor: Bu cehennemden \u00e7\u0131k\u0131\u015f m\u00fcmk\u00fcn m\u00fc?<\/p>\n","protected":false},"excerpt":{"rendered":"<p>Karl Marx, \u00e7a\u011fda\u015f Bat\u0131 d\u00fc\u015f\u00fcncesinin en tart\u0131\u015fmal\u0131 ve kutupla\u015ft\u0131r\u0131c\u0131 isimlerinden biri olageldi. So\u011fuk Sava\u015f\u2019\u0131n yakla\u015f\u0131k yar\u0131m y\u00fczy\u0131la yay\u0131lan tarihinde \u00e7o\u011fu zaman \u00f6rg\u00fctl\u00fc siyasi propagandalar\u0131n ele\u011finden ge\u00e7erek<span class=\"excerpt-hellip\"> [\u2026]<\/span><\/p>\n","protected":false},"featured_media":0,"template":"","meta":{"_monsterinsights_skip_tracking":false,"_monsterinsights_sitenote_active":false,"_monsterinsights_sitenote_note":"","_monsterinsights_sitenote_category":0},"product_brand":[],"product_cat":[13590,12337],"product_tag":[],"class_list":{"0":"post-769597","1":"product","2":"type-product","3":"status-publish","5":"product_cat-arastirma-inceleme-politika-siyaset","6":"product_cat-politika-siyaset","7":"pa_cilt-ciltsiz","8":"pa_tur-kitap","9":"pa_yayinevi-fol-kitap","10":"pa_yazar-william-clare-roberts","12":"first","13":"instock","14":"sale","15":"shipping-taxable","16":"purchasable","17":"product-type-simple"},"_links":{"self":[{"href":"https:\/\/roveyayinevi.com.tr\/index.php\/wp-json\/wp\/v2\/product\/769597","targetHints":{"allow":["GET"]}}],"collection":[{"href":"https:\/\/roveyayinevi.com.tr\/index.php\/wp-json\/wp\/v2\/product"}],"about":[{"href":"https:\/\/roveyayinevi.com.tr\/index.php\/wp-json\/wp\/v2\/types\/product"}],"wp:attachment":[{"href":"https:\/\/roveyayinevi.com.tr\/index.php\/wp-json\/wp\/v2\/media?parent=769597"}],"wp:term":[{"taxonomy":"product_brand","embeddable":true,"href":"https:\/\/roveyayinevi.com.tr\/index.php\/wp-json\/wp\/v2\/product_brand?post=769597"},{"taxonomy":"product_cat","embeddable":true,"href":"https:\/\/roveyayinevi.com.tr\/index.php\/wp-json\/wp\/v2\/product_cat?post=769597"},{"taxonomy":"product_tag","embeddable":true,"href":"https:\/\/roveyayinevi.com.tr\/index.php\/wp-json\/wp\/v2\/product_tag?post=769597"}],"curies":[{"name":"wp","href":"https:\/\/api.w.org\/{rel}","templated":true}]}}