{"id":769596,"date":"2025-08-28T13:59:59","date_gmt":"2025-08-28T10:59:59","guid":{"rendered":"https:\/\/roveyayinevi.com.tr\/index.php\/urun\/myanmarda-arakanli-muslumanlarin-sessiz-cigliklari\/"},"modified":"2026-04-15T03:35:46","modified_gmt":"2026-04-15T00:35:46","slug":"myanmarda-arakanli-muslumanlarin-sessiz-cigliklari","status":"publish","type":"product","link":"https:\/\/roveyayinevi.com.tr\/index.php\/urun\/myanmarda-arakanli-muslumanlarin-sessiz-cigliklari\/","title":{"rendered":"Myanmar&#8217;da Arakanl\u0131 M\u00fcsl\u00fcmanlar\u0131n Sessiz \u00c7\u0131\u011fl\u0131klar\u0131"},"content":{"rendered":"<p>Myanmar&#8217;da Arakanl\u0131 M\u00fcsl\u00fcmanlar\u0131n Sessiz \u00c7\u0131\u011fl\u0131klar\u0131 Myanmar&#8217;\u0131n Arakan b\u00f6lgesindeki trajedi, y\u0131llard\u0131r d\u00fcnya taraf\u0131ndan g\u00f6rmezden gelinmi\u015ftir. Arakanl\u0131 M\u00fcsl\u00fcmanlar, evlerinden s\u00fcr\u00fcl\u00fcp kitlesel katliama u\u011fram\u0131\u015f, ac\u0131 dolu bir direni\u015fin ortas\u0131nda ya\u015famaktad\u0131r. Bu sessiz \u00e7\u0131\u011fl\u0131klar, t\u00fcm insanl\u0131k i\u00e7in bir uyan\u0131\u015f \u00e7a\u011fr\u0131s\u0131d\u0131r. Bu kitap, Arakan&#8217;daki zulm\u00fcn ve ac\u0131n\u0131n izlerini s\u00fcrerek insan haklar\u0131 ihlallerine kar\u015f\u0131 sesimizi y\u00fckseltme sorumlulu\u011fumuzu hat\u0131rlat\u0131yor. Arakanl\u0131 M\u00fcsl\u00fcmanlar\u0131n kar\u015f\u0131la\u015ft\u0131-\u011f\u0131 vah\u015fet, sadece onlar\u0131 de\u011fil, t\u00fcm insanl\u0131\u011f\u0131 ilgilendiren evrensel bir sorun haline gelmi\u015ftir. Kitap, Arakan&#8217;daki sessiz \u00e7\u0131\u011fl\u0131klar\u0131 duyma sorumlulu\u011funu a\u015f\u0131lamay\u0131 ama\u00e7l\u0131yor ve bu dram\u0131n, hem ac\u0131 hem de diren\u00e7le yo\u011frulmu\u015f bir hik\u00e2ye olarak tarihe ge\u00e7ece\u011fini vurguluyor. <\/p>\n","protected":false},"excerpt":{"rendered":"<p>Myanmar&#8217;da Arakanl\u0131 M\u00fcsl\u00fcmanlar\u0131n Sessiz \u00c7\u0131\u011fl\u0131klar\u0131 Myanmar&#8217;\u0131n Arakan b\u00f6lgesindeki trajedi, y\u0131llard\u0131r d\u00fcnya taraf\u0131ndan g\u00f6rmezden gelinmi\u015ftir. Arakanl\u0131 M\u00fcsl\u00fcmanlar, evlerinden s\u00fcr\u00fcl\u00fcp kitlesel katliama u\u011fram\u0131\u015f, ac\u0131 dolu bir direni\u015fin ortas\u0131nda<span class=\"excerpt-hellip\"> [\u2026]<\/span><\/p>\n","protected":false},"featured_media":0,"template":"","meta":{"_monsterinsights_skip_tracking":false,"_monsterinsights_sitenote_active":false,"_monsterinsights_sitenote_note":"","_monsterinsights_sitenote_category":0},"product_brand":[],"product_cat":[12718,12719],"product_tag":[],"class_list":{"0":"post-769596","1":"product","2":"type-product","3":"status-publish","5":"product_cat-din","6":"product_cat-islam","7":"pa_cilt-ciltsiz","8":"pa_tur-kitap","9":"pa_yayinevi-kalem-lugat-yayincilik","10":"pa_yazar-zubeyt-bozkurt","12":"first","13":"instock","14":"sale","15":"shipping-taxable","16":"purchasable","17":"product-type-simple"},"_links":{"self":[{"href":"https:\/\/roveyayinevi.com.tr\/index.php\/wp-json\/wp\/v2\/product\/769596","targetHints":{"allow":["GET"]}}],"collection":[{"href":"https:\/\/roveyayinevi.com.tr\/index.php\/wp-json\/wp\/v2\/product"}],"about":[{"href":"https:\/\/roveyayinevi.com.tr\/index.php\/wp-json\/wp\/v2\/types\/product"}],"wp:attachment":[{"href":"https:\/\/roveyayinevi.com.tr\/index.php\/wp-json\/wp\/v2\/media?parent=769596"}],"wp:term":[{"taxonomy":"product_brand","embeddable":true,"href":"https:\/\/roveyayinevi.com.tr\/index.php\/wp-json\/wp\/v2\/product_brand?post=769596"},{"taxonomy":"product_cat","embeddable":true,"href":"https:\/\/roveyayinevi.com.tr\/index.php\/wp-json\/wp\/v2\/product_cat?post=769596"},{"taxonomy":"product_tag","embeddable":true,"href":"https:\/\/roveyayinevi.com.tr\/index.php\/wp-json\/wp\/v2\/product_tag?post=769596"}],"curies":[{"name":"wp","href":"https:\/\/api.w.org\/{rel}","templated":true}]}}