{"id":769594,"date":"2025-08-28T13:59:56","date_gmt":"2025-08-28T10:59:56","guid":{"rendered":"https:\/\/roveyayinevi.com.tr\/index.php\/urun\/islami-nasil-anlamaliyiz\/"},"modified":"2026-04-15T03:35:46","modified_gmt":"2026-04-15T00:35:46","slug":"islami-nasil-anlamaliyiz","status":"publish","type":"product","link":"https:\/\/roveyayinevi.com.tr\/index.php\/urun\/islami-nasil-anlamaliyiz\/","title":{"rendered":"\u0130slam\u2019\u0131 Nas\u0131l Anlamal\u0131y\u0131z?"},"content":{"rendered":"<p>Bu kitap, \u0130slam\u2019\u0131n temel \u00f6\u011fretilerini anlamak ve do\u011fru bir \u015fekilde ya\u015famak isteyen her M\u00fcsl\u00fcmana rehberlik etmeyi ama\u00e7lamaktad\u0131r. Kur\u2019an ve s\u00fcnnet \u0131\u015f\u0131\u011f\u0131nda tevhid, ahiret, ahlak ve tebli\u011f gibi temel konular\u0131 ele alarak, \u0130slam\u2019\u0131 derinlemesine anlaman\u0131z\u0131 sa\u011flayacak bir kaynak sunuyor. \u0130slam\u2019\u0131n \u00f6z\u00fcn\u00fc ke\u015ffederken, tebli\u011fdeki y\u00f6ntemler, tart\u0131\u015fmalar ve do\u011fru ya\u015fam bi\u00e7imi \u00fczerine de kapsaml\u0131 bir bak\u0131\u015f a\u00e7\u0131s\u0131 edinmi\u015f olacaks\u0131n\u0131z. <\/p>\n","protected":false},"excerpt":{"rendered":"<p>Bu kitap, \u0130slam\u2019\u0131n temel \u00f6\u011fretilerini anlamak ve do\u011fru bir \u015fekilde ya\u015famak isteyen her M\u00fcsl\u00fcmana rehberlik etmeyi ama\u00e7lamaktad\u0131r. Kur\u2019an ve s\u00fcnnet \u0131\u015f\u0131\u011f\u0131nda tevhid, ahiret, ahlak ve tebli\u011f<span class=\"excerpt-hellip\"> [\u2026]<\/span><\/p>\n","protected":false},"featured_media":0,"template":"","meta":{"_monsterinsights_skip_tracking":false,"_monsterinsights_sitenote_active":false,"_monsterinsights_sitenote_note":"","_monsterinsights_sitenote_category":0},"product_brand":[],"product_cat":[13036,12718,12719],"product_tag":[],"class_list":{"0":"post-769594","1":"product","2":"type-product","3":"status-publish","5":"product_cat-arastirma-inceleme-islam","6":"product_cat-din","7":"product_cat-islam","8":"pa_cilt-ciltsiz","9":"pa_tur-kitap","10":"pa_yayinevi-kalem-lugat-yayincilik","11":"pa_yazar-zubeyt-bozkurt","13":"first","14":"instock","15":"sale","16":"shipping-taxable","17":"purchasable","18":"product-type-simple"},"_links":{"self":[{"href":"https:\/\/roveyayinevi.com.tr\/index.php\/wp-json\/wp\/v2\/product\/769594","targetHints":{"allow":["GET"]}}],"collection":[{"href":"https:\/\/roveyayinevi.com.tr\/index.php\/wp-json\/wp\/v2\/product"}],"about":[{"href":"https:\/\/roveyayinevi.com.tr\/index.php\/wp-json\/wp\/v2\/types\/product"}],"wp:attachment":[{"href":"https:\/\/roveyayinevi.com.tr\/index.php\/wp-json\/wp\/v2\/media?parent=769594"}],"wp:term":[{"taxonomy":"product_brand","embeddable":true,"href":"https:\/\/roveyayinevi.com.tr\/index.php\/wp-json\/wp\/v2\/product_brand?post=769594"},{"taxonomy":"product_cat","embeddable":true,"href":"https:\/\/roveyayinevi.com.tr\/index.php\/wp-json\/wp\/v2\/product_cat?post=769594"},{"taxonomy":"product_tag","embeddable":true,"href":"https:\/\/roveyayinevi.com.tr\/index.php\/wp-json\/wp\/v2\/product_tag?post=769594"}],"curies":[{"name":"wp","href":"https:\/\/api.w.org\/{rel}","templated":true}]}}