{"id":769593,"date":"2025-08-28T13:59:55","date_gmt":"2025-08-28T10:59:55","guid":{"rendered":"https:\/\/roveyayinevi.com.tr\/index.php\/urun\/karanlikta-kalan-akil-cahiliyenin-izleri\/"},"modified":"2026-04-15T03:35:46","modified_gmt":"2026-04-15T00:35:46","slug":"karanlikta-kalan-akil-cahiliyenin-izleri","status":"publish","type":"product","link":"https:\/\/roveyayinevi.com.tr\/index.php\/urun\/karanlikta-kalan-akil-cahiliyenin-izleri\/","title":{"rendered":"Karanl\u0131kta Kalan Ak\u0131l Cahiliyenin \u0130zleri"},"content":{"rendered":"<p>&#8220;Karanl\u0131kta Kalan Ak\u0131l Cahiliyenin \u0130zleri&#8221;   Bu kitap, cahiliye toplumunun karanl\u0131k inan\u00e7lar\u0131n\u0131, ilkel mant\u0131\u011f\u0131n\u0131 ve ahlaki bozukluklar\u0131n\u0131 ke\u015ffeder. \u0130kna edilemez bir toplumun, korkular ve saplant\u0131larla \u015fekillenen ya\u015fam tarz\u0131n\u0131 derinlemesine inceler. Ge\u00e7mi\u015fin karanl\u0131k izlerinden g\u00fcn\u00fcm\u00fcze uzanan bu yolculuk, insan akl\u0131n\u0131n nas\u0131l \u015fekillendi\u011fini ve bu ilkel d\u00fc\u015f\u00fcncelerden nas\u0131l uzakla\u015f\u0131ld\u0131\u011f\u0131n\u0131 sorgular. <\/p>\n","protected":false},"excerpt":{"rendered":"<p>&#8220;Karanl\u0131kta Kalan Ak\u0131l Cahiliyenin \u0130zleri&#8221; Bu kitap, cahiliye toplumunun karanl\u0131k inan\u00e7lar\u0131n\u0131, ilkel mant\u0131\u011f\u0131n\u0131 ve ahlaki bozukluklar\u0131n\u0131 ke\u015ffeder. \u0130kna edilemez bir toplumun, korkular ve saplant\u0131larla \u015fekillenen ya\u015fam<span class=\"excerpt-hellip\"> [\u2026]<\/span><\/p>\n","protected":false},"featured_media":0,"template":"","meta":{"_monsterinsights_skip_tracking":false,"_monsterinsights_sitenote_active":false,"_monsterinsights_sitenote_note":"","_monsterinsights_sitenote_category":0},"product_brand":[],"product_cat":[12388],"product_tag":[],"class_list":{"0":"post-769593","1":"product","2":"type-product","3":"status-publish","5":"product_cat-felsefe","6":"pa_cilt-ciltsiz","7":"pa_tur-kitap","8":"pa_yayinevi-kalem-lugat-yayincilik","9":"pa_yazar-zubeyt-bozkurt","11":"first","12":"instock","13":"sale","14":"shipping-taxable","15":"purchasable","16":"product-type-simple"},"_links":{"self":[{"href":"https:\/\/roveyayinevi.com.tr\/index.php\/wp-json\/wp\/v2\/product\/769593","targetHints":{"allow":["GET"]}}],"collection":[{"href":"https:\/\/roveyayinevi.com.tr\/index.php\/wp-json\/wp\/v2\/product"}],"about":[{"href":"https:\/\/roveyayinevi.com.tr\/index.php\/wp-json\/wp\/v2\/types\/product"}],"wp:attachment":[{"href":"https:\/\/roveyayinevi.com.tr\/index.php\/wp-json\/wp\/v2\/media?parent=769593"}],"wp:term":[{"taxonomy":"product_brand","embeddable":true,"href":"https:\/\/roveyayinevi.com.tr\/index.php\/wp-json\/wp\/v2\/product_brand?post=769593"},{"taxonomy":"product_cat","embeddable":true,"href":"https:\/\/roveyayinevi.com.tr\/index.php\/wp-json\/wp\/v2\/product_cat?post=769593"},{"taxonomy":"product_tag","embeddable":true,"href":"https:\/\/roveyayinevi.com.tr\/index.php\/wp-json\/wp\/v2\/product_tag?post=769593"}],"curies":[{"name":"wp","href":"https:\/\/api.w.org\/{rel}","templated":true}]}}