{"id":769592,"date":"2025-08-28T13:59:53","date_gmt":"2025-08-28T10:59:53","guid":{"rendered":"https:\/\/roveyayinevi.com.tr\/index.php\/urun\/gercek-mi-hayal-mi-dusunuyorum-oyleyse-hindiyim\/"},"modified":"2026-04-15T03:35:46","modified_gmt":"2026-04-15T00:35:46","slug":"gercek-mi-hayal-mi-dusunuyorum-oyleyse-hindiyim","status":"publish","type":"product","link":"https:\/\/roveyayinevi.com.tr\/index.php\/urun\/gercek-mi-hayal-mi-dusunuyorum-oyleyse-hindiyim\/","title":{"rendered":"Ger\u00e7ek mi? Hayal mi? &#8211; D\u00fc\u015f\u00fcn\u00fcyorum \u00d6yleyse Hindiyim"},"content":{"rendered":"<p>Seri t\u00fcm heyecan\u0131yla devam eder. \u00c7ocuklar, sorular\u0131 kimin g\u00f6nderdi\u011fini \u00e7ok merak eder ve pe\u015fine d\u00fc\u015fer. Sonunda sorular\u0131 kimin g\u00f6nderdi\u011fi ortaya \u00e7\u0131kar. Neden b\u00f6yle bir oyun ba\u015flatt\u0131\u011f\u0131n\u0131 a\u00e7\u0131klar. Fakat i\u015fler bu kadar basit de\u011fildir. Soru g\u00f6nderen ki\u015fiye de sorular gelmeye ba\u015flar&#8230; Ona gelen sorular: \u201cBir \u015feyin ger\u00e7ek mi hayal mi oldu\u011funu nas\u0131l anlar\u0131z?\u201d, \u201c\u0130nsan neden hayal kurar?\u201d Sen de bu soru ve d\u00fc\u015f\u00fcnme oyununa kat\u0131lmaya ne dersin? P4C tekniklerine uyularak haz\u0131rlanan Hayal mi, Ger\u00e7ek mi? \u00e7ocuklar\u0131n d\u00fc\u015f\u00fcnme, sorgulama, analiz etme ve yorumlama becerilerini geli\u015ftirmeye y\u00f6nelik olarak haz\u0131rland\u0131. Bu beceriler kitap sonundaki etkinliklerle desteklendi. <\/p>\n","protected":false},"excerpt":{"rendered":"<p>Seri t\u00fcm heyecan\u0131yla devam eder. \u00c7ocuklar, sorular\u0131 kimin g\u00f6nderdi\u011fini \u00e7ok merak eder ve pe\u015fine d\u00fc\u015fer. Sonunda sorular\u0131 kimin g\u00f6nderdi\u011fi ortaya \u00e7\u0131kar. Neden b\u00f6yle bir oyun ba\u015flatt\u0131\u011f\u0131n\u0131<span class=\"excerpt-hellip\"> [\u2026]<\/span><\/p>\n","protected":false},"featured_media":0,"template":"","meta":{"_monsterinsights_skip_tracking":false,"_monsterinsights_sitenote_active":false,"_monsterinsights_sitenote_note":"","_monsterinsights_sitenote_category":0},"product_brand":[],"product_cat":[12274,15842],"product_tag":[],"class_list":{"0":"post-769592","1":"product","2":"type-product","3":"status-publish","5":"product_cat-cocuk-ve-genclik-kitaplari","6":"product_cat-egitici-kitaplar","7":"pa_cilt-ciltsiz","8":"pa_tur-kitap","9":"pa_yayinevi-dus-degirmeni","10":"pa_yazar-ayse-can-yagmur","12":"first","13":"instock","14":"sale","15":"shipping-taxable","16":"purchasable","17":"product-type-simple"},"_links":{"self":[{"href":"https:\/\/roveyayinevi.com.tr\/index.php\/wp-json\/wp\/v2\/product\/769592","targetHints":{"allow":["GET"]}}],"collection":[{"href":"https:\/\/roveyayinevi.com.tr\/index.php\/wp-json\/wp\/v2\/product"}],"about":[{"href":"https:\/\/roveyayinevi.com.tr\/index.php\/wp-json\/wp\/v2\/types\/product"}],"wp:attachment":[{"href":"https:\/\/roveyayinevi.com.tr\/index.php\/wp-json\/wp\/v2\/media?parent=769592"}],"wp:term":[{"taxonomy":"product_brand","embeddable":true,"href":"https:\/\/roveyayinevi.com.tr\/index.php\/wp-json\/wp\/v2\/product_brand?post=769592"},{"taxonomy":"product_cat","embeddable":true,"href":"https:\/\/roveyayinevi.com.tr\/index.php\/wp-json\/wp\/v2\/product_cat?post=769592"},{"taxonomy":"product_tag","embeddable":true,"href":"https:\/\/roveyayinevi.com.tr\/index.php\/wp-json\/wp\/v2\/product_tag?post=769592"}],"curies":[{"name":"wp","href":"https:\/\/api.w.org\/{rel}","templated":true}]}}