{"id":769591,"date":"2025-08-28T13:59:51","date_gmt":"2025-08-28T10:59:51","guid":{"rendered":"https:\/\/roveyayinevi.com.tr\/index.php\/urun\/bir-tabak-mantik-dusunuyorum-oyleyse-hindiyim\/"},"modified":"2026-04-15T03:35:46","modified_gmt":"2026-04-15T00:35:46","slug":"bir-tabak-mantik-dusunuyorum-oyleyse-hindiyim","status":"publish","type":"product","link":"https:\/\/roveyayinevi.com.tr\/index.php\/urun\/bir-tabak-mantik-dusunuyorum-oyleyse-hindiyim\/","title":{"rendered":"Bir Tabak Mant\u0131k &#8211; D\u00fc\u015f\u00fcn\u00fcyorum \u00d6yleyse Hindiyim"},"content":{"rendered":"<p>Serinin bu kitab\u0131nda gizemli sorular Bayan Mant\u0131k olarak bilinen Hale\u2019ye gelir.  Hale\u2019ye gelen sorular da tam ona g\u00f6redir. Her \u015feye kolayca \u201cmant\u0131kl\u0131\u201d, \u201cmant\u0131ks\u0131z\u201d diyen Hale \u201cMant\u0131k nedir?\u201d, \u201cMant\u0131kl\u0131 olan\u0131 bulmak i\u00e7in insana ne gerekir?\u201d, \u201cAk\u0131l bizi neye ula\u015ft\u0131r\u0131r?\u201d, \u201cAk\u0131l ile her \u015feyi bilmek m\u00fcmk\u00fcn m\u00fc?\u201d sorular\u0131 kar\u015f\u0131s\u0131nda d\u00fc\u015f\u00fcn\u00fcr ve cevaplar\u0131na ula\u015fmaya \u00e7al\u0131\u015f\u0131r.  Acaba bu sorular Hale\u2019yi hangi cevaplara ula\u015ft\u0131rd\u0131? Macera, gizem, sorular&#8230; Hepsi keyifli bir oyun olu\u015fturuyor, bu kitapta okurla bulu\u015fuyor. P4C tekniklerine uyularak haz\u0131rlanan Bir Tabak Mant\u0131k \u00e7ocuklar\u0131n d\u00fc\u015f\u00fcnme, sorgulama, analiz etme ve yorumlama becerilerini geli\u015ftirmeye y\u00f6nelik olarak haz\u0131rland\u0131. Bu beceriler kitap sonundaki etkinliklerle desteklendi. <\/p>\n","protected":false},"excerpt":{"rendered":"<p>Serinin bu kitab\u0131nda gizemli sorular Bayan Mant\u0131k olarak bilinen Hale\u2019ye gelir. Hale\u2019ye gelen sorular da tam ona g\u00f6redir. Her \u015feye kolayca \u201cmant\u0131kl\u0131\u201d, \u201cmant\u0131ks\u0131z\u201d diyen Hale \u201cMant\u0131k<span class=\"excerpt-hellip\"> [\u2026]<\/span><\/p>\n","protected":false},"featured_media":0,"template":"","meta":{"_monsterinsights_skip_tracking":false,"_monsterinsights_sitenote_active":false,"_monsterinsights_sitenote_note":"","_monsterinsights_sitenote_category":0},"product_brand":[],"product_cat":[12274,15842],"product_tag":[],"class_list":{"0":"post-769591","1":"product","2":"type-product","3":"status-publish","5":"product_cat-cocuk-ve-genclik-kitaplari","6":"product_cat-egitici-kitaplar","7":"pa_cilt-ciltsiz","8":"pa_tur-kitap","9":"pa_yayinevi-dus-degirmeni","10":"pa_yazar-ayse-can-yagmur","12":"first","13":"instock","14":"sale","15":"shipping-taxable","16":"purchasable","17":"product-type-simple"},"_links":{"self":[{"href":"https:\/\/roveyayinevi.com.tr\/index.php\/wp-json\/wp\/v2\/product\/769591","targetHints":{"allow":["GET"]}}],"collection":[{"href":"https:\/\/roveyayinevi.com.tr\/index.php\/wp-json\/wp\/v2\/product"}],"about":[{"href":"https:\/\/roveyayinevi.com.tr\/index.php\/wp-json\/wp\/v2\/types\/product"}],"wp:attachment":[{"href":"https:\/\/roveyayinevi.com.tr\/index.php\/wp-json\/wp\/v2\/media?parent=769591"}],"wp:term":[{"taxonomy":"product_brand","embeddable":true,"href":"https:\/\/roveyayinevi.com.tr\/index.php\/wp-json\/wp\/v2\/product_brand?post=769591"},{"taxonomy":"product_cat","embeddable":true,"href":"https:\/\/roveyayinevi.com.tr\/index.php\/wp-json\/wp\/v2\/product_cat?post=769591"},{"taxonomy":"product_tag","embeddable":true,"href":"https:\/\/roveyayinevi.com.tr\/index.php\/wp-json\/wp\/v2\/product_tag?post=769591"}],"curies":[{"name":"wp","href":"https:\/\/api.w.org\/{rel}","templated":true}]}}