{"id":769589,"date":"2025-08-28T13:59:47","date_gmt":"2025-08-28T10:59:47","guid":{"rendered":"https:\/\/roveyayinevi.com.tr\/index.php\/urun\/ibni-haldun-bilimin-onculeri-sosyoloji-ilminin-babasi\/"},"modified":"2026-04-15T03:35:46","modified_gmt":"2026-04-15T00:35:46","slug":"ibni-haldun-bilimin-onculeri-sosyoloji-ilminin-babasi","status":"publish","type":"product","link":"https:\/\/roveyayinevi.com.tr\/index.php\/urun\/ibni-haldun-bilimin-onculeri-sosyoloji-ilminin-babasi\/","title":{"rendered":"\u0130bni Haldun: Bilimin \u00d6nc\u00fcleri &#8211; Sosyoloji \u0130lminin Babas\u0131"},"content":{"rendered":"<p>Abdurrahman, insanlar\u0131 g\u00f6zlemlemeyi \u00e7ok sever. B\u00fcy\u00fcd\u00fck\u00e7e sadece insanlar\u0131 de\u011fil, topluluklar\u0131n davran\u0131\u015flar\u0131n\u0131 da g\u00f6zlemler. Fikirlerini, d\u00fc\u015f\u00fcncelerini ve ba\u015f\u0131ndan ge\u00e7enleri yazar. Akl\u0131, problem \u00e7\u00f6zme yetene\u011fi, adaleti ve cesareti sayesinde sarayda g\u00f6rev al\u0131r. Kar\u015f\u0131s\u0131ndaki sultan da olsa do\u011fru bildi\u011fini s\u00f6ylemekten \u00e7ekinmez. Bu kitapta; tarih\u00e7i, sosyolog, filozof ve devlet adam\u0131 kimli\u011fiyle tan\u0131nan Abdurrahman \u0130bni Haldun\u2019un hayat\u0131n\u0131 okuyacaks\u0131n\u0131z.  <\/p>\n","protected":false},"excerpt":{"rendered":"<p>Abdurrahman, insanlar\u0131 g\u00f6zlemlemeyi \u00e7ok sever. B\u00fcy\u00fcd\u00fck\u00e7e sadece insanlar\u0131 de\u011fil, topluluklar\u0131n davran\u0131\u015flar\u0131n\u0131 da g\u00f6zlemler. Fikirlerini, d\u00fc\u015f\u00fcncelerini ve ba\u015f\u0131ndan ge\u00e7enleri yazar. Akl\u0131, problem \u00e7\u00f6zme yetene\u011fi, adaleti ve cesareti<span class=\"excerpt-hellip\"> [\u2026]<\/span><\/p>\n","protected":false},"featured_media":0,"template":"","meta":{"_monsterinsights_skip_tracking":false,"_monsterinsights_sitenote_active":false,"_monsterinsights_sitenote_note":"","_monsterinsights_sitenote_category":0},"product_brand":[],"product_cat":[13829,12274],"product_tag":[],"class_list":{"0":"post-769589","1":"product","2":"type-product","3":"status-publish","5":"product_cat-bilimsel-kitaplar","6":"product_cat-cocuk-ve-genclik-kitaplari","7":"pa_cilt-ciltsiz","8":"pa_tur-kitap","9":"pa_yayinevi-erdem-cocuk","10":"pa_yazar-ayse-can-yagmur","12":"first","13":"instock","14":"sale","15":"shipping-taxable","16":"purchasable","17":"product-type-simple"},"_links":{"self":[{"href":"https:\/\/roveyayinevi.com.tr\/index.php\/wp-json\/wp\/v2\/product\/769589","targetHints":{"allow":["GET"]}}],"collection":[{"href":"https:\/\/roveyayinevi.com.tr\/index.php\/wp-json\/wp\/v2\/product"}],"about":[{"href":"https:\/\/roveyayinevi.com.tr\/index.php\/wp-json\/wp\/v2\/types\/product"}],"wp:attachment":[{"href":"https:\/\/roveyayinevi.com.tr\/index.php\/wp-json\/wp\/v2\/media?parent=769589"}],"wp:term":[{"taxonomy":"product_brand","embeddable":true,"href":"https:\/\/roveyayinevi.com.tr\/index.php\/wp-json\/wp\/v2\/product_brand?post=769589"},{"taxonomy":"product_cat","embeddable":true,"href":"https:\/\/roveyayinevi.com.tr\/index.php\/wp-json\/wp\/v2\/product_cat?post=769589"},{"taxonomy":"product_tag","embeddable":true,"href":"https:\/\/roveyayinevi.com.tr\/index.php\/wp-json\/wp\/v2\/product_tag?post=769589"}],"curies":[{"name":"wp","href":"https:\/\/api.w.org\/{rel}","templated":true}]}}