{"id":769588,"date":"2025-08-28T13:59:45","date_gmt":"2025-08-28T10:59:45","guid":{"rendered":"https:\/\/roveyayinevi.com.tr\/index.php\/urun\/biruni-bilimin-onculeri-bilimsel-gozlemin-oncusu\/"},"modified":"2026-04-15T03:35:46","modified_gmt":"2026-04-15T00:35:46","slug":"biruni-bilimin-onculeri-bilimsel-gozlemin-oncusu","status":"publish","type":"product","link":"https:\/\/roveyayinevi.com.tr\/index.php\/urun\/biruni-bilimin-onculeri-bilimsel-gozlemin-oncusu\/","title":{"rendered":"Biruni: Bilimin \u00d6nc\u00fcleri &#8211; Bilimsel G\u00f6zlemin \u00d6nc\u00fcs\u00fc"},"content":{"rendered":"<p>Muhammed, sipari\u015f edilen bitkileri saraya g\u00f6t\u00fcrd\u00fc\u011f\u00fcnde hayat\u0131n\u0131 de\u011fi\u015ftirecek bir ad\u0131m att\u0131\u011f\u0131n\u0131n fark\u0131nda de\u011fildir. Saray hekimi, Muhammed\u2019in zek\u00e2s\u0131na ve bitkiler hakk\u0131ndaki bilgisine hayran kal\u0131r, onu saraya davet eder. Muhammed, e\u011fitimine Sultan\u2019\u0131n o\u011fluyla birlikte sarayda devam eder; bitkilerin dilinden anlayan iyi bir hekim olur. \u0130lgi duydu\u011fu konulardan biri de yer kaplayan her \u015feyin haritas\u0131n\u0131 \u00e7\u0131karmakt\u0131r. Kendi buldu\u011fu teknikle enlem ve boylam hesaplamalar\u0131 yapar. Bu kitapta; t\u0131p ve eczac\u0131l\u0131k ba\u015fta olmak \u00fczere astronomi, matematik, fizik, co\u011frafya, tarih gibi pek \u00e7ok alanda tan\u0131nan B\u00eer\u00fbn\u00ee\u2019nin zorluklarla ama bir o kadar da ba\u015far\u0131yla dolu hayat\u0131n\u0131 okuyacaks\u0131n\u0131z.<\/p>\n","protected":false},"excerpt":{"rendered":"<p>Muhammed, sipari\u015f edilen bitkileri saraya g\u00f6t\u00fcrd\u00fc\u011f\u00fcnde hayat\u0131n\u0131 de\u011fi\u015ftirecek bir ad\u0131m att\u0131\u011f\u0131n\u0131n fark\u0131nda de\u011fildir. Saray hekimi, Muhammed\u2019in zek\u00e2s\u0131na ve bitkiler hakk\u0131ndaki bilgisine hayran kal\u0131r, onu saraya davet<span class=\"excerpt-hellip\"> [\u2026]<\/span><\/p>\n","protected":false},"featured_media":0,"template":"","meta":{"_monsterinsights_skip_tracking":false,"_monsterinsights_sitenote_active":false,"_monsterinsights_sitenote_note":"","_monsterinsights_sitenote_category":0},"product_brand":[],"product_cat":[13829,12274],"product_tag":[],"class_list":{"0":"post-769588","1":"product","2":"type-product","3":"status-publish","5":"product_cat-bilimsel-kitaplar","6":"product_cat-cocuk-ve-genclik-kitaplari","7":"pa_cilt-ciltsiz","8":"pa_tur-kitap","9":"pa_yayinevi-erdem-cocuk","10":"pa_yazar-naz-n-varli","12":"first","13":"instock","14":"sale","15":"shipping-taxable","16":"purchasable","17":"product-type-simple"},"_links":{"self":[{"href":"https:\/\/roveyayinevi.com.tr\/index.php\/wp-json\/wp\/v2\/product\/769588","targetHints":{"allow":["GET"]}}],"collection":[{"href":"https:\/\/roveyayinevi.com.tr\/index.php\/wp-json\/wp\/v2\/product"}],"about":[{"href":"https:\/\/roveyayinevi.com.tr\/index.php\/wp-json\/wp\/v2\/types\/product"}],"wp:attachment":[{"href":"https:\/\/roveyayinevi.com.tr\/index.php\/wp-json\/wp\/v2\/media?parent=769588"}],"wp:term":[{"taxonomy":"product_brand","embeddable":true,"href":"https:\/\/roveyayinevi.com.tr\/index.php\/wp-json\/wp\/v2\/product_brand?post=769588"},{"taxonomy":"product_cat","embeddable":true,"href":"https:\/\/roveyayinevi.com.tr\/index.php\/wp-json\/wp\/v2\/product_cat?post=769588"},{"taxonomy":"product_tag","embeddable":true,"href":"https:\/\/roveyayinevi.com.tr\/index.php\/wp-json\/wp\/v2\/product_tag?post=769588"}],"curies":[{"name":"wp","href":"https:\/\/api.w.org\/{rel}","templated":true}]}}