{"id":769587,"date":"2025-08-28T13:59:43","date_gmt":"2025-08-28T10:59:43","guid":{"rendered":"https:\/\/roveyayinevi.com.tr\/index.php\/urun\/annemin-pofuduk-ekmekleri\/"},"modified":"2026-04-15T03:35:46","modified_gmt":"2026-04-15T00:35:46","slug":"annemin-pofuduk-ekmekleri","status":"publish","type":"product","link":"https:\/\/roveyayinevi.com.tr\/index.php\/urun\/annemin-pofuduk-ekmekleri\/","title":{"rendered":"Annemin Pofuduk Ekmekleri"},"content":{"rendered":"<p>Ekmek, bi\u00e7imi de\u011fi\u015fse de b\u00fct\u00fcn k\u00fclt\u00fcrlerde \u00f6nemli bir yiyecektir. Bu nedenle insanl\u0131\u011f\u0131n ortak besinlerinden biridir. Kahraman\u0131m\u0131z Leo ve annesi sava\u015f nedeniyle evlerini terk etmek zorunda kal\u0131r.  Evin onlara sa\u011flam\u0131\u015f oldu\u011fu g\u00fcven, s\u0131cakl\u0131k ve ait olma hissini de geride b\u0131rak\u0131rlar. Ama yeni pi\u015firdikleri s\u0131cak ekmekleri ve ailelerinin mucizevi ek\u015fi mayas\u0131n\u0131 yanlar\u0131n al\u0131rlar. Yolda f\u0131rsat bulduklar\u0131 her yerde annesi ek\u015fi maya ile hamur yo\u011furur, Leo da f\u0131r\u0131n\u0131 \u0131s\u0131t\u0131r. Pi\u015firdikleri s\u0131cak ekmekleri tan\u0131d\u0131k, tan\u0131mad\u0131k insanlarla payla\u015f\u0131rlar. Yo\u011furulan hamur, pi\u015fen s\u0131cak ekmek bulunduklar\u0131 yere yuva s\u0131cakl\u0131\u011f\u0131 getirir. S\u0131cak ekmek, kalpleri yumu\u015fat\u0131r; d\u00fc\u015fmanl\u0131klar\u0131 ortadan kald\u0131r\u0131r. Bu hik\u00e2yede ek\u015fi mayan\u0131n ve ekme\u011fin bereketi vard\u0131r; ula\u015ft\u0131klar\u0131 her yere insan s\u0131cakl\u0131\u011f\u0131n\u0131 ta\u015f\u0131rlar. Sava\u015f ve bar\u0131\u015f konusu \u00fcst\u00fcne yap\u0131land\u0131r\u0131lan, bol \u00f6d\u00fcll\u00fc Annemin Pofuduk Ekmekleri, h\u00fczn\u00fcn i\u00e7inden dam\u0131t\u0131larak \u00e7\u0131km\u0131\u015f s\u0131cac\u0131k bir hik\u00e2ye.<\/p>\n","protected":false},"excerpt":{"rendered":"<p>Ekmek, bi\u00e7imi de\u011fi\u015fse de b\u00fct\u00fcn k\u00fclt\u00fcrlerde \u00f6nemli bir yiyecektir. Bu nedenle insanl\u0131\u011f\u0131n ortak besinlerinden biridir. Kahraman\u0131m\u0131z Leo ve annesi sava\u015f nedeniyle evlerini terk etmek zorunda kal\u0131r.<span class=\"excerpt-hellip\"> [\u2026]<\/span><\/p>\n","protected":false},"featured_media":0,"template":"","meta":{"_monsterinsights_skip_tracking":false,"_monsterinsights_sitenote_active":false,"_monsterinsights_sitenote_note":"","_monsterinsights_sitenote_category":0},"product_brand":[],"product_cat":[12274,12284],"product_tag":[],"class_list":{"0":"post-769587","1":"product","2":"type-product","3":"status-publish","5":"product_cat-cocuk-ve-genclik-kitaplari","6":"product_cat-hikayeler","7":"pa_cilt-ciltsiz","8":"pa_tur-kitap","9":"pa_yayinevi-erdem-cocuk","10":"pa_yazar-tuula-pere","12":"first","13":"instock","14":"sale","15":"shipping-taxable","16":"purchasable","17":"product-type-simple"},"_links":{"self":[{"href":"https:\/\/roveyayinevi.com.tr\/index.php\/wp-json\/wp\/v2\/product\/769587","targetHints":{"allow":["GET"]}}],"collection":[{"href":"https:\/\/roveyayinevi.com.tr\/index.php\/wp-json\/wp\/v2\/product"}],"about":[{"href":"https:\/\/roveyayinevi.com.tr\/index.php\/wp-json\/wp\/v2\/types\/product"}],"wp:attachment":[{"href":"https:\/\/roveyayinevi.com.tr\/index.php\/wp-json\/wp\/v2\/media?parent=769587"}],"wp:term":[{"taxonomy":"product_brand","embeddable":true,"href":"https:\/\/roveyayinevi.com.tr\/index.php\/wp-json\/wp\/v2\/product_brand?post=769587"},{"taxonomy":"product_cat","embeddable":true,"href":"https:\/\/roveyayinevi.com.tr\/index.php\/wp-json\/wp\/v2\/product_cat?post=769587"},{"taxonomy":"product_tag","embeddable":true,"href":"https:\/\/roveyayinevi.com.tr\/index.php\/wp-json\/wp\/v2\/product_tag?post=769587"}],"curies":[{"name":"wp","href":"https:\/\/api.w.org\/{rel}","templated":true}]}}