{"id":769584,"date":"2025-08-28T13:59:37","date_gmt":"2025-08-28T10:59:37","guid":{"rendered":"https:\/\/roveyayinevi.com.tr\/index.php\/urun\/ramazan-ve-bayram-nesesi\/"},"modified":"2026-04-15T03:35:45","modified_gmt":"2026-04-15T00:35:45","slug":"ramazan-ve-bayram-nesesi","status":"publish","type":"product","link":"https:\/\/roveyayinevi.com.tr\/index.php\/urun\/ramazan-ve-bayram-nesesi\/","title":{"rendered":"Ramazan ve Bayram Ne\u015fesi"},"content":{"rendered":"<p>\u00c7ocuklar\u0131, Ramazan Bayram\u0131\u2019n\u0131n ne\u015feli tela\u015f\u0131na katacak e\u011flenceli bir hik\u00e2ye. Leyla, evlerinde Ramazan ay\u0131n\u0131n nas\u0131l ge\u00e7ti\u011fini, Ramazan Bayram\u0131\u2019n\u0131 nas\u0131l kutlad\u0131klar\u0131n\u0131 anlat\u0131yor ve uygulayarak g\u00f6steriyor. Leyla\u2019n\u0131n hik\u00e2yesinde d\u00fcnyan\u0131n her yerinde farkl\u0131 k\u00fclt\u00fcrel etkinliklerle ya\u015fanan Ramazan Bayram\u0131\u2019n\u0131n ortak y\u00f6nleri; yard\u0131mla\u015fma ve bayram ne\u015fesi kolayca anla\u015f\u0131l\u0131yor.<\/p>\n","protected":false},"excerpt":{"rendered":"<p>\u00c7ocuklar\u0131, Ramazan Bayram\u0131\u2019n\u0131n ne\u015feli tela\u015f\u0131na katacak e\u011flenceli bir hik\u00e2ye. Leyla, evlerinde Ramazan ay\u0131n\u0131n nas\u0131l ge\u00e7ti\u011fini, Ramazan Bayram\u0131\u2019n\u0131 nas\u0131l kutlad\u0131klar\u0131n\u0131 anlat\u0131yor ve uygulayarak g\u00f6steriyor. Leyla\u2019n\u0131n hik\u00e2yesinde d\u00fcnyan\u0131n<span class=\"excerpt-hellip\"> [\u2026]<\/span><\/p>\n","protected":false},"featured_media":0,"template":"","meta":{"_monsterinsights_skip_tracking":false,"_monsterinsights_sitenote_active":false,"_monsterinsights_sitenote_note":"","_monsterinsights_sitenote_category":0},"product_brand":[],"product_cat":[12274,18802],"product_tag":[],"class_list":{"0":"post-769584","1":"product","2":"type-product","3":"status-publish","5":"product_cat-cocuk-ve-genclik-kitaplari","6":"product_cat-din-egitimi","7":"pa_cilt-ciltsiz","8":"pa_tur-kitap","9":"pa_yayinevi-dus-degirmeni","10":"pa_yazar-sara-khan","12":"first","13":"instock","14":"sale","15":"shipping-taxable","16":"purchasable","17":"product-type-simple"},"_links":{"self":[{"href":"https:\/\/roveyayinevi.com.tr\/index.php\/wp-json\/wp\/v2\/product\/769584","targetHints":{"allow":["GET"]}}],"collection":[{"href":"https:\/\/roveyayinevi.com.tr\/index.php\/wp-json\/wp\/v2\/product"}],"about":[{"href":"https:\/\/roveyayinevi.com.tr\/index.php\/wp-json\/wp\/v2\/types\/product"}],"wp:attachment":[{"href":"https:\/\/roveyayinevi.com.tr\/index.php\/wp-json\/wp\/v2\/media?parent=769584"}],"wp:term":[{"taxonomy":"product_brand","embeddable":true,"href":"https:\/\/roveyayinevi.com.tr\/index.php\/wp-json\/wp\/v2\/product_brand?post=769584"},{"taxonomy":"product_cat","embeddable":true,"href":"https:\/\/roveyayinevi.com.tr\/index.php\/wp-json\/wp\/v2\/product_cat?post=769584"},{"taxonomy":"product_tag","embeddable":true,"href":"https:\/\/roveyayinevi.com.tr\/index.php\/wp-json\/wp\/v2\/product_tag?post=769584"}],"curies":[{"name":"wp","href":"https:\/\/api.w.org\/{rel}","templated":true}]}}