{"id":769583,"date":"2025-08-28T13:59:35","date_gmt":"2025-08-28T10:59:35","guid":{"rendered":"https:\/\/roveyayinevi.com.tr\/index.php\/urun\/hos-geldin-ramazan\/"},"modified":"2026-04-15T03:35:45","modified_gmt":"2026-04-15T00:35:45","slug":"hos-geldin-ramazan","status":"publish","type":"product","link":"https:\/\/roveyayinevi.com.tr\/index.php\/urun\/hos-geldin-ramazan\/","title":{"rendered":"Ho\u015f Geldin Ramazan"},"content":{"rendered":"<p>Okul \u00f6ncesi ya\u015f grubunda bulunan \u00e7ocuklar\u0131, Ramazan ay\u0131n\u0131n ne\u015feli tela\u015f\u0131na katacak e\u011flenceli bir hik\u00e2ye. Yasin, Ramazan ay\u0131nda \u00f6zellikle g\u00fcndeme gelen infak ibadetini en anla\u015f\u0131l\u0131r \u015fekilde uygulayarak g\u00f6steriyor. Her evde farkl\u0131 ya\u015fanan Ramazan g\u00fczelli\u011finin ortak duygusu olan payla\u015fma, Yasin\u2019in hik\u00e2yesiyle kolayca anla\u015f\u0131l\u0131yor.<\/p>\n","protected":false},"excerpt":{"rendered":"<p>Okul \u00f6ncesi ya\u015f grubunda bulunan \u00e7ocuklar\u0131, Ramazan ay\u0131n\u0131n ne\u015feli tela\u015f\u0131na katacak e\u011flenceli bir hik\u00e2ye. Yasin, Ramazan ay\u0131nda \u00f6zellikle g\u00fcndeme gelen infak ibadetini en anla\u015f\u0131l\u0131r \u015fekilde uygulayarak<span class=\"excerpt-hellip\"> [\u2026]<\/span><\/p>\n","protected":false},"featured_media":0,"template":"","meta":{"_monsterinsights_skip_tracking":false,"_monsterinsights_sitenote_active":false,"_monsterinsights_sitenote_note":"","_monsterinsights_sitenote_category":0},"product_brand":[],"product_cat":[12274,18802],"product_tag":[],"class_list":{"0":"post-769583","1":"product","2":"type-product","3":"status-publish","5":"product_cat-cocuk-ve-genclik-kitaplari","6":"product_cat-din-egitimi","7":"pa_cilt-ciltsiz","8":"pa_tur-kitap","9":"pa_yayinevi-dus-degirmeni","10":"pa_yazar-vefa-et-tawati","12":"first","13":"instock","14":"sale","15":"shipping-taxable","16":"purchasable","17":"product-type-simple"},"_links":{"self":[{"href":"https:\/\/roveyayinevi.com.tr\/index.php\/wp-json\/wp\/v2\/product\/769583","targetHints":{"allow":["GET"]}}],"collection":[{"href":"https:\/\/roveyayinevi.com.tr\/index.php\/wp-json\/wp\/v2\/product"}],"about":[{"href":"https:\/\/roveyayinevi.com.tr\/index.php\/wp-json\/wp\/v2\/types\/product"}],"wp:attachment":[{"href":"https:\/\/roveyayinevi.com.tr\/index.php\/wp-json\/wp\/v2\/media?parent=769583"}],"wp:term":[{"taxonomy":"product_brand","embeddable":true,"href":"https:\/\/roveyayinevi.com.tr\/index.php\/wp-json\/wp\/v2\/product_brand?post=769583"},{"taxonomy":"product_cat","embeddable":true,"href":"https:\/\/roveyayinevi.com.tr\/index.php\/wp-json\/wp\/v2\/product_cat?post=769583"},{"taxonomy":"product_tag","embeddable":true,"href":"https:\/\/roveyayinevi.com.tr\/index.php\/wp-json\/wp\/v2\/product_tag?post=769583"}],"curies":[{"name":"wp","href":"https:\/\/api.w.org\/{rel}","templated":true}]}}