{"id":769580,"date":"2025-08-28T13:59:31","date_gmt":"2025-08-28T10:59:31","guid":{"rendered":"https:\/\/roveyayinevi.com.tr\/index.php\/urun\/bir-matematikcinin-savunmasi\/"},"modified":"2026-04-15T03:35:45","modified_gmt":"2026-04-15T00:35:45","slug":"bir-matematikcinin-savunmasi","status":"publish","type":"product","link":"https:\/\/roveyayinevi.com.tr\/index.php\/urun\/bir-matematikcinin-savunmasi\/","title":{"rendered":"Bir Matematik\u00e7inin Savunmas\u0131"},"content":{"rendered":"<p>Bir ressam renklerle, bir \u015fair s\u00f6zc\u00fcklerle \u00e7al\u0131\u015f\u0131r. Peki ya matematik\u00e7i? G. H. Hardy\u2019nin \u00f6l\u00fcms\u00fcz eseri Bir Matematik\u00e7inin Savunmas\u0131, matemati\u011fin yaln\u0131zca bir bilim de\u011fil, ayn\u0131 zamanda bir sanat oldu\u011funu savunuyor. \u201cMatematik bilimlerin krali\u00e7esidir\u201d diyen Gauss\u2019un izinden giden Hardy, asal say\u0131lar\u0131n sonsuzlu\u011fu ve irrasyonel say\u0131lar\u0131n gizemi gibi teoremlerle matemati\u011fin zarafetine, derinli\u011fine ve insan d\u00fc\u015f\u00fcncesinin s\u0131n\u0131rlar\u0131n\u0131 nas\u0131l zorlad\u0131\u011f\u0131na \u0131\u015f\u0131k tutuyor. Yazar, \u201cGer\u00e7ek matematik, e\u011fer savunulacaksa sanat olarak savunulmal\u0131d\u0131r,\u201d diyerek bu disiplini estetik ve entelekt\u00fcel bir yolculuk olarak tan\u0131ml\u0131yor. Bu eser, matemati\u011fin yaln\u0131zca pratik bir ara\u00e7 de\u011fil, insanl\u0131k tarihinin en kal\u0131c\u0131 ve anlaml\u0131 ba\u015far\u0131lar\u0131ndan biri oldu\u011funu g\u00f6zler \u00f6n\u00fcne seriyor. E\u011fer matemati\u011fin i\u00e7sel de\u011ferini, evrenin dilini ve d\u00fc\u015f\u00fcncenin sonsuz ufuklar\u0131n\u0131 ke\u015ffetmek istiyorsan\u0131z, Bir Matematik\u00e7inin Savunmas\u0131 tam size g\u00f6re. \u201cHayat sadece iki \u015fey i\u00e7in g\u00fczel; matemati\u011fi ke\u015ffetmek ve \u00f6\u011fretmek.\u201d \u2014Sim\u00e9on Poisson <\/p>\n","protected":false},"excerpt":{"rendered":"<p>Bir ressam renklerle, bir \u015fair s\u00f6zc\u00fcklerle \u00e7al\u0131\u015f\u0131r. Peki ya matematik\u00e7i? G. H. Hardy\u2019nin \u00f6l\u00fcms\u00fcz eseri Bir Matematik\u00e7inin Savunmas\u0131, matemati\u011fin yaln\u0131zca bir bilim de\u011fil, ayn\u0131 zamanda bir<span class=\"excerpt-hellip\"> [\u2026]<\/span><\/p>\n","protected":false},"featured_media":0,"template":"","meta":{"_monsterinsights_skip_tracking":false,"_monsterinsights_sitenote_active":false,"_monsterinsights_sitenote_note":"","_monsterinsights_sitenote_category":0},"product_brand":[],"product_cat":[13005],"product_tag":[],"class_list":{"0":"post-769580","1":"product","2":"type-product","3":"status-publish","5":"product_cat-bilim-muhendislik","6":"pa_cilt-ciltsiz","7":"pa_tur-kitap","8":"pa_yayinevi-say-yayinlari","9":"pa_yazar-g-h-hardy","11":"first","12":"instock","13":"sale","14":"shipping-taxable","15":"purchasable","16":"product-type-simple"},"_links":{"self":[{"href":"https:\/\/roveyayinevi.com.tr\/index.php\/wp-json\/wp\/v2\/product\/769580","targetHints":{"allow":["GET"]}}],"collection":[{"href":"https:\/\/roveyayinevi.com.tr\/index.php\/wp-json\/wp\/v2\/product"}],"about":[{"href":"https:\/\/roveyayinevi.com.tr\/index.php\/wp-json\/wp\/v2\/types\/product"}],"wp:attachment":[{"href":"https:\/\/roveyayinevi.com.tr\/index.php\/wp-json\/wp\/v2\/media?parent=769580"}],"wp:term":[{"taxonomy":"product_brand","embeddable":true,"href":"https:\/\/roveyayinevi.com.tr\/index.php\/wp-json\/wp\/v2\/product_brand?post=769580"},{"taxonomy":"product_cat","embeddable":true,"href":"https:\/\/roveyayinevi.com.tr\/index.php\/wp-json\/wp\/v2\/product_cat?post=769580"},{"taxonomy":"product_tag","embeddable":true,"href":"https:\/\/roveyayinevi.com.tr\/index.php\/wp-json\/wp\/v2\/product_tag?post=769580"}],"curies":[{"name":"wp","href":"https:\/\/api.w.org\/{rel}","templated":true}]}}