{"id":769578,"date":"2025-08-28T13:59:27","date_gmt":"2025-08-28T10:59:27","guid":{"rendered":"https:\/\/roveyayinevi.com.tr\/index.php\/urun\/diri-gomulen-2\/"},"modified":"2026-04-15T03:35:45","modified_gmt":"2026-04-15T00:35:45","slug":"diri-gomulen-2","status":"publish","type":"product","link":"https:\/\/roveyayinevi.com.tr\/index.php\/urun\/diri-gomulen-2\/","title":{"rendered":"Diri G\u00f6m\u00fclen"},"content":{"rendered":"<p>Diri G\u00f6m\u00fclen, Sad\u0131k Hidayet\u2019in karanl\u0131k ve derin anlat\u0131m\u0131n\u0131 \u00f6yk\u00fcyle bulu\u015fturdu\u011fu ilk kitab\u0131d\u0131r. Sonraki metinlerinde geli\u015ftirece\u011fi temel izlekleri haber veren ve Kafka, Poe gibi modernlerle bulu\u015fma noktalar\u0131n\u0131 g\u00f6zler \u00f6n\u00fcne seren Diri G\u00f6m\u00fclen\u2019deki \u00f6yk\u00fcler, insan ruhunun tenhalar\u0131na iner, ya\u015famla \u00f6l\u00fcm aras\u0131ndaki ince \u00e7izgide dola\u015f\u0131r. Hidayet\u2019in s\u0131rad\u0131\u015f\u0131 sesiyle \u00e7\u00f6k\u00fc\u015f\u00fcn ve \u00e7at\u0131\u015fman\u0131n \u015fark\u0131s\u0131n\u0131 s\u00f6yleyen yaln\u0131zl\u0131k, yabanc\u0131la\u015fma ve \u00f6l\u00fcm temalar\u0131 okuru bir yandan huzursuzluk veren bir gerilimle sarmalarken bir yandan da karanl\u0131kla y\u00fczle\u015fmeye zorlar. D\u00fcnyas\u0131n\u0131n merkezine ayk\u0131r\u0131lar\u0131, uyumsuzlar\u0131, d\u0131\u015flanm\u0131\u015f ve kovulmu\u015flar\u0131 yerle\u015ftirmi\u015ftir Sad\u0131k Hidayet. Diri G\u00f6m\u00fclen\u2019de \u00e7\u0131k\u0131\u015fs\u0131z bir evrende varolu\u015fun k\u0131r\u0131lganl\u0131\u011f\u0131n\u0131 intihar \u00fczerinden ele al\u0131r, onu bir ka\u00e7\u0131\u015f ya da \u00e7\u00f6z\u00fcm olarak de\u011fil, bir i\u00e7sel \u00f6zg\u00fcrl\u00fck ve bo\u015fluk aray\u0131\u015f\u0131 olarak sunar.<\/p>\n","protected":false},"excerpt":{"rendered":"<p>Diri G\u00f6m\u00fclen, Sad\u0131k Hidayet\u2019in karanl\u0131k ve derin anlat\u0131m\u0131n\u0131 \u00f6yk\u00fcyle bulu\u015fturdu\u011fu ilk kitab\u0131d\u0131r. Sonraki metinlerinde geli\u015ftirece\u011fi temel izlekleri haber veren ve Kafka, Poe gibi modernlerle bulu\u015fma noktalar\u0131n\u0131<span class=\"excerpt-hellip\"> [\u2026]<\/span><\/p>\n","protected":false},"featured_media":0,"template":"","meta":{"_monsterinsights_skip_tracking":false,"_monsterinsights_sitenote_active":false,"_monsterinsights_sitenote_note":"","_monsterinsights_sitenote_category":0},"product_brand":[],"product_cat":[12291,18202],"product_tag":[],"class_list":{"0":"post-769578","1":"product","2":"type-product","3":"status-publish","5":"product_cat-edebiyat","6":"product_cat-hikaye","7":"pa_cilt-ciltsiz","8":"pa_tur-kitap","9":"pa_yayinevi-alfa-yayinlari","10":"pa_yazar-sadik-hidayet","12":"first","13":"instock","14":"sale","15":"shipping-taxable","16":"purchasable","17":"product-type-simple"},"_links":{"self":[{"href":"https:\/\/roveyayinevi.com.tr\/index.php\/wp-json\/wp\/v2\/product\/769578","targetHints":{"allow":["GET"]}}],"collection":[{"href":"https:\/\/roveyayinevi.com.tr\/index.php\/wp-json\/wp\/v2\/product"}],"about":[{"href":"https:\/\/roveyayinevi.com.tr\/index.php\/wp-json\/wp\/v2\/types\/product"}],"wp:attachment":[{"href":"https:\/\/roveyayinevi.com.tr\/index.php\/wp-json\/wp\/v2\/media?parent=769578"}],"wp:term":[{"taxonomy":"product_brand","embeddable":true,"href":"https:\/\/roveyayinevi.com.tr\/index.php\/wp-json\/wp\/v2\/product_brand?post=769578"},{"taxonomy":"product_cat","embeddable":true,"href":"https:\/\/roveyayinevi.com.tr\/index.php\/wp-json\/wp\/v2\/product_cat?post=769578"},{"taxonomy":"product_tag","embeddable":true,"href":"https:\/\/roveyayinevi.com.tr\/index.php\/wp-json\/wp\/v2\/product_tag?post=769578"}],"curies":[{"name":"wp","href":"https:\/\/api.w.org\/{rel}","templated":true}]}}