{"id":769576,"date":"2025-08-28T13:59:23","date_gmt":"2025-08-28T10:59:23","guid":{"rendered":"https:\/\/roveyayinevi.com.tr\/index.php\/urun\/avni-3-teneffus\/"},"modified":"2026-04-15T03:35:45","modified_gmt":"2026-04-15T00:35:45","slug":"avni-3-teneffus","status":"publish","type":"product","link":"https:\/\/roveyayinevi.com.tr\/index.php\/urun\/avni-3-teneffus\/","title":{"rendered":"Avni 3-Teneff\u00fcs!"},"content":{"rendered":"<p>Avni t\u0131ka basa bonibon yiyor, odas\u0131n\u0131 toplamamakta direniyor, t\u00fcm y\u0131lba\u015f\u0131 a\u011fa\u00e7lar\u0131na bir kusur bulup m\u0131z\u0131k\u00e7\u0131l\u0131k yap\u0131yor&#8230; Avni\u2019nin anne ve babas\u0131n\u0131 zaman zaman zorlad\u0131\u011f\u0131 bir ger\u00e7ek! \u00d6zellikle de i\u00e7inden enerji ta\u015ft\u0131\u011f\u0131 g\u00fcnlerde. Bir de arkada\u015f\u0131 Bambou ile ekip olu\u015fturarak hazine av\u0131na \u00e7\u0131kt\u0131klar\u0131n\u0131 d\u00fc\u015f\u00fcnsenize&#8230; \u0130\u015fte o zaman kim bilir ba\u015flar\u0131na neler gelecek?!<\/p>\n","protected":false},"excerpt":{"rendered":"<p>Avni t\u0131ka basa bonibon yiyor, odas\u0131n\u0131 toplamamakta direniyor, t\u00fcm y\u0131lba\u015f\u0131 a\u011fa\u00e7lar\u0131na bir kusur bulup m\u0131z\u0131k\u00e7\u0131l\u0131k yap\u0131yor&#8230; Avni\u2019nin anne ve babas\u0131n\u0131 zaman zaman zorlad\u0131\u011f\u0131 bir ger\u00e7ek! \u00d6zellikle<span class=\"excerpt-hellip\"> [\u2026]<\/span><\/p>\n","protected":false},"featured_media":0,"template":"","meta":{"_monsterinsights_skip_tracking":false,"_monsterinsights_sitenote_active":false,"_monsterinsights_sitenote_note":"","_monsterinsights_sitenote_category":0},"product_brand":[],"product_cat":[12274,12284],"product_tag":[],"class_list":{"0":"post-769576","1":"product","2":"type-product","3":"status-publish","5":"product_cat-cocuk-ve-genclik-kitaplari","6":"product_cat-hikayeler","7":"pa_cilt-ciltsiz","8":"pa_tur-kitap","9":"pa_yayinevi-buyulu-fener-yayinlari","10":"pa_yazar-romain-pujol-vincent-caut","12":"first","13":"instock","14":"sale","15":"shipping-taxable","16":"purchasable","17":"product-type-simple"},"_links":{"self":[{"href":"https:\/\/roveyayinevi.com.tr\/index.php\/wp-json\/wp\/v2\/product\/769576","targetHints":{"allow":["GET"]}}],"collection":[{"href":"https:\/\/roveyayinevi.com.tr\/index.php\/wp-json\/wp\/v2\/product"}],"about":[{"href":"https:\/\/roveyayinevi.com.tr\/index.php\/wp-json\/wp\/v2\/types\/product"}],"wp:attachment":[{"href":"https:\/\/roveyayinevi.com.tr\/index.php\/wp-json\/wp\/v2\/media?parent=769576"}],"wp:term":[{"taxonomy":"product_brand","embeddable":true,"href":"https:\/\/roveyayinevi.com.tr\/index.php\/wp-json\/wp\/v2\/product_brand?post=769576"},{"taxonomy":"product_cat","embeddable":true,"href":"https:\/\/roveyayinevi.com.tr\/index.php\/wp-json\/wp\/v2\/product_cat?post=769576"},{"taxonomy":"product_tag","embeddable":true,"href":"https:\/\/roveyayinevi.com.tr\/index.php\/wp-json\/wp\/v2\/product_tag?post=769576"}],"curies":[{"name":"wp","href":"https:\/\/api.w.org\/{rel}","templated":true}]}}