{"id":769571,"date":"2025-08-28T13:59:14","date_gmt":"2025-08-28T10:59:14","guid":{"rendered":"https:\/\/roveyayinevi.com.tr\/index.php\/urun\/buyulu-kalem-kitaplarin-sihirli-dunyasina-bir-yolculuk\/"},"modified":"2026-04-11T14:38:06","modified_gmt":"2026-04-11T11:38:06","slug":"buyulu-kalem-kitaplarin-sihirli-dunyasina-bir-yolculuk","status":"publish","type":"product","link":"https:\/\/roveyayinevi.com.tr\/index.php\/urun\/buyulu-kalem-kitaplarin-sihirli-dunyasina-bir-yolculuk\/","title":{"rendered":"B\u00fcy\u00fcl\u00fc Kalem Kitaplar\u0131n Sihirli D\u00fcnyas\u0131na Bir Yolculuk"},"content":{"rendered":"<p>B\u00fcy\u00fcl\u00fc bir kalem, hayallerini ger\u00e7e\u011fe d\u00f6n\u00fc\u015ft\u00fcrebilir mi? Peki ya, yazd\u0131\u011f\u0131n karakterler birdenbire canlan\u0131rsa?  Ariyana, yazma tutkusunu kaybetmek \u00fczereyken annesinin eski kitaplar\u0131 aras\u0131nda gizemli bir kalem bulur. \u0130lk ba\u015fta bunun s\u0131radan bir kalem oldu\u011funu d\u00fc\u015f\u00fcnse de yazd\u0131\u011f\u0131 hik\u00e2yelerin ger\u00e7ek d\u00fcnyaya yans\u0131d\u0131\u011f\u0131n\u0131 fark etti\u011finde her \u015fey de\u011fi\u015fir! Bir g\u00fcn, kalemiyle yazd\u0131\u011f\u0131 karakterler kar\u015f\u0131s\u0131na \u00e7\u0131kt\u0131\u011f\u0131nda art\u0131k geri d\u00f6n\u00fc\u015f\u00fc olmayan bir maceraya ad\u0131m atacakt\u0131r.  Harfler \u00c2lemi\u2019ne s\u00fcr\u00fcklenen Ariyana, bu d\u00fcnyada yaln\u0131zca yazarl\u0131k yetene\u011fiyle de\u011fil, cesareti ve kararl\u0131l\u0131\u011f\u0131yla da s\u0131nan\u0131r.   Peki, sonsuza dek bu d\u00fcnyada kalmak m\u0131, yoksa ger\u00e7ek d\u00fcnyaya ve ailesine geri d\u00f6nmek mi? Ariyana, hayat\u0131n\u0131n en b\u00fcy\u00fck karar\u0131n\u0131 vermek \u00fczeredir\u2026<\/p>\n","protected":false},"excerpt":{"rendered":"<p>B\u00fcy\u00fcl\u00fc bir kalem, hayallerini ger\u00e7e\u011fe d\u00f6n\u00fc\u015ft\u00fcrebilir mi? Peki ya, yazd\u0131\u011f\u0131n karakterler birdenbire canlan\u0131rsa? Ariyana, yazma tutkusunu kaybetmek \u00fczereyken annesinin eski kitaplar\u0131 aras\u0131nda gizemli bir kalem bulur.<span class=\"excerpt-hellip\"> [\u2026]<\/span><\/p>\n","protected":false},"featured_media":0,"template":"","meta":{"_monsterinsights_skip_tracking":false,"_monsterinsights_sitenote_active":false,"_monsterinsights_sitenote_note":"","_monsterinsights_sitenote_category":0},"product_brand":[],"product_cat":[12274,12284],"product_tag":[],"class_list":{"0":"post-769571","1":"product","2":"type-product","3":"status-publish","5":"product_cat-cocuk-ve-genclik-kitaplari","6":"product_cat-hikayeler","7":"pa_cilt-ciltsiz","8":"pa_tur-kitap","9":"pa_yayinevi-carpe-diem-kitaplari","10":"pa_yazar-noor-azlin","12":"first","13":"instock","14":"sale","15":"shipping-taxable","16":"purchasable","17":"product-type-simple"},"_links":{"self":[{"href":"https:\/\/roveyayinevi.com.tr\/index.php\/wp-json\/wp\/v2\/product\/769571","targetHints":{"allow":["GET"]}}],"collection":[{"href":"https:\/\/roveyayinevi.com.tr\/index.php\/wp-json\/wp\/v2\/product"}],"about":[{"href":"https:\/\/roveyayinevi.com.tr\/index.php\/wp-json\/wp\/v2\/types\/product"}],"wp:attachment":[{"href":"https:\/\/roveyayinevi.com.tr\/index.php\/wp-json\/wp\/v2\/media?parent=769571"}],"wp:term":[{"taxonomy":"product_brand","embeddable":true,"href":"https:\/\/roveyayinevi.com.tr\/index.php\/wp-json\/wp\/v2\/product_brand?post=769571"},{"taxonomy":"product_cat","embeddable":true,"href":"https:\/\/roveyayinevi.com.tr\/index.php\/wp-json\/wp\/v2\/product_cat?post=769571"},{"taxonomy":"product_tag","embeddable":true,"href":"https:\/\/roveyayinevi.com.tr\/index.php\/wp-json\/wp\/v2\/product_tag?post=769571"}],"curies":[{"name":"wp","href":"https:\/\/api.w.org\/{rel}","templated":true}]}}