{"id":769570,"date":"2025-08-28T13:59:12","date_gmt":"2025-08-28T10:59:12","guid":{"rendered":"https:\/\/roveyayinevi.com.tr\/index.php\/urun\/babiali-yaniyor\/"},"modified":"2026-04-15T03:35:45","modified_gmt":"2026-04-15T00:35:45","slug":"babiali-yaniyor","status":"publish","type":"product","link":"https:\/\/roveyayinevi.com.tr\/index.php\/urun\/babiali-yaniyor\/","title":{"rendered":"Bab\u0131ali Yan\u0131yor"},"content":{"rendered":"<p>\u015eehirleri sarsan devasa yang\u0131nlar\u0131n ard\u0131nda sadece k\u00fcl de\u011fil, yeniden do\u011fu\u015f hik\u00e2yeleri de sakl\u0131d\u0131r. Bu kitap, Osmanl\u0131 \u0130mparatorlu\u011fu&#8217;nun merkezi olan \u0130stanbul&#8217;da, \u00f6zellikle iktidar\u0131n merkezi olan B\u00e2b\u0131\u00e2li binas\u0131nda meydana gelen yang\u0131nlar\u0131 mercek alt\u0131na al\u0131yor. S\u00f6z konusu binan\u0131n y\u00f6netimin kalbi olmas\u0131 sebebiyle, buradan \u00e7\u0131kan alevlerin koca imparatorlu\u011fun siyasetine ve ekonomisine, devlet-vatanda\u015f ili\u015fkilerine etkilerini; her k\u00fcl olu\u015ftan sonra yeniden dirili\u015fin B\u00e2b\u0131\u00e2li b\u00f6lgesinden ba\u015flayarak \u0130stanbul\u2019un kentsel, mimari ve k\u00fclt\u00fcrel \u00e7ehresini nas\u0131l \u015fekillendirdi\u011fini g\u00f6zler \u00f6n\u00fcne seriyor. Prof. Dr. Kemalettin Kuzucu, tarih\u00ee belgeler, grav\u00fcrler ve d\u00f6nemin tan\u0131kl\u0131klar\u0131n\u0131 ustal\u0131kla bir araya getirerek okuyucuyu Osmanl\u0131 d\u00f6neminin dramatik yang\u0131n sahnelerine ta\u015f\u0131yor. Yang\u0131nlar\u0131n sadece fiziksel de\u011fil, ayn\u0131 zamanda k\u00fclt\u00fcrel bir d\u00f6n\u00fc\u015f\u00fcm\u00fc de nas\u0131l tetikledi\u011fini anlamak isteyenler i\u00e7in vazge\u00e7ilmez bir rehber. B\u00e2b\u0131\u00e2li neden bu kadar \u00e7ok yang\u0131n ya\u015fad\u0131? Kader mi ihmal mi? Defalarca alevlere teslim olan bir \u015fehir ve mimari anlay\u0131\u015f\u0131nda de\u011fi\u015fimler; ah\u015fap, sade ve m\u00fctevaz\u0131 klasik d\u00f6nem yap\u0131lar\u0131na kar\u015f\u0131 metin ve g\u00f6rkemli k\u00e2gir mimari\u2026 Lale Devri\u2019nden Vaka-y\u0131 Hayriye\u2019ye tulumbac\u0131l\u0131k; B\u00e2b\u0131\u00e2li\u2019de tulumbac\u0131 olmak\u2026 \u0130mparatorluk \u00e7\u00f6kerken yang\u0131n yerinin hal-i p\u00fcrmelali\u2026 Bina eminleri, mimarlar, m\u00fchendisler, kalfalar, afet y\u00f6netimi ve koruyucu \u00f6nlemler\u2026 \u0130flas\u0131n e\u015fi\u011finde in\u015faat, finansman sorunlar\u0131 ve \u00f6deme anla\u015fmazl\u0131klar\u0131\u2026 Yang\u0131nlar\u0131n g\u00f6lgesinde defalarca yeniden kurulmu\u015f bir \u015fehri anlamak i\u00e7in e\u015fsiz bir kaynak\u2026<\/p>\n","protected":false},"excerpt":{"rendered":"<p>\u015eehirleri sarsan devasa yang\u0131nlar\u0131n ard\u0131nda sadece k\u00fcl de\u011fil, yeniden do\u011fu\u015f hik\u00e2yeleri de sakl\u0131d\u0131r. Bu kitap, Osmanl\u0131 \u0130mparatorlu\u011fu&#8217;nun merkezi olan \u0130stanbul&#8217;da, \u00f6zellikle iktidar\u0131n merkezi olan B\u00e2b\u0131\u00e2li binas\u0131nda<span class=\"excerpt-hellip\"> [\u2026]<\/span><\/p>\n","protected":false},"featured_media":0,"template":"","meta":{"_monsterinsights_skip_tracking":false,"_monsterinsights_sitenote_active":false,"_monsterinsights_sitenote_note":"","_monsterinsights_sitenote_category":0},"product_brand":[],"product_cat":[12370,12304],"product_tag":[],"class_list":{"0":"post-769570","1":"product","2":"type-product","3":"status-publish","5":"product_cat-arastirma-inceleme","6":"product_cat-tarih","7":"pa_cilt-ciltsiz","8":"pa_tur-kitap","9":"pa_yayinevi-timas-akademi-yayinlari","10":"pa_yazar-kemalettin-kuzucu","12":"first","13":"instock","14":"sale","15":"shipping-taxable","16":"purchasable","17":"product-type-simple"},"_links":{"self":[{"href":"https:\/\/roveyayinevi.com.tr\/index.php\/wp-json\/wp\/v2\/product\/769570","targetHints":{"allow":["GET"]}}],"collection":[{"href":"https:\/\/roveyayinevi.com.tr\/index.php\/wp-json\/wp\/v2\/product"}],"about":[{"href":"https:\/\/roveyayinevi.com.tr\/index.php\/wp-json\/wp\/v2\/types\/product"}],"wp:attachment":[{"href":"https:\/\/roveyayinevi.com.tr\/index.php\/wp-json\/wp\/v2\/media?parent=769570"}],"wp:term":[{"taxonomy":"product_brand","embeddable":true,"href":"https:\/\/roveyayinevi.com.tr\/index.php\/wp-json\/wp\/v2\/product_brand?post=769570"},{"taxonomy":"product_cat","embeddable":true,"href":"https:\/\/roveyayinevi.com.tr\/index.php\/wp-json\/wp\/v2\/product_cat?post=769570"},{"taxonomy":"product_tag","embeddable":true,"href":"https:\/\/roveyayinevi.com.tr\/index.php\/wp-json\/wp\/v2\/product_tag?post=769570"}],"curies":[{"name":"wp","href":"https:\/\/api.w.org\/{rel}","templated":true}]}}