{"id":769568,"date":"2025-08-28T13:59:09","date_gmt":"2025-08-28T10:59:09","guid":{"rendered":"https:\/\/roveyayinevi.com.tr\/index.php\/urun\/ucler-yediler-kirklar\/"},"modified":"2026-04-15T03:35:45","modified_gmt":"2026-04-15T00:35:45","slug":"ucler-yediler-kirklar","status":"publish","type":"product","link":"https:\/\/roveyayinevi.com.tr\/index.php\/urun\/ucler-yediler-kirklar\/","title":{"rendered":"\u00dc\u00e7ler Yediler K\u0131rklar"},"content":{"rendered":"<p>Adriyatik\u2019ten \u00c7in Seddi\u2019ne kadar T\u00fcrk co\u011frafyas\u0131n\u0131n neresine giderseniz gidin en \u0131ss\u0131z yerlerde bile bir veya birka\u00e7 evliya t\u00fcrbesiyle muhakkak kar\u015f\u0131la\u015f\u0131rs\u0131n\u0131z. Eren, Alperen, Horasan Erenleri, Kolonizat\u00f6r T\u00fcrk Dervi\u015fleri, Vefa\u00ee, Yesev\u00ee, Kalender\u00ee, Haydar\u00ee, Baba\u00ee, Abdalan-\u0131 Rum ve Bekta\u015f\u00ee gibi isimlerle an\u0131lan bu veliler, T\u00fcrklerin ya\u015fad\u0131\u011f\u0131 co\u011frafyan\u0131n manevi fatihleridir. \u015e\u00fcphesiz ki, nerede bir evliya t\u00fcrbesi varsa oras\u0131 T\u00fcrk yurdudur. Sadullah G\u00fclten taraf\u0131ndan sade bir dille kaleme al\u0131nan kitapta, bu velilerden Arslan Baba, Ahmed Yesev\u00ee, Hac\u0131 Bekta\u015f Veli, Abdal Musa, Kaygusuz Abdal, Geyikli Baba, Sar\u0131 Salt\u0131k, Barak Baba, Taptuk Emre, Yunus Emre, Hac\u0131m Sultan, Emirci Sultan, G\u00fcven\u00e7 Abdal, Karaca Ahmed, Seyyid Ali Sultan\/K\u0131z\u0131ldeli Sultan, Otman Baba, Akyaz\u0131l\u0131 Baba, Demir Baba, Koyun Baba, Sultan \u015e\u00fccaeddin\/Sultan Varl\u0131\u011f\u0131 ve G\u00fcl Baba\u2019n\u0131n hayat hik\u00e2yelerini bulacaks\u0131n\u0131z.<\/p>\n","protected":false},"excerpt":{"rendered":"<p>Adriyatik\u2019ten \u00c7in Seddi\u2019ne kadar T\u00fcrk co\u011frafyas\u0131n\u0131n neresine giderseniz gidin en \u0131ss\u0131z yerlerde bile bir veya birka\u00e7 evliya t\u00fcrbesiyle muhakkak kar\u015f\u0131la\u015f\u0131rs\u0131n\u0131z. Eren, Alperen, Horasan Erenleri, Kolonizat\u00f6r T\u00fcrk<span class=\"excerpt-hellip\"> [\u2026]<\/span><\/p>\n","protected":false},"featured_media":0,"template":"","meta":{"_monsterinsights_skip_tracking":false,"_monsterinsights_sitenote_active":false,"_monsterinsights_sitenote_note":"","_monsterinsights_sitenote_category":0},"product_brand":[],"product_cat":[13072,12291],"product_tag":[],"class_list":{"0":"post-769568","1":"product","2":"type-product","3":"status-publish","5":"product_cat-arastirma-inceleme-referans","6":"product_cat-edebiyat","7":"pa_cilt-ciltsiz","8":"pa_tur-kitap","9":"pa_yayinevi-timas-yayinlari","10":"pa_yazar-sadullah-gulten","12":"first","13":"instock","14":"sale","15":"shipping-taxable","16":"purchasable","17":"product-type-simple"},"_links":{"self":[{"href":"https:\/\/roveyayinevi.com.tr\/index.php\/wp-json\/wp\/v2\/product\/769568","targetHints":{"allow":["GET"]}}],"collection":[{"href":"https:\/\/roveyayinevi.com.tr\/index.php\/wp-json\/wp\/v2\/product"}],"about":[{"href":"https:\/\/roveyayinevi.com.tr\/index.php\/wp-json\/wp\/v2\/types\/product"}],"wp:attachment":[{"href":"https:\/\/roveyayinevi.com.tr\/index.php\/wp-json\/wp\/v2\/media?parent=769568"}],"wp:term":[{"taxonomy":"product_brand","embeddable":true,"href":"https:\/\/roveyayinevi.com.tr\/index.php\/wp-json\/wp\/v2\/product_brand?post=769568"},{"taxonomy":"product_cat","embeddable":true,"href":"https:\/\/roveyayinevi.com.tr\/index.php\/wp-json\/wp\/v2\/product_cat?post=769568"},{"taxonomy":"product_tag","embeddable":true,"href":"https:\/\/roveyayinevi.com.tr\/index.php\/wp-json\/wp\/v2\/product_tag?post=769568"}],"curies":[{"name":"wp","href":"https:\/\/api.w.org\/{rel}","templated":true}]}}