{"id":769566,"date":"2025-08-28T13:59:05","date_gmt":"2025-08-28T10:59:05","guid":{"rendered":"https:\/\/roveyayinevi.com.tr\/index.php\/urun\/hapi-yuttuk-eczanesi\/"},"modified":"2026-04-15T03:35:45","modified_gmt":"2026-04-15T00:35:45","slug":"hapi-yuttuk-eczanesi","status":"publish","type":"product","link":"https:\/\/roveyayinevi.com.tr\/index.php\/urun\/hapi-yuttuk-eczanesi\/","title":{"rendered":"Hap\u0131 Yuttuk Eczanesi"},"content":{"rendered":"<p>\u00d6d\u00fcll\u00fc yazar Mert Ar\u0131k&#8217;tan hayal g\u00fcc\u00fcn\u00fcz\u00fc b\u00fcy\u00fcleyecek EFSANE bir macera! Babaannemizin d\u00fcnya turuna devam ederken Zeyno\u015f&#8217;a b\u0131rakt\u0131\u011f\u0131 \u015fey sadece bir s\u00f6zl\u00fckt\u00fc. Peki, Zeyno\u015f bir s\u00f6zl\u00fckle neler yapabilirdi? Masallar\u0131n tamir edildi\u011fi bir at\u00f6lye, kahkaha fabrikas\u0131nda \u00fcretilen espriler ve kelimelerle iyile\u015fen kalpler&#8230; Zeyno\u015f, kelimelerin muhte\u015fem g\u00fcc\u00fcyle Sar\u0131kayalar Kasabas\u0131&#8217;nda unutulmaz bir maceraya at\u0131l\u0131yor. Bu kitab\u0131 elinize ald\u0131\u011f\u0131n\u0131zda bir daha geri b\u0131rakamayacaks\u0131n\u0131z. Haydi, hep birlikte &#8220;Kelimeler iyile\u015ftirir!&#8221; diyelim!<\/p>\n","protected":false},"excerpt":{"rendered":"<p>\u00d6d\u00fcll\u00fc yazar Mert Ar\u0131k&#8217;tan hayal g\u00fcc\u00fcn\u00fcz\u00fc b\u00fcy\u00fcleyecek EFSANE bir macera! Babaannemizin d\u00fcnya turuna devam ederken Zeyno\u015f&#8217;a b\u0131rakt\u0131\u011f\u0131 \u015fey sadece bir s\u00f6zl\u00fckt\u00fc. Peki, Zeyno\u015f bir s\u00f6zl\u00fckle neler<span class=\"excerpt-hellip\"> [\u2026]<\/span><\/p>\n","protected":false},"featured_media":0,"template":"","meta":{"_monsterinsights_skip_tracking":false,"_monsterinsights_sitenote_active":false,"_monsterinsights_sitenote_note":"","_monsterinsights_sitenote_category":0},"product_brand":[],"product_cat":[12274,12284],"product_tag":[],"class_list":{"0":"post-769566","1":"product","2":"type-product","3":"status-publish","5":"product_cat-cocuk-ve-genclik-kitaplari","6":"product_cat-hikayeler","7":"pa_cilt-ciltsiz","8":"pa_tur-kitap","9":"pa_yayinevi-timas-cocuk","10":"pa_yazar-mert-arik","12":"first","13":"instock","14":"sale","15":"shipping-taxable","16":"purchasable","17":"product-type-simple"},"_links":{"self":[{"href":"https:\/\/roveyayinevi.com.tr\/index.php\/wp-json\/wp\/v2\/product\/769566","targetHints":{"allow":["GET"]}}],"collection":[{"href":"https:\/\/roveyayinevi.com.tr\/index.php\/wp-json\/wp\/v2\/product"}],"about":[{"href":"https:\/\/roveyayinevi.com.tr\/index.php\/wp-json\/wp\/v2\/types\/product"}],"wp:attachment":[{"href":"https:\/\/roveyayinevi.com.tr\/index.php\/wp-json\/wp\/v2\/media?parent=769566"}],"wp:term":[{"taxonomy":"product_brand","embeddable":true,"href":"https:\/\/roveyayinevi.com.tr\/index.php\/wp-json\/wp\/v2\/product_brand?post=769566"},{"taxonomy":"product_cat","embeddable":true,"href":"https:\/\/roveyayinevi.com.tr\/index.php\/wp-json\/wp\/v2\/product_cat?post=769566"},{"taxonomy":"product_tag","embeddable":true,"href":"https:\/\/roveyayinevi.com.tr\/index.php\/wp-json\/wp\/v2\/product_tag?post=769566"}],"curies":[{"name":"wp","href":"https:\/\/api.w.org\/{rel}","templated":true}]}}