{"id":769562,"date":"2025-08-28T13:58:57","date_gmt":"2025-08-28T10:58:57","guid":{"rendered":"https:\/\/roveyayinevi.com.tr\/index.php\/urun\/yol-aski-yurumenin-tarihi\/"},"modified":"2026-04-15T03:35:45","modified_gmt":"2026-04-15T00:35:45","slug":"yol-aski-yurumenin-tarihi","status":"publish","type":"product","link":"https:\/\/roveyayinevi.com.tr\/index.php\/urun\/yol-aski-yurumenin-tarihi\/","title":{"rendered":"Yol A\u015fk\u0131 \u2013 Y\u00fcr\u00fcmenin Tarihi"},"content":{"rendered":"<p>\u201cRadikal, insanc\u0131l, esprili.\u201d\u2014Alain de Botton \u201c\u00c7ok tan\u0131d\u0131k bir \u015feye yeniden bakman\u0131z\u0131 sa\u011flayan o nadir, ilgin\u00e7 ve keyifli kitaplardan biri\u2026 Solnit bir aya\u011f\u0131 di\u011ferinin \u00f6n\u00fcne koyman\u0131n de\u011fi\u015fen k\u00fclt\u00fcrel \u00f6neminin izini ba\u015far\u0131yla s\u00fcr\u00fcyor.\u201d\u2014Daily Telegraph\u0130ster do\u011fada, ister kentin i\u00e7inde, ister bir hac yolculu\u011funda isterse bir protesto y\u00fcr\u00fcy\u00fc\u015f\u00fcnde olsun, y\u00fcr\u00fcmek ne anlama gelir? Y\u00fcr\u00fcmenin tarihini irdeleyen Rebecca Solnit, onlarca ilgi \u00e7ekici hik\u00e2yeyi bulu\u015fturarak insanl\u0131\u011f\u0131n en temel ve etkileyici eylemlerinden birine yeni bir bak\u0131\u015f a\u00e7\u0131s\u0131 getiriyor.Y\u00fcr\u00fcmenin keyif verdi\u011fi kadar siyasi, estetik ve sosyal anlamlar da ta\u015f\u0131d\u0131\u011f\u0131n\u0131 savunan Solnit, Antik Yunan filozoflar\u0131ndan Romantik d\u00f6nem \u015fairlerine, s\u00fcrrealistlerin gezintilerinden da\u011fc\u0131lar\u0131n t\u0131rman\u0131\u015flar\u0131na dek g\u00fcndelik ve s\u0131rad\u0131\u015f\u0131 eylemleriyle k\u00fclt\u00fcr\u00fcm\u00fcz\u00fc \u015fekillendiren y\u00fcr\u00fcy\u00fc\u015f\u00e7\u00fclere odaklan\u0131yor.E\u011flenceli oldu\u011fu kadar sorgulatan bir kitap olan Yol A\u015fk\u0131 y\u00fcr\u00fcy\u00fc\u015f\u00e7\u00fclerin izledi\u011fi tarihi, siyasi ve felsefi yollar\u0131 yeniden ke\u015ffetmemizin kap\u0131lar\u0131n\u0131 a\u00e7\u0131yor.<\/p>\n","protected":false},"excerpt":{"rendered":"<p>\u201cRadikal, insanc\u0131l, esprili.\u201d\u2014Alain de Botton \u201c\u00c7ok tan\u0131d\u0131k bir \u015feye yeniden bakman\u0131z\u0131 sa\u011flayan o nadir, ilgin\u00e7 ve keyifli kitaplardan biri\u2026 Solnit bir aya\u011f\u0131 di\u011ferinin \u00f6n\u00fcne koyman\u0131n de\u011fi\u015fen<span class=\"excerpt-hellip\"> [\u2026]<\/span><\/p>\n","protected":false},"featured_media":0,"template":"","meta":{"_monsterinsights_skip_tracking":false,"_monsterinsights_sitenote_active":false,"_monsterinsights_sitenote_note":"","_monsterinsights_sitenote_category":0},"product_brand":[],"product_cat":[13072,12291],"product_tag":[],"class_list":{"0":"post-769562","1":"product","2":"type-product","3":"status-publish","5":"product_cat-arastirma-inceleme-referans","6":"product_cat-edebiyat","7":"pa_cilt-ciltsiz","8":"pa_tur-kitap","9":"pa_yayinevi-minotor-kitap","10":"pa_yazar-rebecca-solnit","12":"first","13":"instock","14":"sale","15":"shipping-taxable","16":"purchasable","17":"product-type-simple"},"_links":{"self":[{"href":"https:\/\/roveyayinevi.com.tr\/index.php\/wp-json\/wp\/v2\/product\/769562","targetHints":{"allow":["GET"]}}],"collection":[{"href":"https:\/\/roveyayinevi.com.tr\/index.php\/wp-json\/wp\/v2\/product"}],"about":[{"href":"https:\/\/roveyayinevi.com.tr\/index.php\/wp-json\/wp\/v2\/types\/product"}],"wp:attachment":[{"href":"https:\/\/roveyayinevi.com.tr\/index.php\/wp-json\/wp\/v2\/media?parent=769562"}],"wp:term":[{"taxonomy":"product_brand","embeddable":true,"href":"https:\/\/roveyayinevi.com.tr\/index.php\/wp-json\/wp\/v2\/product_brand?post=769562"},{"taxonomy":"product_cat","embeddable":true,"href":"https:\/\/roveyayinevi.com.tr\/index.php\/wp-json\/wp\/v2\/product_cat?post=769562"},{"taxonomy":"product_tag","embeddable":true,"href":"https:\/\/roveyayinevi.com.tr\/index.php\/wp-json\/wp\/v2\/product_tag?post=769562"}],"curies":[{"name":"wp","href":"https:\/\/api.w.org\/{rel}","templated":true}]}}