{"id":769560,"date":"2025-08-28T13:58:51","date_gmt":"2025-08-28T10:58:51","guid":{"rendered":"https:\/\/roveyayinevi.com.tr\/index.php\/urun\/golge-5\/"},"modified":"2026-04-15T03:35:45","modified_gmt":"2026-04-15T00:35:45","slug":"golge-5","status":"publish","type":"product","link":"https:\/\/roveyayinevi.com.tr\/index.php\/urun\/golge-5\/","title":{"rendered":"G\u00f6lge"},"content":{"rendered":"<p>\u0130stanbul\u2019da bir maymun katliam\u0131ndan ka\u00e7may\u0131 ba\u015faran Leylifer ile halat \u00fczerinde b\u00fcy\u00fcm\u00fc\u015f bir ip cambaz\u0131n\u0131n destans\u0131 anlat\u0131s\u0131\u2026\u0130smail G\u00fczelsoy; tarihte ya\u015fanm\u0131\u015f, unutulmaya y\u00fcz tutmu\u015f olay ve olgular\u0131 kurgusal bir payanda h\u00e2line getirerek destans\u0131 bir anlat\u0131 evreni olu\u015fturuyor G\u00f6lge\u2019de. Direkleraras\u0131\u2019n\u0131n \u015fenlikli d\u00fcnyas\u0131, 1900\u2019lerin ba\u015f\u0131nda, \u0130stanbul caddelerinde gezinen ilk motorlu ta\u015f\u0131t olan Zat-\u00fcl Hereke, kaybolup gitmi\u015f mahya gelene\u011fi, Apukurya karnaval\u0131, meddah anlat\u0131lar\u0131, cambazl\u0131k, kehanet ustalar\u0131, \u00f6l\u00fcms\u00fczl\u00fck aray\u0131\u015f\u0131ndaki Vak\u0131f isimli gizli bir \u00f6rg\u00fct ve emsalsiz bir a\u015fk \u00f6yk\u00fcs\u00fc roman\u0131n derin katmanlar\u0131nda \u00e2deta bir bellek panay\u0131r\u0131 gibi \u00f6n\u00fcm\u00fcze seriliyor.Ko\u015fulsuz sevginin, \u015fefkatin, beklentisiz dostlu\u011fun \u00f6yk\u00fcs\u00fc olan G\u00f6lge, belleklerinize derin bir an\u0131 kadar i\u015fleyecek.\u201cI\u015f\u0131k ile zar bah\u00e7esi aras\u0131nda bir r\u00fcyaya girdin, daha \u00f6nce hi\u00e7 g\u00f6rmedi\u011fim bir saz \u00e7ald\u0131n, sonra da dedin ki: \u2018Herkesin gizli bir \u015fark\u0131s\u0131 vard\u0131r, \u00f6mr\u00fcnce i\u00e7inde ta\u015f\u0131r, bazen \u00f6yle derine g\u00f6mer ki zamanla kendi de unutur onu. Ta ki ayn\u0131 \u015fark\u0131yla sarho\u015f olan biriyle rastla\u015fana kadar. Biz ayn\u0131 \u015fark\u0131yla kederlenmi\u015f, a\u011flam\u0131\u015f\u0131z bir zaman.\u2019Sana o y\u00fczden inand\u0131m. Biliyorum, ba\u015fka bir zamanda s\u00f6ylenmi\u015f \u2013s\u00f6ylenecek ya da s\u00f6ylenmekte olan\u2013 \u015fark\u0131yla, birbirini tan\u0131madan birlikte dans eden insanlar\u0131z.Y\u00fcz\u00fcn\u00fc g\u00f6remiyorum, g\u00f6zlerim g\u00f6zlerine de\u011fmeden konu\u015fuyorum, bunu hi\u00e7 sevmiyorum ama buraya kadar ula\u015ft\u0131\u011f\u0131na g\u00f6re iyi biri olmal\u0131s\u0131n. Neden seninle hik\u00e2yemi payla\u015fmam gerekti\u011fini bilmiyorum ama istedi\u011fini yapacak, hat\u0131rlayabildi\u011fim her \u015feyi anlataca\u011f\u0131m \u015fimdi. (\u2026) Anlamak i\u00e7in acele etme. Baz\u0131 \u015feyleri anlamadan da severiz ya. \u0130nsanlar\u0131 mesela\u2026 A\u015fk ba\u015fka ne ki?\u201d<\/p>\n","protected":false},"excerpt":{"rendered":"<p>\u0130stanbul\u2019da bir maymun katliam\u0131ndan ka\u00e7may\u0131 ba\u015faran Leylifer ile halat \u00fczerinde b\u00fcy\u00fcm\u00fc\u015f bir ip cambaz\u0131n\u0131n destans\u0131 anlat\u0131s\u0131\u2026\u0130smail G\u00fczelsoy; tarihte ya\u015fanm\u0131\u015f, unutulmaya y\u00fcz tutmu\u015f olay ve olgular\u0131 kurgusal<span class=\"excerpt-hellip\"> [\u2026]<\/span><\/p>\n","protected":false},"featured_media":0,"template":"","meta":{"_monsterinsights_skip_tracking":false,"_monsterinsights_sitenote_active":false,"_monsterinsights_sitenote_note":"","_monsterinsights_sitenote_category":0},"product_brand":[],"product_cat":[12291,12711],"product_tag":[],"class_list":{"0":"post-769560","1":"product","2":"type-product","3":"status-publish","5":"product_cat-edebiyat","6":"product_cat-roman-oyku","7":"pa_cilt-ciltsiz","8":"pa_tur-kitap","9":"pa_yayinevi-ithaki-yayinlari","10":"pa_yazar-ismail-guzelsoy","12":"first","13":"instock","14":"sale","15":"shipping-taxable","16":"purchasable","17":"product-type-simple"},"_links":{"self":[{"href":"https:\/\/roveyayinevi.com.tr\/index.php\/wp-json\/wp\/v2\/product\/769560","targetHints":{"allow":["GET"]}}],"collection":[{"href":"https:\/\/roveyayinevi.com.tr\/index.php\/wp-json\/wp\/v2\/product"}],"about":[{"href":"https:\/\/roveyayinevi.com.tr\/index.php\/wp-json\/wp\/v2\/types\/product"}],"wp:attachment":[{"href":"https:\/\/roveyayinevi.com.tr\/index.php\/wp-json\/wp\/v2\/media?parent=769560"}],"wp:term":[{"taxonomy":"product_brand","embeddable":true,"href":"https:\/\/roveyayinevi.com.tr\/index.php\/wp-json\/wp\/v2\/product_brand?post=769560"},{"taxonomy":"product_cat","embeddable":true,"href":"https:\/\/roveyayinevi.com.tr\/index.php\/wp-json\/wp\/v2\/product_cat?post=769560"},{"taxonomy":"product_tag","embeddable":true,"href":"https:\/\/roveyayinevi.com.tr\/index.php\/wp-json\/wp\/v2\/product_tag?post=769560"}],"curies":[{"name":"wp","href":"https:\/\/api.w.org\/{rel}","templated":true}]}}