{"id":769559,"date":"2025-08-28T13:58:49","date_gmt":"2025-08-28T10:58:49","guid":{"rendered":"https:\/\/roveyayinevi.com.tr\/index.php\/urun\/hatirla-4\/"},"modified":"2026-04-15T03:35:45","modified_gmt":"2026-04-15T00:35:45","slug":"hatirla-4","status":"publish","type":"product","link":"https:\/\/roveyayinevi.com.tr\/index.php\/urun\/hatirla-4\/","title":{"rendered":"Hat\u0131rla"},"content":{"rendered":"<p>\u201cHer unutu\u015f bir saklay\u0131\u015ft\u0131r.\u201dYakla\u015f\u0131k 800 y\u0131l \u00f6nce ak\u0131l durduracak bir teknolojiye \u00f6nc\u00fcl\u00fck eden otomaton ustalar\u0131n\u0131n \u00f6yk\u00fcs\u00fcyle ba\u015flayan yolculuk, 6-7 Eyl\u00fcl Pogromu\u2019na uzan\u0131yor Hat\u0131rla\u2019da. Dinamik olay \u00f6rg\u00fcs\u00fcn\u00fcn gerisinde, sormaya cesaret edemedi\u011fimiz say\u0131s\u0131z soruyla y\u00fczle\u015fece\u011fimiz bir roman bu. Y\u00fczlerce y\u0131ll\u0131k s\u0131rlarla \u00e7evrili karakterlerin nefes kesen hik\u00e2yeleri, bir y\u00f6n\u00fcyle de insan\u0131n d\u00fcnya \u00fczerindeki sanc\u0131l\u0131 yolculu\u011funu f\u0131s\u0131ld\u0131yor bize.Hat\u0131rla, hep ya\u015fayan e\u015fsiz bir anlat\u0131 \u015f\u00f6leni olarak kalacak belleklerinizde.Sokaklarda bir kad\u0131n g\u00f6nl\u00fcnce dans edebilsin diye\u2026\u201c\u015eimdi bir r\u00fcya kadar u\u00e7ucu, bir hayal kadar uzak, hat\u0131rlay\u0131\u015f kadar tehlikeliyiz.\u201d<\/p>\n","protected":false},"excerpt":{"rendered":"<p>\u201cHer unutu\u015f bir saklay\u0131\u015ft\u0131r.\u201dYakla\u015f\u0131k 800 y\u0131l \u00f6nce ak\u0131l durduracak bir teknolojiye \u00f6nc\u00fcl\u00fck eden otomaton ustalar\u0131n\u0131n \u00f6yk\u00fcs\u00fcyle ba\u015flayan yolculuk, 6-7 Eyl\u00fcl Pogromu\u2019na uzan\u0131yor Hat\u0131rla\u2019da. Dinamik olay \u00f6rg\u00fcs\u00fcn\u00fcn<span class=\"excerpt-hellip\"> [\u2026]<\/span><\/p>\n","protected":false},"featured_media":0,"template":"","meta":{"_monsterinsights_skip_tracking":false,"_monsterinsights_sitenote_active":false,"_monsterinsights_sitenote_note":"","_monsterinsights_sitenote_category":0},"product_brand":[],"product_cat":[12291,12711],"product_tag":[],"class_list":{"0":"post-769559","1":"product","2":"type-product","3":"status-publish","5":"product_cat-edebiyat","6":"product_cat-roman-oyku","7":"pa_cilt-ciltsiz","8":"pa_tur-kitap","9":"pa_yayinevi-ithaki-yayinlari","10":"pa_yazar-ismail-guzelsoy","12":"first","13":"instock","14":"sale","15":"shipping-taxable","16":"purchasable","17":"product-type-simple"},"_links":{"self":[{"href":"https:\/\/roveyayinevi.com.tr\/index.php\/wp-json\/wp\/v2\/product\/769559","targetHints":{"allow":["GET"]}}],"collection":[{"href":"https:\/\/roveyayinevi.com.tr\/index.php\/wp-json\/wp\/v2\/product"}],"about":[{"href":"https:\/\/roveyayinevi.com.tr\/index.php\/wp-json\/wp\/v2\/types\/product"}],"wp:attachment":[{"href":"https:\/\/roveyayinevi.com.tr\/index.php\/wp-json\/wp\/v2\/media?parent=769559"}],"wp:term":[{"taxonomy":"product_brand","embeddable":true,"href":"https:\/\/roveyayinevi.com.tr\/index.php\/wp-json\/wp\/v2\/product_brand?post=769559"},{"taxonomy":"product_cat","embeddable":true,"href":"https:\/\/roveyayinevi.com.tr\/index.php\/wp-json\/wp\/v2\/product_cat?post=769559"},{"taxonomy":"product_tag","embeddable":true,"href":"https:\/\/roveyayinevi.com.tr\/index.php\/wp-json\/wp\/v2\/product_tag?post=769559"}],"curies":[{"name":"wp","href":"https:\/\/api.w.org\/{rel}","templated":true}]}}