{"id":769558,"date":"2025-08-28T13:58:47","date_gmt":"2025-08-28T10:58:47","guid":{"rendered":"https:\/\/roveyayinevi.com.tr\/index.php\/urun\/medeya-ve-cocuklari\/"},"modified":"2026-04-15T03:35:45","modified_gmt":"2026-04-15T00:35:45","slug":"medeya-ve-cocuklari","status":"publish","type":"product","link":"https:\/\/roveyayinevi.com.tr\/index.php\/urun\/medeya-ve-cocuklari\/","title":{"rendered":"Medeya ve \u00c7ocuklar\u0131"},"content":{"rendered":"<p>Modern Rus edebiyat\u0131n\u0131n en \u00e7ok okunan \u00f6du\u0308llu\u0308 yazarlar\u0131ndan Lyudmila Ulitskaya, eserlerinde \u00e7o\u011funlukla dini ve etnik ho\u015fg\u00f6ru\u0308ye, Sovyet ku\u0308ltu\u0308ru\u0308ndeki ayd\u0131nlar\u0131n sorunlar\u0131na, kad\u0131nlar\u0131n toplumdaki yeni cinsiyet rollerini nas\u0131l \u015fekillendirdi\u011fine ve gu\u0308ndelik hayata de\u011finiyor. Rus Booker\u2019\u0131na aday olan ve \u0130talya\u2019da verilen Penne-Mosco \u00d6du\u0308lu\u0308\u2019nu\u0308 kazanan ikinci roman\u0131 Medeya ve \u00c7ocuklar\u0131\u2019nda, K\u0131r\u0131m\u2019daki \u00e7ok renkli ve hareketli ya\u015fam\u0131, arka planda hissedilen tarihi kavgalar bir yana, tu\u0308m insani zaaflar\u0131 ve mucizeleriyle Sinopli ailesi ve ailenin oda\u011f\u0131 Medeya u\u0308zerinden anlat\u0131yor.Medeya Sinopli Mendes, K\u0131r\u0131m sahillerindeki evinde her yaz misafir etti\u011fi geni\u015f ailesinden akrabalar\u0131n\u0131n kaderine mu\u0308\u015ffik karakteriyle dokunan, hayat\u0131n sa\u011flam direklerinden Do\u011fu Karadenizli bir kad\u0131nd\u0131r. Tarihin \u00e7alkant\u0131lar\u0131yla oradan oraya savrulan farkl\u0131 milletlerden, dinlerden ve g\u00f6ru\u0308\u015flerden insanlar\u0131n, ete\u011finin dibinde solukland\u0131\u011f\u0131, sakinle\u015fti\u011fi ve \u00e2deta mucize kabilinden iyile\u015fti\u011fi bu kad\u0131n\u0131n i\u00e7 du\u0308nyas\u0131 kaybettiklerinin tatl\u0131 an\u0131lar\u0131yla doludur. Kendi \u00e7ocu\u011fu olmasa da ziyaretine gelenlerin heyecanlar\u0131, tutkular\u0131 ve kaderleri hayat\u0131n ne\u015fesini ve hu\u0308znu\u0308nu\u0308 sa\u011flamaktad\u0131r.Virginia Woolf\u2019un Deniz Feneri ya da Mrs. Dalloway gibi yap\u0131tlar\u0131n\u0131 and\u0131ran Medeya ve \u00c7ocuklar\u0131\u2019ndaki tutkular, ay\u0131plar ve aptall\u0131klar, her \u015feye ra\u011fmen bir yuvan\u0131n verebilece\u011fi s\u0131cak bir hu\u0308zu\u0308nle dolduruyor okuru.\u201cLyudmila Ulitskaya, bir bu\u0308yu\u0308yu\u0308, kaderin etkisindeki bir yerin bu\u0308yu\u0308su\u0308nu\u0308, bir manzaran\u0131n bu\u0308yu\u0308su\u0308nu\u0308, \u00f6zellikle de kahraman\u0131 Medeya Mendes\u2019i \u00e7evreleyen bu\u0308yu\u0308yu\u0308 ve gizemi yakalayabilmek i\u00e7in kapanlar kuruyor.\u201d \u2013CHRISTA WOLF\u201cMedeya ve \u00c7ocuklar\u0131, bir okurun modern bir Rus roman\u0131ndan bekleyebilece\u011fi her \u015feyi sunuyor.\u201d \u2013 LOS ANGELES TIMES BOOK REVIEW<\/p>\n","protected":false},"excerpt":{"rendered":"<p>Modern Rus edebiyat\u0131n\u0131n en \u00e7ok okunan \u00f6du\u0308llu\u0308 yazarlar\u0131ndan Lyudmila Ulitskaya, eserlerinde \u00e7o\u011funlukla dini ve etnik ho\u015fg\u00f6ru\u0308ye, Sovyet ku\u0308ltu\u0308ru\u0308ndeki ayd\u0131nlar\u0131n sorunlar\u0131na, kad\u0131nlar\u0131n toplumdaki yeni cinsiyet rollerini nas\u0131l<span class=\"excerpt-hellip\"> [\u2026]<\/span><\/p>\n","protected":false},"featured_media":0,"template":"","meta":{"_monsterinsights_skip_tracking":false,"_monsterinsights_sitenote_active":false,"_monsterinsights_sitenote_note":"","_monsterinsights_sitenote_category":0},"product_brand":[],"product_cat":[12291,12711],"product_tag":[],"class_list":{"0":"post-769558","1":"product","2":"type-product","3":"status-publish","5":"product_cat-edebiyat","6":"product_cat-roman-oyku","7":"pa_cilt-ciltsiz","8":"pa_tur-kitap","9":"pa_yayinevi-ithaki-yayinlari","10":"pa_yazar-lyudmila-ulitskaya","12":"first","13":"instock","14":"sale","15":"shipping-taxable","16":"purchasable","17":"product-type-simple"},"_links":{"self":[{"href":"https:\/\/roveyayinevi.com.tr\/index.php\/wp-json\/wp\/v2\/product\/769558","targetHints":{"allow":["GET"]}}],"collection":[{"href":"https:\/\/roveyayinevi.com.tr\/index.php\/wp-json\/wp\/v2\/product"}],"about":[{"href":"https:\/\/roveyayinevi.com.tr\/index.php\/wp-json\/wp\/v2\/types\/product"}],"wp:attachment":[{"href":"https:\/\/roveyayinevi.com.tr\/index.php\/wp-json\/wp\/v2\/media?parent=769558"}],"wp:term":[{"taxonomy":"product_brand","embeddable":true,"href":"https:\/\/roveyayinevi.com.tr\/index.php\/wp-json\/wp\/v2\/product_brand?post=769558"},{"taxonomy":"product_cat","embeddable":true,"href":"https:\/\/roveyayinevi.com.tr\/index.php\/wp-json\/wp\/v2\/product_cat?post=769558"},{"taxonomy":"product_tag","embeddable":true,"href":"https:\/\/roveyayinevi.com.tr\/index.php\/wp-json\/wp\/v2\/product_tag?post=769558"}],"curies":[{"name":"wp","href":"https:\/\/api.w.org\/{rel}","templated":true}]}}