{"id":769555,"date":"2025-08-28T13:58:40","date_gmt":"2025-08-28T10:58:40","guid":{"rendered":"https:\/\/roveyayinevi.com.tr\/index.php\/urun\/yasayan-klasigimiz-mustafa-kutlu\/"},"modified":"2026-04-15T03:35:45","modified_gmt":"2026-04-15T00:35:45","slug":"yasayan-klasigimiz-mustafa-kutlu","status":"publish","type":"product","link":"https:\/\/roveyayinevi.com.tr\/index.php\/urun\/yasayan-klasigimiz-mustafa-kutlu\/","title":{"rendered":"Ya\u015fayan Klasi\u011fimiz Mustafa Kutlu"},"content":{"rendered":"<p>Mustafa Kutlu. T\u00fcrk edebiyat\u0131n\u0131n en \u00f6nemli isimlerinden biri. T\u00fcrk hik\u00e2yesinin ya\u015fayan klasi\u011fi. Sadece hik\u00e2yecili\u011fiyle de\u011fil, fikir adam\u0131 ve yay\u0131nc\u0131 kimli\u011fiyle, resim ve sinemaya olan ilgisiyle de k\u00fclt\u00fcr d\u00fcnyam\u0131z\u0131n pek \u00e7ok alan\u0131nda varl\u0131k g\u00f6steren \u00e7ok y\u00f6nl\u00fc bir sanat\u00e7\u0131.  Safiye H\u0131zl\u0131 \u00d6nal, bu \u00e7ok y\u00f6nl\u00fc k\u00fclt\u00fcr adam\u0131n\u0131n, \u201cYa\u015fayan Klasi\u011fimiz Mustafa Kutlu\u201dnun sanat ve edebiyat hayat\u0131m\u0131zdaki yerini inceliyor. B\u00fcy\u00fck yazar\u0131n hayat\u0131n\u0131, \u00e7ocukluk ve gen\u00e7lik d\u00f6nemlerini, Hareket ve Derg\u00e2h y\u0131llar\u0131n\u0131, eserlerini, sanata, edebiyata, \u015fiire, m\u00fczi\u011fe, resme, mimariye, ticarete ve siyasete dair g\u00f6r\u00fc\u015flerini tek tek ele al\u0131yor. \u00c7al\u0131\u015fman\u0131n sonunda Mustafa Kutlu ile yapt\u0131\u011f\u0131 uzun bir s\u00f6yle\u015fiye ve \u0130smail Kara\u2019dan Ezel Erverdi\u2019ye, Abdullah U\u00e7man\u2019dan Ali Ay\u00e7il\u2019e, Turan Karata\u015f\u2019tan Cihan Akta\u015f\u2019a, Ahmet Tabako\u011flu&#8217;na de\u011fin pek \u00e7ok ismin Kutlu ile ilgili hat\u0131ralar\u0131na, d\u00fc\u015f\u00fcncelerine de yer veren kitap, \u201cYa\u015fayan Klasi\u011fimiz Mustafa Kutlu\u201dya dair bir \u201cuzun hik\u00e2ye\u201d ortaya koyuyor.<\/p>\n","protected":false},"excerpt":{"rendered":"<p>Mustafa Kutlu. T\u00fcrk edebiyat\u0131n\u0131n en \u00f6nemli isimlerinden biri. T\u00fcrk hik\u00e2yesinin ya\u015fayan klasi\u011fi. Sadece hik\u00e2yecili\u011fiyle de\u011fil, fikir adam\u0131 ve yay\u0131nc\u0131 kimli\u011fiyle, resim ve sinemaya olan ilgisiyle de<span class=\"excerpt-hellip\"> [\u2026]<\/span><\/p>\n","protected":false},"featured_media":0,"template":"","meta":{"_monsterinsights_skip_tracking":false,"_monsterinsights_sitenote_active":false,"_monsterinsights_sitenote_note":"","_monsterinsights_sitenote_category":0},"product_brand":[],"product_cat":[14009,12291],"product_tag":[],"class_list":{"0":"post-769555","1":"product","2":"type-product","3":"status-publish","5":"product_cat-biyografi-otobiyografi-edebiyat","6":"product_cat-edebiyat","7":"pa_cilt-ciltsiz","8":"pa_tur-kitap","9":"pa_yayinevi-timas-yayinlari","10":"pa_yazar-safiye-onal","12":"first","13":"instock","14":"sale","15":"shipping-taxable","16":"purchasable","17":"product-type-simple"},"_links":{"self":[{"href":"https:\/\/roveyayinevi.com.tr\/index.php\/wp-json\/wp\/v2\/product\/769555","targetHints":{"allow":["GET"]}}],"collection":[{"href":"https:\/\/roveyayinevi.com.tr\/index.php\/wp-json\/wp\/v2\/product"}],"about":[{"href":"https:\/\/roveyayinevi.com.tr\/index.php\/wp-json\/wp\/v2\/types\/product"}],"wp:attachment":[{"href":"https:\/\/roveyayinevi.com.tr\/index.php\/wp-json\/wp\/v2\/media?parent=769555"}],"wp:term":[{"taxonomy":"product_brand","embeddable":true,"href":"https:\/\/roveyayinevi.com.tr\/index.php\/wp-json\/wp\/v2\/product_brand?post=769555"},{"taxonomy":"product_cat","embeddable":true,"href":"https:\/\/roveyayinevi.com.tr\/index.php\/wp-json\/wp\/v2\/product_cat?post=769555"},{"taxonomy":"product_tag","embeddable":true,"href":"https:\/\/roveyayinevi.com.tr\/index.php\/wp-json\/wp\/v2\/product_tag?post=769555"}],"curies":[{"name":"wp","href":"https:\/\/api.w.org\/{rel}","templated":true}]}}