{"id":769554,"date":"2025-08-28T13:58:39","date_gmt":"2025-08-28T10:58:39","guid":{"rendered":"https:\/\/roveyayinevi.com.tr\/index.php\/urun\/allah-sevdigine-dert-verir\/"},"modified":"2026-04-15T03:35:45","modified_gmt":"2026-04-15T00:35:45","slug":"allah-sevdigine-dert-verir","status":"publish","type":"product","link":"https:\/\/roveyayinevi.com.tr\/index.php\/urun\/allah-sevdigine-dert-verir\/","title":{"rendered":"Allah Sevdi\u011fine Dert Verir"},"content":{"rendered":"<p>\u201cBu bela ve musibetler neden benim ba\u015f\u0131ma geldi?\u201d diyerek \u015fik\u00e2yet etme. Zorlu\u011fun sonuna bak. Ate\u015f \u0130br\u00e2him\u2019e bah\u00e7e oldu. Kuyu Yusuf\u2019a saray oldu. Hastal\u0131k Eyy\u00fcb\u2019e \u015fifa oldu. Bal\u0131k Yunus\u2019a binek oldu. Bilemezsin ki senin ba\u015f\u0131ndaki imtihanlar da sonsuz ahiretinin kurtulmas\u0131na vesile olacakt\u0131r.<\/p>\n","protected":false},"excerpt":{"rendered":"<p>\u201cBu bela ve musibetler neden benim ba\u015f\u0131ma geldi?\u201d diyerek \u015fik\u00e2yet etme. Zorlu\u011fun sonuna bak. Ate\u015f \u0130br\u00e2him\u2019e bah\u00e7e oldu. Kuyu Yusuf\u2019a saray oldu. Hastal\u0131k Eyy\u00fcb\u2019e \u015fifa oldu.<span class=\"excerpt-hellip\"> [\u2026]<\/span><\/p>\n","protected":false},"featured_media":0,"template":"","meta":{"_monsterinsights_skip_tracking":false,"_monsterinsights_sitenote_active":false,"_monsterinsights_sitenote_note":"","_monsterinsights_sitenote_category":0},"product_brand":[],"product_cat":[12718,12719],"product_tag":[],"class_list":{"0":"post-769554","1":"product","2":"type-product","3":"status-publish","5":"product_cat-din","6":"product_cat-islam","7":"pa_cilt-ciltsiz","8":"pa_tur-kitap","9":"pa_yayinevi-timas-yayinlari","10":"pa_yazar-mehmet-yildiz","12":"first","13":"instock","14":"sale","15":"shipping-taxable","16":"purchasable","17":"product-type-simple"},"_links":{"self":[{"href":"https:\/\/roveyayinevi.com.tr\/index.php\/wp-json\/wp\/v2\/product\/769554","targetHints":{"allow":["GET"]}}],"collection":[{"href":"https:\/\/roveyayinevi.com.tr\/index.php\/wp-json\/wp\/v2\/product"}],"about":[{"href":"https:\/\/roveyayinevi.com.tr\/index.php\/wp-json\/wp\/v2\/types\/product"}],"wp:attachment":[{"href":"https:\/\/roveyayinevi.com.tr\/index.php\/wp-json\/wp\/v2\/media?parent=769554"}],"wp:term":[{"taxonomy":"product_brand","embeddable":true,"href":"https:\/\/roveyayinevi.com.tr\/index.php\/wp-json\/wp\/v2\/product_brand?post=769554"},{"taxonomy":"product_cat","embeddable":true,"href":"https:\/\/roveyayinevi.com.tr\/index.php\/wp-json\/wp\/v2\/product_cat?post=769554"},{"taxonomy":"product_tag","embeddable":true,"href":"https:\/\/roveyayinevi.com.tr\/index.php\/wp-json\/wp\/v2\/product_tag?post=769554"}],"curies":[{"name":"wp","href":"https:\/\/api.w.org\/{rel}","templated":true}]}}