{"id":769552,"date":"2025-08-28T13:58:36","date_gmt":"2025-08-28T10:58:36","guid":{"rendered":"https:\/\/roveyayinevi.com.tr\/index.php\/urun\/stoacinin-el-kitabi\/"},"modified":"2026-04-15T03:35:45","modified_gmt":"2026-04-15T00:35:45","slug":"stoacinin-el-kitabi","status":"publish","type":"product","link":"https:\/\/roveyayinevi.com.tr\/index.php\/urun\/stoacinin-el-kitabi\/","title":{"rendered":"Stoac\u0131n\u0131n El Kitab\u0131"},"content":{"rendered":"<p>Stoac\u0131n\u0131n El Kitab\u0131 ile huzurlu ve dengeli ya\u015fam\u0131n kap\u0131lar\u0131n\u0131 aralay\u0131n! Stoac\u0131l\u0131k: Hayat\u0131n zorlu\u011funa ve de\u011fi\u015fkenli\u011fine kar\u015f\u0131 sakin, g\u00fc\u00e7l\u00fc ve dengeli bir tutum geli\u015ftirmeyi ama\u00e7layan antik felsefe. Peki bu kadim bilgeli\u011fi modern a\u00e7mazlarda s\u00fcr\u00fcklendi\u011fimiz ya\u015famlar\u0131m\u0131za nas\u0131l uygulayabiliriz? \u0130\u015fte bu noktada, Antik Stoac\u0131lar\u0131n bilgelik dolu \u00f6\u011fretilerini g\u00fcn\u00fcm\u00fcze uyarlayan Stoac\u0131n\u0131n El Kitab\u0131 daha sakin, mutlu ve dengeli bir hayat\u0131n anahtar\u0131n\u0131 sunuyor. Marcus Aurelius, Epiktetos ve Seneca gibi b\u00fcy\u00fck d\u00fc\u015f\u00fcn\u00fcrlerin ilham verici fikirleriyle hayat\u0131n\u0131zdaki kontrol edilebilir ve edilemez unsurlar\u0131 ay\u0131rt etmeyi, erdemlerle dolu bir ya\u015fam s\u00fcrmeyi \u00f6\u011frenebilir; Stoac\u0131l\u0131\u011f\u0131n basit ama derin uygulamalar\u0131yla daha anlaml\u0131 al\u0131\u015fkanl\u0131klar geli\u015ftirebilir ve i\u00e7 huzura ula\u015fabilirsiniz. Ak\u0131c\u0131 dili, teoriden uzak keyifli anlat\u0131m\u0131 ve g\u00fcndelik hayat\u0131n\u0131za y\u00f6n vermenizi sa\u011flayacak pratik al\u0131\u015ft\u0131rmalar\u0131yla Stoac\u0131n\u0131n El Kitab\u0131, daha iyi bir ya\u015fam i\u00e7in daima yan\u0131n\u0131zda olacak.<\/p>\n","protected":false},"excerpt":{"rendered":"<p>Stoac\u0131n\u0131n El Kitab\u0131 ile huzurlu ve dengeli ya\u015fam\u0131n kap\u0131lar\u0131n\u0131 aralay\u0131n! Stoac\u0131l\u0131k: Hayat\u0131n zorlu\u011funa ve de\u011fi\u015fkenli\u011fine kar\u015f\u0131 sakin, g\u00fc\u00e7l\u00fc ve dengeli bir tutum geli\u015ftirmeyi ama\u00e7layan antik felsefe.<span class=\"excerpt-hellip\"> [\u2026]<\/span><\/p>\n","protected":false},"featured_media":0,"template":"","meta":{"_monsterinsights_skip_tracking":false,"_monsterinsights_sitenote_active":false,"_monsterinsights_sitenote_note":"","_monsterinsights_sitenote_category":0},"product_brand":[],"product_cat":[12364,12376],"product_tag":[],"class_list":{"0":"post-769552","1":"product","2":"type-product","3":"status-publish","5":"product_cat-genel-konular","6":"product_cat-kisisel-gelisim","7":"pa_cilt-ciltsiz","8":"pa_tur-kitap","9":"pa_yayinevi-timas-yayinlari","10":"pa_yazar-william-mulligan","12":"first","13":"instock","14":"sale","15":"shipping-taxable","16":"purchasable","17":"product-type-simple"},"_links":{"self":[{"href":"https:\/\/roveyayinevi.com.tr\/index.php\/wp-json\/wp\/v2\/product\/769552","targetHints":{"allow":["GET"]}}],"collection":[{"href":"https:\/\/roveyayinevi.com.tr\/index.php\/wp-json\/wp\/v2\/product"}],"about":[{"href":"https:\/\/roveyayinevi.com.tr\/index.php\/wp-json\/wp\/v2\/types\/product"}],"wp:attachment":[{"href":"https:\/\/roveyayinevi.com.tr\/index.php\/wp-json\/wp\/v2\/media?parent=769552"}],"wp:term":[{"taxonomy":"product_brand","embeddable":true,"href":"https:\/\/roveyayinevi.com.tr\/index.php\/wp-json\/wp\/v2\/product_brand?post=769552"},{"taxonomy":"product_cat","embeddable":true,"href":"https:\/\/roveyayinevi.com.tr\/index.php\/wp-json\/wp\/v2\/product_cat?post=769552"},{"taxonomy":"product_tag","embeddable":true,"href":"https:\/\/roveyayinevi.com.tr\/index.php\/wp-json\/wp\/v2\/product_tag?post=769552"}],"curies":[{"name":"wp","href":"https:\/\/api.w.org\/{rel}","templated":true}]}}